{"id":18808,"date":"2022-03-01T07:56:27","date_gmt":"2022-03-01T05:56:27","guid":{"rendered":"https:\/\/www.lifjalla.be\/kontakt\/"},"modified":"2024-12-13T01:38:41","modified_gmt":"2024-12-12T23:38:41","slug":"kontakt","status":"publish","type":"page","link":"https:\/\/www.lifjalla.be\/de\/kontakt\/","title":{"rendered":"Kontakt"},"content":{"rendered":"<div class=\"wpb-content-wrapper\"><p>[vc_row full_width=&#8220;stretch_row_content_no_spaces&#8220; equal_height=&#8220;yes&#8220; content_placement=&#8220;middle&#8220; css=&#8220;.vc_custom_1646277204530{margin-bottom: 0px !important;}&#8220;][vc_column disable_custom_paddings_tablet=&#8220;true&#8220; disable_custom_paddings_mobile=&#8220;true&#8220; css=&#8220;.vc_custom_1646289405801{margin-top: 0px !important;margin-bottom: 0px !important;padding-top: 80px !important;padding-right: 80px !important;padding-bottom: 80px !important;padding-left: 80px !important;background-color: #ffffff !important;}&#8220; offset=&#8220;vc_col-lg-6 vc_col-md-6 vc_col-xs-12&#8243;][vc_column_text css=&#8220;&#8220; css_animation=&#8220;slideInUp&#8220;]<\/p>\n<div class=\"styled-subtitle\" style=\"text-align: center;\">\n<p style=\"text-align: left;\"><strong>Willkommen auf der Lifjalla-Website<\/strong> Vielen Dank f\u00fcr deinen Besuch auf unserer Website. Wir freuen uns auf deine Fragen und Anregungen, um unseren Service kontinuierlich zu verbessern. Dein Feedback ist f\u00fcr uns von gro\u00dfer Bedeutung. Z\u00f6gere daher nicht, uns \u00fcber das Kontaktformular zu kontaktieren. Wir werden uns zeitnah bei dir melden.<\/p>\n<\/div>\n<p>[\/vc_column_text]<div class=\"clearboth\"><\/div><style>#thegem-divider-69fa81fb1e527 {margin-top: 30px !important;}<\/style><div id=\"thegem-divider-69fa81fb1e527\" class=\"gem-divider  \" style=\"\" ><\/div>[vc_column_text css_animation=&#8220;slideInUp&#8220;]<\/p>\n<div class=\"styled-subtitle\" style=\"text-align: center;\">\n<p style=\"text-align: left;\">M\u00f6chtest du unser reines und gesundes Trinkwasser f\u00fcr den privaten Gebrauch kaufen?<br \/>\nNutze unseren <strong> <a href=\"\/de\/lifjalla-kaufen\/\/\">online store locator<\/a><\/strong> , um den n\u00e4chstgelegenen Lifjalla-H\u00e4ndler zu finden, oder besuche direkt <a href=\"https:\/\/lifjallashop.be\" target=\"_blank\" rel=\"noopener\"><strong>unseren offiziellen Lifjalla-Webshop<\/strong><\/a>.<\/p>\n<\/div>\n<p>[\/vc_column_text]<div class=\"clearboth\"><\/div><style>#thegem-divider-69fa81fb1e5ca {margin-top: 15px !important;}<\/style><div id=\"thegem-divider-69fa81fb1e5ca\" class=\"gem-divider  \" style=\"\" ><\/div>[vc_column_text css=&#8220;&#8220; css_animation=&#8220;slideInUp&#8220;]<\/p>\n<div class=\"styled-subtitle\">\n<p style=\"text-align: left;\">Planst du gr\u00f6\u00dfere Mengen Lifjalla-Wasser f\u00fcr dein Unternehmen oder Gesch\u00e4ft zu bestellen?<br \/>\nGerne unterbreiten wir dir ein individuelles Angebot.<\/p>\n<\/div>\n<p>[\/vc_column_text][\/vc_column][vc_column disable_custom_paddings_tablet=&#8220;true&#8220; disable_custom_paddings_mobile=&#8220;true&#8220; css=&#8220;.vc_custom_1646277185724{margin-top: 0px !important;margin-bottom: 0px !important;padding-top: 80px !important;padding-right: 80px !important;padding-bottom: 80px !important;padding-left: 80px !important;background-color: #edf8fe !important;background-position: center !important;background-repeat: no-repeat !important;background-size: cover !important;}&#8220; offset=&#8220;vc_col-lg-6 vc_col-md-6 vc_col-xs-12&#8243;][vc_column_text css_animation=&#8220;bottom-to-top&#8220;]<\/p>\n<h2><span style=\"color: #393d50;\">Kontaktiere uns<\/span><\/h2>\n<p>[\/vc_column_text]<div class=\"clearboth\"><\/div><style>#thegem-divider-69fa81fb1e616 {margin-top: 50px !important;}<\/style><div id=\"thegem-divider-69fa81fb1e616\" class=\"gem-divider  \" style=\"\" ><\/div>\n<div class=\"wpcf7 no-js\" id=\"wpcf7-f186-o1\" lang=\"nl-NL\" dir=\"ltr\" data-wpcf7-id=\"186\">\n<div class=\"screen-reader-response\"><p role=\"status\" aria-live=\"polite\" aria-atomic=\"true\"><\/p> <ul><\/ul><\/div>\n<form action=\"\/de\/wp-json\/wp\/v2\/pages\/18808#wpcf7-f186-o1\" method=\"post\" class=\"wpcf7-form init gem-contact-form-white\" aria-label=\"Contactformulier\" novalidate=\"novalidate\" data-status=\"init\">\n<fieldset class=\"hidden-fields-container\"><legend class=\"screen-reader-text\">Hidden fields<\/legend><input type=\"hidden\" name=\"_wpcf7\" value=\"186\" \/><input type=\"hidden\" name=\"_wpcf7_version\" value=\"6.1.5\" \/><input type=\"hidden\" name=\"_wpcf7_locale\" value=\"nl_NL\" \/><input type=\"hidden\" name=\"_wpcf7_unit_tag\" value=\"wpcf7-f186-o1\" \/><input type=\"hidden\" name=\"_wpcf7_container_post\" value=\"0\" \/><input type=\"hidden\" name=\"_wpcf7_posted_data_hash\" value=\"\" \/><input type=\"hidden\" name=\"_wpcf7_recaptcha_response\" value=\"\" \/>\n<\/fieldset>\n<div class=\"contact-form row\">\n\t<div class=\"col-lg-12 col-md-12 col-xs-12\" style=\"margin-bottom:25px;\">\n\t\t<div class=\"form-line gem-form-icon-name\">\n\t\t\t<span class=\"wpcf7-form-control-wrap\" data-name=\"your-name\"><input size=\"40\" maxlength=\"400\" class=\"wpcf7-form-control wpcf7-text wpcf7-validates-as-required\" aria-required=\"true\" aria-invalid=\"false\" placeholder=\"Naam*\" value=\"\" type=\"text\" name=\"your-name\" \/><\/span>\n\t\t<\/div>\n\t<\/div>\n\t<div class=\"col-lg-12 col-md-12 col-xs-12\" style=\"margin-bottom:25px;\">\n\t\t<div class=\"form-line gem-form-icon-email\">\n\t\t\t<span class=\"wpcf7-form-control-wrap\" data-name=\"your-email\"><input size=\"40\" maxlength=\"400\" class=\"wpcf7-form-control wpcf7-email wpcf7-validates-as-required wpcf7-text wpcf7-validates-as-email\" aria-required=\"true\" aria-invalid=\"false\" placeholder=\"E-mail*\" value=\"\" type=\"email\" name=\"your-email\" \/><\/span>\n\t\t<\/div>\n\t<\/div>\n\t<div class=\"col-lg-12 col-md-12 col-xs-12\" style=\"margin-bottom:25px;\">\n\t\t<div class=\"form-line\"><span class=\"wpcf7-form-control-wrap\" data-name=\"your-message\"><textarea cols=\"40\" rows=\"5\" maxlength=\"2000\" class=\"wpcf7-form-control wpcf7-textarea wpcf7-validates-as-required\" aria-required=\"true\" aria-invalid=\"false\" placeholder=\"Bericht\" name=\"your-message\"><\/textarea><\/span><\/div>\n\t<\/div>\n\t<div class=\"col-lg-12 col-md-12 col-xs-12\">\n\t\t<div class=\"form-line-button\"><div class=\"gem-button-container gem-button-position-fullwidth thegem-button-69fa81fb244127117\"  ><input class=\"gem-button gem-button-size-medium gem-button-style-flat gem-button-text-weight-normal wpcf7-form-control wpcf7-submit has-spinner gem-button-wpcf-custom\" data-ll-effect=\"drop-right-without-wrap\" style=\"border-radius: 6px;\" onmouseleave=\"\" onmouseenter=\"\" id=\"\" tabindex=\"\" type=\"submit\" value=\"Versturen\" \/><\/div> <\/div>\n\t<\/div>\n<\/div><div class=\"wpcf7-response-output\" aria-hidden=\"true\"><\/div>\n<\/form>\n<\/div>\n[\/vc_column][\/vc_row][vc_row full_width=&#8220;stretch_row_content_no_spaces&#8220; equal_height=&#8220;yes&#8220; content_placement=&#8220;middle&#8220; css=&#8220;.vc_custom_1646277204530{margin-bottom: 0px !important;}&#8220;][vc_column disable_custom_paddings_tablet=&#8220;true&#8220; disable_custom_paddings_mobile=&#8220;true&#8220; css=&#8220;.vc_custom_1646289462514{margin-top: 0px !important;margin-bottom: 0px !important;padding-top: 80px !important;padding-right: 80px !important;padding-bottom: 80px !important;padding-left: 80px !important;background-color: #edf8fe !important;}&#8220; offset=&#8220;vc_col-lg-6 vc_col-md-6 vc_col-xs-12&#8243;][vc_column_text css_animation=&#8220;bottom-to-top&#8220;]<\/p>\n<div class=\"title-h2\">Wo finden Sie uns?<\/div>\n<p>[\/vc_column_text]<div class=\"clearboth\"><\/div><style>#thegem-divider-69fa81fb27dab {margin-bottom: 2px !important;}<\/style><div id=\"thegem-divider-69fa81fb27dab\" class=\"gem-divider  \" style=\"\" ><\/div>[vc_column_text css=&#8220;.vc_custom_1646179224104{padding-right: 30px !important;}&#8220;]<\/p>\n<div class=\"styled-subtitle\" style=\"color: #2c2e3d;\">Lifjalla\u00ae hoofdkantoor<br \/>\nVeurnseweg 528<br \/>\n8906 Elverdinge (Belgi\u00eb)<br \/>\nT +32 498 10 17 42<br \/>\n<a href=\"mailto:info@lifjalla.be\">info@lifjalla.be<\/a><\/div>\n<p>[\/vc_column_text]<div class=\"socials socials-list socials-colored socials-default socials-alignment-left\"><a class=\"socials-item\" target=\"_blank\" href=\"https:\/\/www.facebook.com\/Lifjalla\" aria-label=\"facebook\"><i class=\"socials-item-icon facebook\" style=\"font-size: 24px\"><\/i><\/a><a class=\"socials-item\" target=\"_blank\" href=\"https:\/\/www.instagram.com\/lifjalla\/\" aria-label=\"instagram\"><i class=\"socials-item-icon instagram\" style=\"font-size: 24px\"><\/i><\/a><a class=\"socials-item\" target=\"_blank\" href=\"https:\/\/www.youtube.com\/channel\/UCxZb-QxFC8zoVyju8z8ugzQ\" aria-label=\"youtube\"><i class=\"socials-item-icon youtube\" style=\"font-size: 24px\"><\/i><\/a><\/div><div class=\"clearboth\"><\/div><style>#thegem-divider-69fa81fb27eb2 {margin-bottom: 30px !important;}<\/style><div id=\"thegem-divider-69fa81fb27eb2\" class=\"gem-divider  \" style=\"\" ><\/div>[vc_column_text]<\/p>\n<div class=\"small-body\"><span style=\"color: #5f727f;\">Lifjalla is een merknaam van Elementi nv (BE 0841.500.536)<\/span><\/div>\n<p>[\/vc_column_text]<div class=\"clearboth\"><\/div><style>#thegem-divider-69fa81fb27efd {margin-bottom: 30px !important;}<\/style><div id=\"thegem-divider-69fa81fb27efd\" class=\"gem-divider  \" style=\"\" ><\/div>[\/vc_column][vc_column disable_custom_paddings_tablet=&#8220;true&#8220; disable_custom_paddings_mobile=&#8220;true&#8220; css=&#8220;.vc_custom_1646277910854{margin-top: 0px !important;margin-bottom: 0px !important;padding-top: 80px !important;padding-right: 80px !important;padding-bottom: 80px !important;padding-left: 80px !important;background-color: #ffffff !important;background-position: center !important;background-repeat: no-repeat !important;background-size: cover !important;}&#8220; offset=&#8220;vc_col-lg-6 vc_col-md-6 vc_col-xs-12&#8243;][vc_column_text css_animation=&#8220;bottom-to-top&#8220;]<\/p>\n<div class=\"title-h2\" style=\"text-align: left;\">Professionelle Partnerschaften gesucht?<\/div>\n<p>[\/vc_column_text][vc_column_text css_animation=&#8220;fadeIn&#8220;]<\/p>\n<div class=\"styled-subtitle\" style=\"text-align: left;\">Bietest du deinen Kunden nur das Beste und m\u00f6chtest Lifjalla in dein Sortiment aufnehmen? Wir freuen uns auf eine Zusammenarbeit mit dir! Dein Ansprechpartner Filiep wird dir pers\u00f6nlich erl\u00e4utern, wie wir gemeinsam erfolgreich sind \u2013 inklusive attraktiver Mengenrabatte, kostenfreiem Marketingmaterial und einer Listung in unserem Online-Store Locator. Wann d\u00fcrfen wir einen Termin vereinbaren, um dich in deinem Getr\u00e4nkefachhandel, Wassershop, Bioladen, Hotel oder Restaurant zu besuchen und dir Lifjalla in einer unverbindlichen Kostprobe vorzustellen?<\/div>\n<p>[\/vc_column_text]<div class=\"clearboth\"><\/div><style>#thegem-divider-69fa81fb27f39 {margin-bottom: 30px !important;}<\/style><div id=\"thegem-divider-69fa81fb27f39\" class=\"gem-divider  \" style=\"\" ><\/div>[vc_column_text css_animation=&#8220;slideInUp&#8220;]<\/p>\n<div class=\"styled-subtitle\" style=\"text-align: left;\">Filiep Algoet | NL\/FR\/EN | M +32 471 81 30 57 | <a href=\"mailto:info@lifjalla.be\">info@lifjalla.be<\/a><\/div>\n<p>[\/vc_column_text][\/vc_column][\/vc_row][vc_row full_width=&#8220;stretch_row&#8220; equal_height=&#8220;yes&#8220; content_placement=&#8220;middle&#8220; css=&#8220;.vc_custom_1646317646024{margin-bottom: 0px !important;padding-top: 40px !important;padding-bottom: 60px !important;background-color: #00bcd4 !important;}&#8220;][vc_column offset=&#8220;vc_col-lg-6 vc_col-md-6 vc_col-xs-12&#8243;]<div class=\"clearboth\"><\/div><style>#thegem-divider-69fa81fb27f8c {margin-top: -13px !important;}<\/style><div id=\"thegem-divider-69fa81fb27f8c\" class=\"gem-divider  \" style=\"\" ><\/div><style type=\"text\/css\">.thegem-button-69fa81fb28103709.lazy-loading-before-start-animation .lazy-loading-item {opacity: 0;} body.thegem-effects-disabled .thegem-button-69fa81fb28103709.lazy-loading-before-start-animation .lazy-loading-item {opacity: 1;}<\/style><style type=\"text\/css\">.thegem-button-69fa81fb28103709 .gem-button svg {fill: #ffffff;}.thegem-button-69fa81fb28103709 .gem-button:hover svg {fill: #3c3a50;}<\/style><div class=\"gem-button-container gem-button-position-center thegem-button-69fa81fb28103709     lazy-loading lazy-loading-before-start-animation\"  ><a class=\"gem-button gem-button-size-medium gem-button-style-flat gem-button-text-weight-normal gem-button-icon-position-left lazy-loading-item\" data-ll-effect=\"drop-right-without-wrap\" style=\"border-radius: 5px;background-color: #3c3a50;color: #ffffff;\" onmouseleave=\"this.style.backgroundColor='#3c3a50';this.style.color='#ffffff';\" onmouseenter=\"this.style.backgroundColor='#ffffff';this.style.color='#3c3a50';\" href=\"\/de\/lifjalla-kaufen\/\" target=\"_self\"><i class=\"gem-print-icon gem-icon-pack-elegant \">&#xe081;<\/i>Lifjalla-Shops in Ihrer N\u00e4he<\/a><\/div> [\/vc_column][vc_column offset=&#8220;vc_col-lg-6 vc_col-md-6 vc_col-xs-12&#8243; css=&#8220;.vc_custom_1646318131457{padding-right: 0px !important;padding-left: 0px !important;}&#8220;]<div class=\"clearboth\"><\/div><style>#thegem-divider-69fa81fb28193 {margin-top: -13px !important;}<\/style><div id=\"thegem-divider-69fa81fb28193\" class=\"gem-divider  \" style=\"\" ><\/div><style type=\"text\/css\">.thegem-button-69fa81fb282746035.lazy-loading-before-start-animation .lazy-loading-item {opacity: 0;} body.thegem-effects-disabled .thegem-button-69fa81fb282746035.lazy-loading-before-start-animation .lazy-loading-item {opacity: 1;}<\/style><style type=\"text\/css\">.thegem-button-69fa81fb282746035 .gem-button svg {fill: #ffffff;}.thegem-button-69fa81fb282746035 .gem-button:hover svg {fill: #3c3a50;}<\/style><div class=\"gem-button-container gem-button-position-center thegem-button-69fa81fb282746035     lazy-loading lazy-loading-before-start-animation\"  ><a title=\"Lifjalla webshop\" class=\"gem-button gem-button-size-medium gem-button-style-flat gem-button-text-weight-normal gem-button-icon-position-left lazy-loading-item\" data-ll-effect=\"drop-right-without-wrap\" style=\"border-radius: 5px;background-color: #3c3a50;color: #ffffff;\" onmouseleave=\"this.style.backgroundColor='#3c3a50';this.style.color='#ffffff';\" onmouseenter=\"this.style.backgroundColor='#ffffff';this.style.color='#3c3a50';\" href=\"https:\/\/lifjallashop.be\" target=\"_blank\"><i class=\"gem-print-icon gem-icon-pack-material \">&#xf1e6;<\/i>Lifjalla webshop<\/a><\/div> [\/vc_column][\/vc_row]<\/p>\n<\/div>","protected":false},"excerpt":{"rendered":"<p>[vc_row full_width=&#8220;stretch_row_content_no_spaces&#8220; equal_height=&#8220;yes&#8220; content_placement=&#8220;middle&#8220; css=&#8220;.vc_custom_1646277204530{margin-bottom: 0px !important;}&#8220;][vc_column disable_custom_paddings_tablet=&#8220;true&#8220; disable_custom_paddings_mobile=&#8220;true&#8220; css=&#8220;.vc_custom_1646289405801{margin-top: 0px !important;margin-bottom: 0px !important;padding-top: 80px !important;padding-right: 80px !important;padding-bottom: 80px !important;padding-left:&#8230;<\/p>\n","protected":false},"author":15,"featured_media":0,"parent":0,"menu_order":0,"comment_status":"closed","ping_status":"closed","template":"","meta":{"footnotes":""},"class_list":["post-18808","page","type-page","status-publish"],"_links":{"self":[{"href":"https:\/\/www.lifjalla.be\/de\/wp-json\/wp\/v2\/pages\/18808","targetHints":{"allow":["GET"]}}],"collection":[{"href":"https:\/\/www.lifjalla.be\/de\/wp-json\/wp\/v2\/pages"}],"about":[{"href":"https:\/\/www.lifjalla.be\/de\/wp-json\/wp\/v2\/types\/page"}],"author":[{"embeddable":true,"href":"https:\/\/www.lifjalla.be\/de\/wp-json\/wp\/v2\/users\/15"}],"replies":[{"embeddable":true,"href":"https:\/\/www.lifjalla.be\/de\/wp-json\/wp\/v2\/comments?post=18808"}],"version-history":[{"count":5,"href":"https:\/\/www.lifjalla.be\/de\/wp-json\/wp\/v2\/pages\/18808\/revisions"}],"predecessor-version":[{"id":18874,"href":"https:\/\/www.lifjalla.be\/de\/wp-json\/wp\/v2\/pages\/18808\/revisions\/18874"}],"wp:attachment":[{"href":"https:\/\/www.lifjalla.be\/de\/wp-json\/wp\/v2\/media?parent=18808"}],"curies":[{"name":"wp","href":"https:\/\/api.w.org\/{rel}","templated":true}]}}