{"id":18821,"date":"2022-03-01T13:31:24","date_gmt":"2022-03-01T11:31:24","guid":{"rendered":"https:\/\/www.lifjalla.be\/lifjalla-kaufen\/"},"modified":"2024-12-13T03:12:17","modified_gmt":"2024-12-13T01:12:17","slug":"lifjalla-kaufen","status":"publish","type":"page","link":"https:\/\/www.lifjalla.be\/de\/lifjalla-kaufen\/","title":{"rendered":"Shop"},"content":{"rendered":"<div class=\"wpb-content-wrapper\"><p>[vc_row full_width=&#8220;stretch_row_content_no_spaces&#8220; equal_height=&#8220;yes&#8220; content_placement=&#8220;middle&#8220; css=&#8220;.vc_custom_1646091860559{margin-top: 0px !important;margin-bottom: 0px !important;}&#8220; custom_css_code=&#8220;JTQwbWVkaWElMjAlMjhtYXgtd2lkdGglM0ElMjAxMTk5cHglMjklN0IlMEElMjAlMjAlMjAlMjAud3BiX3JvdyUzRSUyQSUyQyUwQSUyMCUyMCUyMCUyMCU0MGlkLndwYl9yb3clM0UlMkElMkMlMEElMjAlMjAlMjAlMjAud3BiX3JvdyUyQyUwQSUyMCUyMCUyMCUyMCU0MGlkLndwYl9yb3clN0IlMEElMjAlMjAlMjAlMjAlMjAlMjAlMjAlMjBtYXJnaW4tdG9wJTNBJTIwMCUzQiUwQSUyMCUyMCUyMCUyMCU3RCUwQSU3RA==&#8220;][vc_column disable_custom_paddings_tablet=&#8220;true&#8220; disable_custom_paddings_mobile=&#8220;true&#8220; offset=&#8220;vc_col-lg-6 vc_col-md-12&#8243; css=&#8220;.vc_custom_1646290643254{padding-top: 0px !important;padding-right: 100px !important;padding-left: 100px !important;background-color: #ffffff !important;}&#8220; el_id=&#8220;verkooppunten&#8220;]<div class=\"clearboth\"><\/div><style>#thegem-divider-69f6173669015 {margin-top: 90px !important;}<\/style><div id=\"thegem-divider-69f6173669015\" class=\"gem-divider  \" style=\"\" ><\/div>[vc_column_text css_animation=&#8220;bottom-to-top&#8220;]<\/p>\n<div class=\"title-h1\">Offline oder online Lifjalla kaufen?<br \/>\nDu entscheidest.<\/div>\n<p>[\/vc_column_text]<div class=\"clearboth\"><\/div><style>#thegem-divider-69f61736690d6 {margin-top: 90px !important;}<\/style><div id=\"thegem-divider-69f61736690d6\" class=\"gem-divider  \" style=\"\" ><\/div>[vc_column_text]<\/p>\n<div class=\"styled-subtitle\" style=\"max-width: 650px;\">Gute Nachrichten! Mit \u00fcber 200 Verkaufsstellen in<strong> Belgien, den Niederlanden und Luxemburg<\/strong> ist dein bevorzugtes Trinkwasser immer in der N\u00e4he. Du kannst Lifjalla in zahlreichen Getr\u00e4nkehandlungen, Biol\u00e4den und spezialisierten Wasserl\u00e4den in der gesamten Benelux kaufen.<\/div>\n<p>[\/vc_column_text]<div class=\"clearboth\"><\/div><style>#thegem-divider-69f617366912c {margin-top: 90px !important;}<\/style><div id=\"thegem-divider-69f617366912c\" class=\"gem-divider  \" style=\"\" ><\/div>[vc_column_text]<style>\r\n\t#wpsl-stores .wpsl-store-thumb {height:45px !important; width:45px !important;}\r\n\t#wpsl-stores, #wpsl-direction-details, #wpsl-gmap {height:450px !important;}\r\n\t#wpsl-gmap .wpsl-info-window {max-width:225px !important;}\r\n\t.wpsl-input label, #wpsl-radius label, #wpsl-category label {width:100px;}\r\n\t#wpsl-search-input  {width:150px;}\r\n<\/style>\r\n<div id=\"wpsl-wrap\">\r\n\t<div class=\"wpsl-search wpsl-clearfix \">\r\n\t\t<div id=\"wpsl-search-wrap\">\r\n\t\t\t<form autocomplete=\"off\">\r\n\t\t\t<div class=\"wpsl-input\">\r\n\t\t\t\t<div><label for=\"wpsl-search-input\">Dein Standort<\/label><\/div>\r\n\t\t\t\t<input id=\"wpsl-search-input\" type=\"text\" value=\"\" name=\"wpsl-search-input\" placeholder=\"\" aria-required=\"true\" \/>\r\n\t\t\t<\/div>\r\n\t\t\t<div class=\"wpsl-select-wrap\">\r\n\t\t\t\t<div id=\"wpsl-radius\">\r\n\t\t\t\t\t<label for=\"wpsl-radius-dropdown\">Suchradius<\/label>\r\n\t\t\t\t\t<select id=\"wpsl-radius-dropdown\" class=\"wpsl-dropdown\" name=\"wpsl-radius\">\r\n\t\t\t\t\t\t<option value=\"10\">10 km<\/option><option value=\"25\">25 km<\/option><option selected=\"selected\" value=\"50\">50 km<\/option>\r\n\t\t\t\t\t<\/select>\r\n\t\t\t\t<\/div>\r\n\t\t\t\t<div id=\"wpsl-results\">\r\n\t\t\t\t\t<label for=\"wpsl-results-dropdown\">Ergebnisse<\/label>\r\n\t\t\t\t\t<select id=\"wpsl-results-dropdown\" class=\"wpsl-dropdown\" name=\"wpsl-results\">\r\n\t\t\t\t\t\t<option value=\"10\">10<\/option><option value=\"25\">25<\/option><option selected=\"selected\" value=\"50\">50<\/option>\r\n\t\t\t\t\t<\/select>\r\n\t\t\t\t<\/div>\r\n\t\t\t<\/div>\r\n\t\t\t\t<div class=\"wpsl-search-btn-wrap\"><input id=\"wpsl-search-btn\" type=\"submit\" value=\"Suche\"><\/div>\r\n\t\t<\/form>\r\n\t\t<\/div>\r\n\t<\/div>\r\n\t<div id=\"wpsl-gmap\" class=\"wpsl-gmap-canvas\"><\/div>\r\n\t<div id=\"wpsl-result-list\">\r\n\t\t<div id=\"wpsl-stores\" class=\"wpsl-not-loaded\">\r\n\t\t\t<ul><\/ul>\r\n\t\t<\/div>\r\n\t\t<div id=\"wpsl-direction-details\">\r\n\t\t\t<ul><\/ul>\r\n\t\t<\/div>\r\n\t<\/div>\r\n<\/div>\r\n[\/vc_column_text]<div class=\"clearboth\"><\/div><style>#thegem-divider-69f61736695ee {margin-top: 50px !important;}<\/style><div id=\"thegem-divider-69f61736695ee\" class=\"gem-divider  \" style=\"\" ><\/div>[vc_column_text]<\/p>\n<p style=\"text-align: right;\"><a href=\"\/de\/kontakt\/\">Ihr Gesch\u00e4ft bald auch in dieser Liste?<\/a><\/p>\n<p>[\/vc_column_text]<div class=\"clearboth\"><\/div><style>#thegem-divider-69f6173669634 {margin-top: 90px !important;}<\/style><div id=\"thegem-divider-69f6173669634\" class=\"gem-divider  \" style=\"\" ><\/div>[\/vc_column][vc_column offset=&#8220;vc_col-lg-6 vc_col-md-12&#8243; css=&#8220;.vc_custom_1646341609009{margin-bottom: 0px !important;padding-top: 0px !important;}&#8220;][vc_row_inner equal_height=&#8220;yes&#8220; content_placement=&#8220;middle&#8220; css=&#8220;.vc_custom_1646093371832{margin-bottom: 0px !important;}&#8220;][vc_column_inner css=&#8220;.vc_custom_1685029666726{padding-top: 0px !important;background-image: url(https:\/\/www.lifjalla.be\/wp-content\/uploads\/2023\/05\/LIFJA_001-Verpakking-10L_Mockup_1200x1200px.png?id=14216) !important;background-position: center !important;background-repeat: no-repeat !important;background-size: cover !important;}&#8220; offset=&#8220;vc_col-lg-6 vc_col-md-6 vc_col-xs-12&#8243;]<div class=\"clearboth\"><\/div><style>#thegem-divider-69f6173669666 {margin-top: 640px !important;}<\/style><div id=\"thegem-divider-69f6173669666\" class=\"gem-divider  \" style=\"\" ><\/div><style type=\"text\/css\">.thegem-button-69f61736697d1167.lazy-loading-before-start-animation .lazy-loading-item {opacity: 0;} body.thegem-effects-disabled .thegem-button-69f61736697d1167.lazy-loading-before-start-animation .lazy-loading-item {opacity: 1;}<\/style><style type=\"text\/css\">.thegem-button-69f61736697d1167 .gem-button svg {fill: #ffffff;}.thegem-button-69f61736697d1167 .gem-button:hover svg {fill: #ffffff;}<\/style><div class=\"gem-button-container gem-button-position-center thegem-button-69f61736697d1167     lazy-loading lazy-loading-before-start-animation\"  ><a title=\"Lifjallashop.be\/\" class=\"gem-button gem-button-size-large gem-button-style-flat gem-button-text-weight-normal lazy-loading-item\" data-ll-effect=\"drop-right-without-wrap\" style=\"border-radius: 6px;background-color: #00bcd4;color: #ffffff;\" onmouseleave=\"this.style.backgroundColor='#00bcd4';this.style.color='#ffffff';\" onmouseenter=\"this.style.backgroundColor='#333144';this.style.color='#ffffff';\" href=\"https:\/\/lifjallashop.be\/\" target=\"_blank\">Shop Lifjalla 10L box<\/a><\/div> [\/vc_column_inner][vc_column_inner disable_custom_paddings_mobile=&#8220;true&#8220; css=&#8220;.vc_custom_1646341677450{padding-top: 0px !important;background-color: #edf8fe !important;}&#8220; offset=&#8220;vc_col-lg-6 vc_col-md-6 vc_col-xs-12&#8243;]<div class=\"clearboth\"><\/div><style>#thegem-divider-69f617366988f {margin-top: 80px !important;}<\/style><div id=\"thegem-divider-69f617366988f\" class=\"gem-divider  \" style=\"\" ><\/div>[vc_column_text css=&#8220;.vc_custom_1673800180652{padding-right: 2em !important;padding-left: 2em !important;}&#8220; css_animation=&#8220;fadeIn&#8220;]<\/p>\n<div class=\"title-h2\" style=\"text-align: left;\">Bevorzugst du es, online \u00fcber den Lifjalla-Webshop zu bestellen?<\/div>\n<p>Bestelle Lifjalla-Wasser online und lass es dir nach Hause oder ins B\u00fcro liefern. Mit nur wenigen Klicks kannst du Lifjalla bequem \u00fcber den offiziellen Webshop kaufen. Bereits 2 bis 10 Werktage sp\u00e4ter wird deine Bestellung direkt an deine T\u00fcr geliefert. Praktisch, oder?[\/vc_column_text]<div class=\"clearboth\"><\/div><style>#thegem-divider-69f61736698ce {margin-top: 80px !important;}<\/style><div id=\"thegem-divider-69f61736698ce\" class=\"gem-divider  \" style=\"\" ><\/div>[\/vc_column_inner][\/vc_row_inner][vc_row_inner equal_height=&#8220;yes&#8220; content_placement=&#8220;middle&#8220; css=&#8220;.vc_custom_1674558125714{margin-bottom: 0px !important;}&#8220;][vc_column_inner css=&#8220;.vc_custom_1646341715944{padding-top: 0px !important;background-color: #edf8fe !important;}&#8220; offset=&#8220;vc_col-lg-6 vc_col-md-6 vc_col-xs-12&#8243;]<div class=\"clearboth\"><\/div><style>#thegem-divider-69f61736698fb {margin-top: 55px !important;}<\/style><div id=\"thegem-divider-69f61736698fb\" class=\"gem-divider  \" style=\"\" ><\/div>[vc_column_text css=&#8220;.vc_custom_1673801006703{padding-right: 2em !important;padding-left: 2em !important;}&#8220; css_animation=&#8220;fadeIn&#8220;]<\/p>\n<div class=\"title-h2\" style=\"text-align: left;\">N\u00fctzliche Informationen f\u00fcr Bestellungen \u00fcber Lifjallashop.be<\/div>\n<ul>\n<li>Die praktische 10-Liter-Verpackung ist in Einheiten von 10 oder 20 St\u00fcck erh\u00e4ltlich oder als komplette Palette mit 72 St\u00fcck.<\/li>\n<li>Die 5-Liter-Verpackung ist ebenfalls bald verf\u00fcgbar.<\/li>\n<li>Lieferzeitraum 2 bis 10 Werktage in der Benelux (Lieferung in andere europ\u00e4ische L\u00e4nder auf Anfrage).<\/li>\n<li>Bequeme Zahlungsm\u00f6glichkeiten: Bankkarte, Kreditkarte, Ideal, PayPal oder SOFORT-\u00dcberweisung.<\/li>\n<li>Tipp: Auch Zahlungen mit Sodexo- und\/oder Monizze-Mahlzeitschecks sind m\u00f6glich.k<\/li>\n<li>bVertrauensw\u00fcrdiger Webshop mit verschiedenen offiziellen E-Commerce-G\u00fctesiegeln, professionell betrieben von Bastiaan van E-cell aus Kontich.<\/li>\n<li>Sammle Lifjalla-Punkte bei jedem Online-Kauf und genie\u00dfe zus\u00e4tzliche Rabatte.<\/li>\n<\/ul>\n<p>[\/vc_column_text]<div class=\"clearboth\"><\/div><style>#thegem-divider-69f617366992e {margin-top: 80px !important;}<\/style><div id=\"thegem-divider-69f617366992e\" class=\"gem-divider  \" style=\"\" ><\/div>[\/vc_column_inner][vc_column_inner background_position_desktop=&#8220;center center&#8220; css=&#8220;.vc_custom_1685029727060{padding-top: 0px !important;background-image: url(https:\/\/www.lifjalla.be\/wp-content\/uploads\/2023\/05\/LIFJA_001-Verpakking-5L_Mockup_1200x1200px.png?id=14210) !important;background-position: center !important;background-repeat: no-repeat !important;background-size: cover !important;}&#8220; offset=&#8220;vc_col-lg-6 vc_col-md-6 vc_col-xs-12&#8243;]<div class=\"clearboth\"><\/div><style>#thegem-divider-69f6173669958 {margin-top: 640px !important;}<\/style><div id=\"thegem-divider-69f6173669958\" class=\"gem-divider  \" style=\"\" ><\/div><style type=\"text\/css\">.thegem-button-69f6173669a0a8183.lazy-loading-before-start-animation .lazy-loading-item {opacity: 0;} body.thegem-effects-disabled .thegem-button-69f6173669a0a8183.lazy-loading-before-start-animation .lazy-loading-item {opacity: 1;}<\/style><style type=\"text\/css\">.thegem-button-69f6173669a0a8183 .gem-button svg {fill: #ffffff;}.thegem-button-69f6173669a0a8183 .gem-button:hover svg {fill: #ffffff;}<\/style><div class=\"gem-button-container gem-button-position-center thegem-button-69f6173669a0a8183     lazy-loading lazy-loading-before-start-animation\"  ><a title=\"Lifjallashop.be\/\" class=\"gem-button gem-button-size-large gem-button-style-flat gem-button-text-weight-normal lazy-loading-item\" data-ll-effect=\"drop-right-without-wrap\" style=\"border-radius: 6px;background-color: #00bcd4;color: #ffffff;\" onmouseleave=\"this.style.backgroundColor='#00bcd4';this.style.color='#ffffff';\" onmouseenter=\"this.style.backgroundColor='#333144';this.style.color='#ffffff';\" href=\"https:\/\/lifjallashop.be\/\" target=\"_blank\">Shop Lifjalla 5L box<\/a><\/div> [\/vc_column_inner][\/vc_row_inner][\/vc_column][\/vc_row][vc_row full_width=&#8220;stretch_row_content&#8220; equal_height=&#8220;yes&#8220; content_placement=&#8220;middle&#8220; disable_custom_paddings_tablet=&#8220;true&#8220; disable_custom_paddings_mobile=&#8220;true&#8220; css=&#8220;.vc_custom_1646341222721{margin-bottom: 0px !important;}&#8220;][vc_column disable_custom_paddings_tablet=&#8220;true&#8220; disable_custom_paddings_mobile=&#8220;true&#8220; css=&#8220;.vc_custom_1646341452269{margin-top: 0px !important;margin-bottom: 0px !important;padding-top: 0px !important;padding-right: 100px !important;padding-bottom: 0px !important;padding-left: 100px !important;background-color: #edf8fe !important;}&#8220; offset=&#8220;vc_col-lg-6 vc_col-md-6 vc_col-xs-12&#8243;]<div class=\"clearboth\"><\/div><style>#thegem-divider-69f6173669a63 {margin-top: 80px !important;}<\/style><div id=\"thegem-divider-69f6173669a63\" class=\"gem-divider  divider-hidden\" style=\"\" ><\/div>[vc_column_text css=&#8220;.vc_custom_1646243772816{margin-bottom: 60px !important;}&#8220; css_animation=&#8220;bottom-to-top&#8220;]<\/p>\n<div class=\"title-h2\"><span style=\"color: #3c3950;\">M\u00f6chtest du Lifjalla auch in deinem Gesch\u00e4ft verkaufen?<\/span><\/div>\n<p>[\/vc_column_text][vc_column_text css_animation=&#8220;none&#8220;]<\/p>\n<div class=\"styled-subtitle\">\n<p>Bist du Inhaber einer Getr\u00e4nkehandlung, eines Bioladens oder ein Wassersommelier und m\u00f6chtest Lifjalla-Quellwasser in deinem Sortiment f\u00fchren? Oder m\u00f6chtest du deinen Kunden in deinem Hotel oder Restaurant ausschlie\u00dflich Spitzenprodukte wie Lifjalla anbieten? Dann m\u00f6chten wir dich gerne kennenlernen!<\/p>\n<p>Wir kommen gerne zu einem pers\u00f6nlichen Kennenlerngespr\u00e4ch bei dir vorbei, inklusive einer erfrischenden Kostprobe. Wir h\u00f6ren uns deine Ziele an und erl\u00e4utern dir die vielen Vorteile einer professionellen Zusammenarbeit im Detail.<\/p><\/div>\n<p>[\/vc_column_text]<div class=\"clearboth\"><\/div><style>#thegem-divider-69f6173669a94 {margin-top: 50px !important;}<\/style><div id=\"thegem-divider-69f6173669a94\" class=\"gem-divider  \" style=\"\" ><\/div><style type=\"text\/css\">.thegem-button-69f6173669b2692.lazy-loading-before-start-animation .lazy-loading-item {opacity: 0;} body.thegem-effects-disabled .thegem-button-69f6173669b2692.lazy-loading-before-start-animation .lazy-loading-item {opacity: 1;}<\/style><style type=\"text\/css\">.thegem-button-69f6173669b2692 .gem-button svg {fill: #00bcd4;}.thegem-button-69f6173669b2692 .gem-button:hover svg {fill: #ffffff;}<\/style><div class=\"gem-button-container gem-button-position-inline thegem-button-69f6173669b2692     lazy-loading lazy-loading-before-start-animation\"  ><a class=\"gem-button gem-button-size-medium gem-button-style-outline gem-button-text-weight-normal gem-button-border-2 lazy-loading-item\" data-ll-effect=\"drop-right-without-wrap\" style=\"border-radius: 6px;border-color: #00bcd4;color: #00bcd4;\" onmouseleave=\"this.style.borderColor='#00bcd4';this.style.backgroundColor='transparent';this.style.color='#00bcd4';\" onmouseenter=\"this.style.borderColor='#00bcd4';this.style.backgroundColor='#00bcd4';this.style.color='#ffffff';\" href=\"\/de\/kontakt\/\" target=\"_self\">Lade uns in dein Gesch\u00e4ft ein<\/a><\/div> <div class=\"clearboth\"><\/div><style>#thegem-divider-69f6173669b69 {margin-top: 80px !important;}<\/style><div id=\"thegem-divider-69f6173669b69\" class=\"gem-divider  \" style=\"\" ><\/div>[\/vc_column][vc_column disable_custom_paddings_tablet=&#8220;true&#8220; disable_custom_paddings_mobile=&#8220;true&#8220; css=&#8220;.vc_custom_1646341459528{margin-top: 0px !important;margin-bottom: 0px !important;padding-top: 0px !important;padding-bottom: 0px !important;background-color: #000000 !important;background-position: center !important;background-repeat: no-repeat !important;background-size: cover !important;}&#8220; offset=&#8220;vc_col-lg-6 vc_col-md-6 vc_col-xs-12&#8243;]<div class=\"gem-youtube gem-wrapbox gem-wrapbox-style-no-style rounded-corners gem-wrapbox-position-below\" style=\"width: 100%;\"><div class=\"gem-wrapbox-inner gem-ratio-style\" style=\"padding-top: 56.25%\"><iframe class=\"gem-wrapbox-element img-responsive\" width=\"100%\" height=\"300\" allowfullscreen=\"allowfullscreen\" frameborder=\"0\" scrolling=\"no\" marginheight=\"0\" marginwidth=\"0\" src=\"\/\/www.youtube.com\/embed\/2P8m-17XXSI?rel=0&amp;wmode=opaque\"><\/iframe><\/div><\/div>[\/vc_column][\/vc_row][vc_row full_width=&#8220;stretch_row&#8220; content_placement=&#8220;middle&#8220; css=&#8220;.vc_custom_1646118068111{margin-bottom: 0px !important;}&#8220; custom_css_code=&#8220;JTQwbWVkaWElMjAlMjhtYXgtd2lkdGglM0ElMjA0ODBweCUyOSU3QiUwQSUyMCUyMCUyMC5nZW0tYnV0dG9uLXNpemUtZ2lhbnQlN0IlMEElMjAlMjAlMjAlMjAlMjAlMjAlMjAlMjBmb250LXNpemUlM0ElMjAxNnB4JTNCJTBBJTIwJTIwJTIwJTIwJTIwJTIwJTIwJTIwYm9yZGVyLXdpZHRoJTNBJTIwNHB4JTNCJTBBJTIwJTIwJTIwJTIwJTIwJTIwJTIwJTIwbWFyZ2luJTNBMCUzQiUwQSUyMCUyMCUyMCUyMCUyMCUyMCUyMCUyMHBhZGRpbmclM0ElMjAwcHglMjAxMHB4JTNCJTBBJTIwJTIwJTIwJTdEJTBBJTdE&#8220;][vc_column css=&#8220;.vc_custom_1587643950260{padding-top: 0px !important;}&#8220;]<div id=\"fullwidth-block-69f6173669c0a\" class=\"fullwidth-block clearfix\"  style=\"background-color: #ffffff;background: linear-gradient(to right, #008ee2, #00d1d8);\"><script type=\"text\/javascript\">if (typeof(gem_fix_fullwidth_position) == \"function\") { gem_fix_fullwidth_position(document.getElementById(\"fullwidth-block-69f6173669c0a\")); }<\/script><div class=\"fullwidth-block-inner\"><div class=\"container\"><div class=\"gem-textbox  centered-box\"  ><div class=\"gem-textbox-inner\" style=\"\"><div class=\"gem-textbox-content\" style=\"background-position: center center;\"><div class=\"clearboth\"><\/div><style>#thegem-divider-69f6173669e75 {margin-top: 50px !important;}<\/style><div id=\"thegem-divider-69f6173669e75\" class=\"gem-divider  \" style=\"\" ><\/div>[vc_column_text]<\/p>\n<div class=\"title-h2\"><span style=\"color: #ffffff;\">Fragen, Anregungen oder ein Lob?<\/span><\/div>\n<p>[\/vc_column_text][vc_column_text]<\/p>\n<div class=\"styled-subtitle\" style=\"text-align: center;\"><span style=\"color: #ffffff;\">Bei Lifjalla legen wir gro\u00dfen Wert auf transparente Kommunikation und sch\u00e4tzen dein Feedback sehr, um unseren Service weiter zu verbessern. Lass von dir h\u00f6ren!<\/span><\/div>\n<p>[\/vc_column_text]<style type=\"text\/css\">.thegem-button-69f6173669f54127.lazy-loading-before-start-animation .lazy-loading-item {opacity: 0;} body.thegem-effects-disabled .thegem-button-69f6173669f54127.lazy-loading-before-start-animation .lazy-loading-item {opacity: 1;}<\/style><style type=\"text\/css\">.thegem-button-69f6173669f54127 .gem-button svg {fill: #ffffff;}.thegem-button-69f6173669f54127 .gem-button:hover svg {fill: #333144;}<\/style><div class=\"gem-button-container gem-button-position-center thegem-button-69f6173669f54127     lazy-loading lazy-loading-before-start-animation\"  ><a title=\"Contact\" class=\"gem-button gem-button-size-medium gem-button-style-flat gem-button-text-weight-normal lazy-loading-item\" data-ll-effect=\"drop-right-without-wrap\" style=\"border-radius: 6px;background-color: #333144;color: #ffffff;\" onmouseleave=\"this.style.backgroundColor='#333144';this.style.color='#ffffff';\" onmouseenter=\"this.style.backgroundColor='#ffffff';this.style.color='#333144';\" href=\"\/de\/kontakt\/\" target=\"_self\">Lass von dir h\u00f6ren!<\/a><\/div> <div class=\"clearboth\"><\/div><style>#thegem-divider-69f6173669fb9 {margin-top: 35px !important;}<\/style><div id=\"thegem-divider-69f6173669fb9\" class=\"gem-divider  \" style=\"\" ><\/div><\/div><\/div><\/div><\/div><\/div><\/div>[\/vc_column][\/vc_row][vc_row gap=&#8220;35&#8243; equal_height=&#8220;yes&#8220; content_placement=&#8220;top&#8220; css=&#8220;.vc_custom_1646241730971{padding-top: 80px !important;padding-bottom: 40px !important;}&#8220;][vc_column width=&#8220;1\/2&#8243;][vc_row_inner][vc_column_inner]<div class=\"clearboth\"><\/div><style>#thegem-divider-69f617366a01b {margin-bottom: 2px !important;}<\/style><div id=\"thegem-divider-69f617366a01b\" class=\"gem-divider  \" style=\"\" ><\/div>[vc_column_text css=&#8220;.vc_custom_1646084268216{padding-right: 30px !important;}&#8220;]<span style=\"color: #2c2e3d;\">Lifjalla\u00ae hoofdkantoor<br \/>\nVeurnseweg 528<br \/>\n8906 Elverdinge (Belgi\u00eb)<br \/>\nT +32 498 10 17 42<br \/>\n<a href=\"mailto:info@lifjalla.be\">info@lifjalla.be<\/a><br \/>\n<\/span>[\/vc_column_text]<div class=\"socials socials-list socials-colored socials-default socials-alignment-left\"><a class=\"socials-item\" target=\"_blank\" href=\"https:\/\/www.facebook.com\/Lifjalla\" aria-label=\"facebook\"><i class=\"socials-item-icon facebook\" style=\"font-size: 24px\"><\/i><\/a><a class=\"socials-item\" target=\"_blank\" href=\"https:\/\/www.instagram.com\/lifjalla\/\" aria-label=\"instagram\"><i class=\"socials-item-icon instagram\" style=\"font-size: 24px\"><\/i><\/a><a class=\"socials-item\" target=\"_blank\" href=\"https:\/\/www.youtube.com\/channel\/UCxZb-QxFC8zoVyju8z8ugzQ\" aria-label=\"youtube\"><i class=\"socials-item-icon youtube\" style=\"font-size: 24px\"><\/i><\/a><\/div><div class=\"clearboth\"><\/div><style>#thegem-divider-69f617366a0d6 {margin-bottom: 30px !important;}<\/style><div id=\"thegem-divider-69f617366a0d6\" class=\"gem-divider  \" style=\"\" ><\/div>[vc_column_text]<\/p>\n<div class=\"small-body\"><span style=\"color: #5f727f;\">Lifjalla is een merknaam van Elementi nv (BE 0841.500.536)<\/span><\/div>\n<p>[\/vc_column_text]<div class=\"clearboth\"><\/div><style>#thegem-divider-69f617366a101 {margin-bottom: 30px !important;}<\/style><div id=\"thegem-divider-69f617366a101\" class=\"gem-divider  \" style=\"\" ><\/div>[vc_column_text css=&#8220;.vc_custom_1646095528260{margin-bottom: 0px !important;border-bottom-width: 0px !important;padding-bottom: 0px !important;}&#8220;]<\/p>\n<div class=\"small-body\">Developed with the support of<\/div>\n<p>[\/vc_column_text][vc_single_image image=&#8220;3907&#8243; img_size=&#8220;600&#215;49&#8243; style=&#8220;vc_box_rounded&#8220;][\/vc_column_inner][\/vc_row_inner][\/vc_column][vc_column width=&#8220;1\/2&#8243;][vc_row_inner][vc_column_inner width=&#8220;1\/2&#8243;][vc_column_text css=&#8220;.vc_custom_1646095277321{margin-bottom: 10px !important;}&#8220; el_class=&#8220;custom-line-height&#8220;]<\/p>\n<div class=\"small-body\"><a href=\"\/de\/\">Startseite<\/a><\/div>\n<p>[\/vc_column_text][vc_column_text css=&#8220;.vc_custom_1647697130953{margin-bottom: 10px !important;}&#8220; el_class=&#8220;custom-line-height&#8220;]<\/p>\n<div class=\"small-body\"><a href=\"\/de\/lifjalla-kaufen\/\">Shop<\/a><\/div>\n<p>[\/vc_column_text][vc_column_text css=&#8220;.vc_custom_1647697158018{margin-bottom: 10px !important;}&#8220; el_class=&#8220;custom-line-height&#8220;]<\/p>\n<div class=\"small-body\"><a href=\"\/de\/uber-lifjalla-wasser\/\">Geschmack &#038; Zusammensetzung<\/a><\/div>\n<p>[\/vc_column_text][vc_column_text css=&#8220;.vc_custom_1647697168335{margin-bottom: 10px !important;}&#8220; el_class=&#8220;custom-line-height&#8220;]<\/p>\n<div class=\"small-body\"><a href=\"\/de\/naturlich-reines-wasser-aus-island\/\">Von Gletscher bis ins Glas<\/a><\/div>\n<p>[\/vc_column_text][vc_column_text css=&#8220;.vc_custom_1647697179653{margin-bottom: 10px !important;}&#8220; el_class=&#8220;custom-line-height&#8220;]<\/p>\n<div class=\"small-body\"><a href=\"\/de\/okologie-garantie\/\">Intelligente Verpackung &#038; \u00d6ko-Garantie<\/a><\/div>\n<p>[\/vc_column_text][\/vc_column_inner][vc_column_inner width=&#8220;1\/2&#8243;][vc_column_text css=&#8220;.vc_custom_1647697192121{margin-bottom: 10px !important;}&#8220; el_class=&#8220;custom-line-height&#8220;]<\/p>\n<div class=\"small-body\"><a href=\"\/de\/wasserblog\/\">Blog<\/a><\/div>\n<p>[\/vc_column_text][vc_column_text css=&#8220;.vc_custom_1647697201905{margin-bottom: 10px !important;}&#8220; el_class=&#8220;custom-line-height&#8220;]<\/p>\n<div class=\"small-body\"><a href=\"\/de\/tournee-minerale-de\/\">Tournee Minerale<\/a><\/div>\n<p>[\/vc_column_text][vc_column_text css=&#8220;.vc_custom_1647697212635{margin-bottom: 10px !important;}&#8220; el_class=&#8220;custom-line-height&#8220;]<\/p>\n<div class=\"small-body\"><a href=\"\/de\/trinkwasser-lexikon\/\">Trinkwasser Lexikon<\/a><\/div>\n<p>[\/vc_column_text][vc_column_text css=&#8220;.vc_custom_1647697223202{margin-bottom: 10px !important;}&#8220; el_class=&#8220;custom-line-height&#8220;]<\/p>\n<div class=\"small-body\"><a href=\"\/de\/lifjalla-awards\/\">Lifjalla-Troph\u00e4ensammlung<\/a><\/div>\n<p>[\/vc_column_text][vc_column_text css=&#8220;.vc_custom_1647697234158{margin-bottom: 10px !important;}&#8220; el_class=&#8220;custom-line-height&#8220;]<\/p>\n<div class=\"small-body\"><a href=\"\/de\/kontakt\/\">Contact<\/a><\/div>\n<p>[\/vc_column_text][\/vc_column_inner][\/vc_row_inner]<div class=\"clearboth\"><\/div><style>#thegem-divider-69f617366a12c {margin-bottom: 30px !important;}<\/style><div id=\"thegem-divider-69f617366a12c\" class=\"gem-divider  \" style=\"\" ><\/div>[\/vc_column][\/vc_row]<\/p>\n<\/div>","protected":false},"excerpt":{"rendered":"<p>[vc_row full_width=&#8220;stretch_row_content_no_spaces&#8220; equal_height=&#8220;yes&#8220; content_placement=&#8220;middle&#8220; css=&#8220;.vc_custom_1646091860559{margin-top: 0px !important;margin-bottom: 0px !important;}&#8220; custom_css_code=&#8220;JTQwbWVkaWElMjAlMjhtYXgtd2lkdGglM0ElMjAxMTk5cHglMjklN0IlMEElMjAlMjAlMjAlMjAud3BiX3JvdyUzRSUyQSUyQyUwQSUyMCUyMCUyMCUyMCU0MGlkLndwYl9yb3clM0UlMkElMkMlMEElMjAlMjAlMjAlMjAud3BiX3JvdyUyQyUwQSUyMCUyMCUyMCUyMCU0MGlkLndwYl9yb3clN0IlMEElMjAlMjAlMjAlMjAlMjAlMjAlMjAlMjBtYXJnaW4tdG9wJTNBJTIwMCUzQiUwQSUyMCUyMCUyMCUyMCU3RCUwQSU3RA==&#8220;][vc_column disable_custom_paddings_tablet=&#8220;true&#8220; disable_custom_paddings_mobile=&#8220;true&#8220; offset=&#8220;vc_col-lg-6 vc_col-md-12&#8243; css=&#8220;.vc_custom_1646290643254{padding-top: 0px !important;padding-right: 100px !important;padding-left: 100px&#8230;<\/p>\n","protected":false},"author":15,"featured_media":0,"parent":0,"menu_order":0,"comment_status":"closed","ping_status":"closed","template":"","meta":{"footnotes":""},"class_list":["post-18821","page","type-page","status-publish"],"_links":{"self":[{"href":"https:\/\/www.lifjalla.be\/de\/wp-json\/wp\/v2\/pages\/18821","targetHints":{"allow":["GET"]}}],"collection":[{"href":"https:\/\/www.lifjalla.be\/de\/wp-json\/wp\/v2\/pages"}],"about":[{"href":"https:\/\/www.lifjalla.be\/de\/wp-json\/wp\/v2\/types\/page"}],"author":[{"embeddable":true,"href":"https:\/\/www.lifjalla.be\/de\/wp-json\/wp\/v2\/users\/15"}],"replies":[{"embeddable":true,"href":"https:\/\/www.lifjalla.be\/de\/wp-json\/wp\/v2\/comments?post=18821"}],"version-history":[{"count":7,"href":"https:\/\/www.lifjalla.be\/de\/wp-json\/wp\/v2\/pages\/18821\/revisions"}],"predecessor-version":[{"id":18895,"href":"https:\/\/www.lifjalla.be\/de\/wp-json\/wp\/v2\/pages\/18821\/revisions\/18895"}],"wp:attachment":[{"href":"https:\/\/www.lifjalla.be\/de\/wp-json\/wp\/v2\/media?parent=18821"}],"curies":[{"name":"wp","href":"https:\/\/api.w.org\/{rel}","templated":true}]}}