{"id":18824,"date":"2022-03-02T06:51:01","date_gmt":"2022-03-02T04:51:01","guid":{"rendered":"https:\/\/www.lifjalla.be\/okologie-garantie\/"},"modified":"2024-12-13T02:38:12","modified_gmt":"2024-12-13T00:38:12","slug":"okologie-garantie","status":"publish","type":"page","link":"https:\/\/www.lifjalla.be\/de\/okologie-garantie\/","title":{"rendered":"Okologie Garantie"},"content":{"rendered":"<div class=\"wpb-content-wrapper\"><p>[vc_row full_width=&#8220;stretch_row&#8220; equal_height=&#8220;yes&#8220; css=&#8220;.vc_custom_1514376367963{margin-bottom: 0px !important;}&#8220;][vc_column offset=&#8220;vc_col-lg-8 vc_col-md-7&#8243;][vc_column_text css=&#8220;&#8220; css_animation=&#8220;bottom-to-top&#8220;]<\/p>\n<div class=\"title-h1\" style=\"text-align: left;\">Isl\u00e4ndisches Wasser mit Lifjalla-Eco-Garantie, abgef\u00fcllt und verpackt in Belgien<\/div>\n<p>[\/vc_column_text]<div class=\"clearboth\"><\/div><style>#thegem-divider-69e7a0244581f {margin-top: 45px !important;}<\/style><div id=\"thegem-divider-69e7a0244581f\" class=\"gem-divider  \" style=\"\" ><\/div>[vc_column_text css_animation=&#8220;bottom-to-top&#8220;]<\/p>\n<div class=\"styled-subtitle\" style=\"text-align: left;\"><span style=\"color: #3c3950;\">Bij Lifjalla hoef je niet te kiezen tussen smaak, gezondheid of milBei Lifjalla musst du dich nicht zwischen Geschmack, Gesundheit oder Umwelt entscheiden. Wir haben uns bewusst daf\u00fcr entschieden, unser isl\u00e4ndisches Wasser in technisch innovativen Bag-in-Box-Verpackungen abzuf\u00fcllen. Diese sind nachhaltig hergestellt, vollst\u00e4ndig recycelbar, kompakt stapelbar, benutzerfreundlich und hygienisch. Und das ist noch nicht alles, denn wir unternehmen zus\u00e4tzliche Anstrengungen im Bereich des nachhaltigen und \u00f6kologisch verantwortungsvollen Unternehmertums. Unsere transparente Eco-Garantie an dich besagt, dass wir die Umwelt respektieren und alles tun, um den Planeten zu sch\u00fctzen.<\/span><\/div>\n<div>Lifjalla wird in Belgien (Ypern) abgef\u00fcllt und verpackt.<\/div>\n<p>[\/vc_column_text]<div class=\"clearboth\"><\/div><style>#thegem-divider-69e7a024458f0 {margin-top: 45px !important;}<\/style><div id=\"thegem-divider-69e7a024458f0\" class=\"gem-divider  \" style=\"\" ><\/div>[vc_column_text css_animation=&#8220;bottom-to-top&#8220;]<\/p>\n<div class=\"title-h2\" style=\"text-align: left;\">Bewusste Wahl f\u00fcr Bag-in-Box-Verpackungen<\/div>\n<p>[\/vc_column_text][vc_column_text css_animation=&#8220;bottom-to-top&#8220;]<\/p>\n<p style=\"text-align: left;\">Dass wir Lifjalla-Wasser nicht in Plastikflaschen, sondern in Bag-in-Box-Verpackungen abf\u00fcllen, ist kein Zufall. Diese durchdachte Verpackungsart bietet n\u00e4mlich erhebliche Vorteile f\u00fcr unsere Kunden, die Produktqualit\u00e4t und den Planeten.<\/p>\n<p>[\/vc_column_text]<div class=\"clearboth\"><\/div><style>#thegem-divider-69e7a0244596b {margin-top: 45px !important;}<\/style><div id=\"thegem-divider-69e7a0244596b\" class=\"gem-divider  \" style=\"\" ><\/div>[\/vc_column][vc_column offset=&#8220;vc_col-lg-4 vc_col-md-5&#8243;]<div class=\"centered-box gem-image-centered-box\" ><div class=\"gem-image gem-wrapbox gem-wrapbox-style-default gem-wrapbox-position-centered lazy-loading  thegem-custom-69e7a024459e4523\"  style=\"\" ><div class=\"gem-wrapbox-inner  lazy-loading-item\"  data-ll-effect=\"move-up\"><img class=\"gem-wrapbox-element img-responsive\" src=\"https:\/\/www.lifjalla.be\/wp-content\/uploads\/2022\/03\/125185503_5106058562801935_3299395116343048616_n.jpg\" alt=\"\"\/><\/div><style type=\"text\/css\">.thegem-custom-69e7a024459e4523.gem-image a:hover img {filter: brightness( 100% ) contrast( 100% ) saturate( 100% ) blur( 0px ) hue-rotate( 0deg );}<\/style><\/div><\/div>[\/vc_column][\/vc_row][vc_row][vc_column][vc_column_text css_animation=&#8220;bottom-to-top&#8220;]<\/p>\n<div class=\"title-h3\" style=\"text-align: left;\"><strong>1. Umweltfreundlich &amp; nachhaltig<\/strong><\/div>\n<p>[\/vc_column_text][vc_row_inner equal_height=&#8220;yes&#8220; disable_custom_paddings_tablet=&#8220;true&#8220; disable_custom_paddings_mobile=&#8220;true&#8220;][vc_column_inner width=&#8220;1\/2&#8243;][vc_column_text css_animation=&#8220;bottom-to-top&#8220;]<\/p>\n<div class=\"title-h4\" style=\"text-align: left;\">Recycelbare Materialien<\/div>\n<p>[\/vc_column_text][vc_column_text]Der \u00e4u\u00dfere Karton der Bag-in-Box-Verpackung besteht aus <a href=\"https:\/\/www.fsc.be\/nl-be\/fsc-over-ons\" target=\"_blank\" rel=\"noopener\">FSC-zertifiziertem Wellkarton<\/a> aus nachhaltiger Forstwirtschaft. Ist dein Karton isl\u00e4ndischen Wassers leer, reicht es aus, ihn zusammenzufalten und dem Papierm\u00fcll zu \u00fcbergeben. Kein M\u00fcll, kein Plastikabfall in der Natur! Der flexible Innensack ist leicht entnehmbar, sodass auch dieser bei den recycelbaren Kunststoffabf\u00e4llen sortiert werden kann. Der Sack ist \u00fcbrigens BPA-frei, sodass beim Recyclingprozess kein Bisphenol-A ins Grundwasser gelangt.[\/vc_column_text][\/vc_column_inner][vc_column_inner width=&#8220;1\/2&#8243;][vc_column_text css_animation=&#8220;bottom-to-top&#8220;]<\/p>\n<div class=\"title-h4\" style=\"text-align: left;\">Kompakt zu transportieren<\/div>\n<p>[\/vc_column_text][vc_column_text]Auch die Lagerung und der Transport sind mit kompakt stapelbaren Bag-in-Box-Verpackungen deutlich umweltfreundlicher als mit Flaschen. Dies gilt sowohl f\u00fcr den Transport der Verpackungen von der Fabrik zu unseren Abf\u00fcllanlagen (die Kartons werden flach zusammengelegt transportiert) als auch f\u00fcr den Transport der gef\u00fcllten Wasserboxen zu unseren Endkunden (stapelbar und platzsparend).[\/vc_column_text][\/vc_column_inner][vc_column_inner][vc_column_text css_animation=&#8220;bottom-to-top&#8220;]<\/p>\n<div class=\"title-h4\" style=\"text-align: left;\">Weniger Verpackung und weniger Verschwendung<\/div>\n<p>[\/vc_column_text][vc_column_text]Die Kombination aus einer langen Haltbarkeit und der M\u00f6glichkeit, Glas f\u00fcr Glas zu konsumieren, f\u00fchrt auch zu deutlich weniger Lebensmittelverschwendung. Da wir nicht pro Liter, sondern in 5- oder 10-Liter-Einheiten verpacken, verringern wir au\u00dferdem den Verpackungsm\u00fcll erheblich.[\/vc_column_text][\/vc_column_inner][\/vc_row_inner][vc_column_text css_animation=&#8220;bottom-to-top&#8220;]<\/p>\n<div class=\"title-h3\" style=\"text-align: left;\"><strong>2. Optimale Schutz der Produktqualit\u00e4t<\/strong><\/div>\n<p>[\/vc_column_text][vc_column_text]Im Inneren der Kartonverpackung befindet sich ein geschlossenes System, das den Geschmack, die Mineralienbalance und den Sauerstoffgehalt optimal bewahrt. Der flexible und hygienische Beutel sch\u00fctzt dein naturreines isl\u00e4ndisches Wasser vor Licht, Luft und Verunreinigungen. Wusstest du, dass deine Lifjalla-Wasserbox bis zu zwei Jahre haltbar ist, ohne dass Qualit\u00e4t oder Geschmack verloren gehen?[\/vc_column_text]<style type=\"text\/css\">.thegem-button-69e7a0244605f6884.lazy-loading-before-start-animation .lazy-loading-item {opacity: 0;} body.thegem-effects-disabled .thegem-button-69e7a0244605f6884.lazy-loading-before-start-animation .lazy-loading-item {opacity: 1;}<\/style><style type=\"text\/css\">.thegem-button-69e7a0244605f6884 .gem-button svg {fill: #00bcd4;}.thegem-button-69e7a0244605f6884 .gem-button:hover svg {fill: #ffffff;}<\/style><div class=\"gem-button-container gem-button-position-inline thegem-button-69e7a0244605f6884     lazy-loading lazy-loading-before-start-animation\"  ><a title=\"Meer over de minerale samenstelling\" class=\"gem-button gem-button-size-small gem-button-style-outline gem-button-text-weight-normal gem-button-border-2 lazy-loading-item\" data-ll-effect=\"drop-right-without-wrap\" style=\"border-radius: 6px;border-color: #00bcd4;color: #00bcd4;\" onmouseleave=\"this.style.borderColor='#00bcd4';this.style.backgroundColor='transparent';this.style.color='#00bcd4';\" onmouseenter=\"this.style.borderColor='#00bcd4';this.style.backgroundColor='#00bcd4';this.style.color='#ffffff';\" href=\"\/de\/uber-lifjalla-wasser\/\" target=\"_self\">Mehr \u00fcber die mineralische Zusammensetzung<\/a><\/div> <div class=\"clearboth\"><\/div><style>#thegem-divider-69e7a02446159 {margin-top: 45px !important;}<\/style><div id=\"thegem-divider-69e7a02446159\" class=\"gem-divider  \" style=\"\" ><\/div>[vc_column_text css_animation=&#8220;bottom-to-top&#8220;]<\/p>\n<div class=\"title-h3\" style=\"text-align: left;\"><strong>3. Praktisch &amp; kinderfreundlich<\/strong><\/div>\n<p>[\/vc_column_text][vc_column_text]Nat\u00fcrlich ist der integrierte Zapfhahn viel praktischer als ein herk\u00f6mmlicher Drehverschluss. Vielleicht f\u00fcllst du deshalb \u00f6fter dein Glas nach&#8230; Auch f\u00fcr Kinder ist der Zapfhahn viel spa\u00dfiger und handlicher, denn nun k\u00f6nnen sie selbst, ohne Hilfe und ohne zu kleckern, ihr Glas Wasser f\u00fcllen.[\/vc_column_text]<div class=\"clearboth\"><\/div><style>#thegem-divider-69e7a024461c8 {margin-top: 80px !important;}<\/style><div id=\"thegem-divider-69e7a024461c8\" class=\"gem-divider  \" style=\"\" ><\/div>[vc_column_text css_animation=&#8220;bottom-to-top&#8220;]<\/p>\n<div class=\"title-h2\" style=\"text-align: left;\">Praktische Verpackungsinformationen<\/div>\n<p>[\/vc_column_text]<div class=\"gem-table gem-table-responsive gem-table-style-1 row-headers\"><table style=\"width: 100%;\">\n<thead>\n<tr>\n<th>\n<h6><\/h6>\n<\/th>\n<th>\n<h6>Lifjalla 5 liter<\/h6>\n<\/th>\n<th>\n<h6>Lifjalla 10 liter<\/h6>\n<\/th>\n<\/tr>\n<\/thead>\n<tbody>\n<tr>\n<td>Inhalt<\/td>\n<td>5 liter<\/td>\n<td>10 liter<\/td>\n<\/tr>\n<tr>\n<td>\n<div><span lang=\"NL\"># BIB \/ Umverpackung<\/span><\/div>\n<\/td>\n<td>4<\/td>\n<td>2<\/td>\n<\/tr>\n<tr>\n<td>\n<div><span lang=\"NL\"># BiB \/ Pallet<\/span><\/div>\n<\/td>\n<td>152<\/td>\n<td>72<\/td>\n<\/tr>\n<\/tbody>\n<\/table>\n<\/div><div class=\"clearboth\"><\/div><style>#thegem-divider-69e7a024463b4 {margin-top: 100px !important;}<\/style><div id=\"thegem-divider-69e7a024463b4\" class=\"gem-divider  \" style=\"\" ><\/div>[\/vc_column][\/vc_row][vc_row full_width=&#8220;stretch_row&#8220; content_placement=&#8220;middle&#8220; css=&#8220;.vc_custom_1646336909405{margin-bottom: 0px !important;background: #ffffff url(https:\/\/www.lifjalla.be\/wp-content\/uploads\/2022\/02\/38-scaled.jpg?id=3439) !important;background-position: center !important;background-repeat: no-repeat !important;background-size: cover !important;}&#8220; custom_css_code=&#8220;LmNhbGwtdG8tYWN0aW9uLTA5JTdCJTBBJTIwJTIwJTIwJTIwcG9zaXRpb24lM0ElMjByZWxhdGl2ZSUzQiUwQSUyMCUyMCUyMCUyMGRpc3BsYXklM0ElMjBmbGV4JTNCJTBBJTIwJTIwJTIwJTIwd2lkdGglM0ElMjAxMDAlMjUlM0IlMEElN0QlMEEuY2FsbC10by1hY3Rpb24tMDklMjBsYWJlbC55aWtlcy1tYWlsY2hpbXAtZmllbGQtcmVxdWlyZWQlN0IlMEElMjAlMjAlMjAlMjBwb3NpdGlvbiUzQSUyMHJlbGF0aXZlJTNCJTBBJTIwJTIwJTIwJTIwZGlzcGxheSUzQSUyMGZsZXglM0IlMEElMjAlMjAlMjAlMjBhbGlnbi1pdGVtcyUzQSUyMGNlbnRlciUzQiUwQSUyMCUyMCUyMCUyMHdpZHRoJTNBJTIwMTAwJTI1JTNCJTBBJTIwJTIwJTIwJTIwaGVpZ2h0JTNBJTIwNDBweCUzQiUwQSUyMCUyMCUyMCUyMHBhZGRpbmclM0ElMjAwJTNCJTBBJTIwJTIwJTIwJTIwbWFyZ2luJTNBJTIwMCUzQiUwQSUyMCUyMCUyMCUyMGZsb2F0JTNBJTIwbm9uZSUzQiUwQSU3RCUwQS5jYWxsLXRvLWFjdGlvbi0wOSUyMC55aWtlcy1lYXN5LW1jLWVtYWlsJTdCJTBBJTIwJTIwJTIwJTIwZGlzcGxheSUzQSUyMGJsb2NrJTNCJTBBJTIwJTIwJTIwJTIwd2lkdGglM0ElMjAxMDAlMjUlM0IlMEElMjAlMjAlMjAlMjBoZWlnaHQlM0ElMjAxMDAlMjUlM0IlMEElMjAlMjAlMjAlMjBwYWRkaW5nJTNBJTIwMCUyMDU1cHglMjAwJTIwMTVweCUzQiUwQSUyMCUyMCUyMCUyMG1hcmdpbiUzQSUyMDAlM0IlMEElMjAlMjAlMjAlMjBib3JkZXIlM0ElMjBub25lJTNCJTBBJTIwJTIwJTIwJTIwYmFja2dyb3VuZCUzQSUyMCUyM2ZmZmZmZiUzQiUwQSUyMCUyMCUyMCUyMGNvbG9yJTNBJTIwJTIzM2MzOTUwJTNCJTBBJTdEJTBBLmNhbGwtdG8tYWN0aW9uLTA5JTIwLmZvcm0tZmllbGQtZGVzY3JpcHRpb24lN0IlMEElMjAlMjAlMjAlMjBwb3NpdGlvbiUzQSUyMGFic29sdXRlJTNCJTBBJTIwJTIwJTIwJTIwbGVmdCUzQSUyMDAlM0IlMEElMjAlMjAlMjAlMjBib3R0b20lM0ElMjAtMzBweCUzQiUwQSUyMCUyMCUyMCUyMGNvbG9yJTNBJTIwJTIzZmZmZmZmJTNCJTBBJTIwJTIwJTIwJTIwZm9udC1zdHlsZSUzQSUyMG5vcm1hbCUzQiUwQSU3RCUwQS5jYWxsLXRvLWFjdGlvbi0wOSUyMGxhYmVsLnN1Ym1pdC1idXR0b24taW5saW5lLWxhYmVsJTdCJTBBJTIwJTIwJTIwJTIwcG9zaXRpb24lM0ElMjBhYnNvbHV0ZSUzQiUwQSUyMCUyMCUyMCUyMGRpc3BsYXklM0ElMjBmbGV4JTNCJTBBJTIwJTIwJTIwJTIwYWxpZ24taXRlbXMlM0ElMjBjZW50ZXIlM0IlMEElMjAlMjAlMjAlMjBqdXN0aWZ5LWNvbnRlbnQlM0ElMjBjZW50ZXIlM0IlMEElMjAlMjAlMjAlMjB0b3AlM0ElMjAwJTNCJTBBJTIwJTIwJTIwJTIwcmlnaHQlM0ElMjAwJTNCJTBBJTIwJTIwJTIwJTIwaGVpZ2h0JTNBJTIwNDBweCUzQiUwQSUyMCUyMCUyMCUyMG1pbi13aWR0aCUzQSUyMDQwcHglM0IlMEElMjAlMjAlMjAlMjB3aWR0aCUzQSUyMDQwcHglM0IlMEElMjAlMjAlMjAlMjBwYWRkaW5nJTNBJTIwMCUzQiUwQSUyMCUyMCUyMCUyMG1hcmdpbiUzQSUyMDAlM0IlMEElMjAlMjAlMjAlMjBmbG9hdCUzQSUyMG5vbmUlM0IlMEElN0QlMEEuY2FsbC10by1hY3Rpb24tMDklMjAueWlrZXMtZWFzeS1tYy1zdWJtaXQtYnV0dG9uJTdCJTBBJTIwJTIwJTIwJTIwcG9zaXRpb24lM0ElMjByZWxhdGl2ZSUzQiUwQSUyMCUyMCUyMCUyMGRpc3BsYXklM0ElMjBmbGV4JTNCJTBBJTIwJTIwJTIwJTIwYWxpZ24taXRlbXMlM0ElMjBjZW50ZXIlM0IlMEElMjAlMjAlMjAlMjBqdXN0aWZ5LWNvbnRlbnQlM0ElMjBjZW50ZXIlM0IlMEElMjAlMjAlMjAlMjB3aWR0aCUzQSUyMDEwMCUyNSUzQiUwQSUyMCUyMCUyMCUyMGhlaWdodCUzQSUyMDEwMCUyNSUzQiUwQSUyMCUyMCUyMCUyMG1hcmdpbiUzQSUyMDAlM0IlMEElMjAlMjAlMjAlMjBwYWRkaW5nJTNBJTIwMCUzQiUwQSUyMCUyMCUyMCUyMGJvcmRlci1yYWRpdXMlM0ElMjAwJTNCJTBBJTIwJTIwJTIwJTIwYmFja2dyb3VuZCUzQSUyMCUyM2RmZTVlOCUzQiUwQSUyMCUyMCUyMCUyMHRleHQtYWxpZ24lM0ElMjBjZW50ZXIlM0IlMEElMjAlMjAlMjAlMjB0ZXh0LXRyYW5zZm9ybSUzQSUyMHVwcGVyY2FzZSUzQiUwQSUyMCUyMCUyMCUyMGNvbG9yJTNBJTIwJTIzM2MzOTUwJTNCJTBBJTIwJTIwJTIwJTIwZm9udC1zaXplJTNBJTIwMCUzQiUwQSU3RCUwQS5jYWxsLXRvLWFjdGlvbi0wOSUyMC55aWtlcy1lYXN5LW1jLXN1Ym1pdC1idXR0b24lM0FiZWZvcmUlN0IlMEElMjAlMjAlMjAlMjBjb250ZW50JTNBJTIwJTI3JTVDZTYwMSUyNyUzQiUwQSUyMCUyMCUyMCUyMGZvbnQtZmFtaWx5JTNBJTIwdGhlZ2VtLWljb25zJTNCJTBBJTIwJTIwJTIwJTIwZm9udC1zaXplJTNBJTIwMjRweCUzQiUwQSU3RCUwQS5jYWxsLXRvLWFjdGlvbi0wOSUyMC55aWtlcy1lYXN5LW1jLXN1Ym1pdC1idXR0b24lM0Fob3ZlciU3QiUwQSUyMCUyMCUyMCUyMGJhY2tncm91bmQlM0ElMjAlMjMzYzM5NTAlM0IlMEElMjAlMjAlMjAlMjBjb2xvciUzQSUyMCUyM2ZmZmZmZiUzQiUwQSU3RA==&#8220;][vc_column css=&#8220;.vc_custom_1646329992902{padding-top: 60px !important;padding-bottom: 60px !important;}&#8220;][vc_row_inner content_placement=&#8220;middle&#8220; css=&#8220;.vc_custom_1646329216185{margin-top: 20px !important;margin-right: 0px !important;margin-bottom: 0px !important;margin-left: 0px !important;padding-top: 30px !important;padding-bottom: 50px !important;background-color: rgba(51,49,68,0.8) !important;*background-color: rgb(51,49,68) !important;}&#8220;][vc_column_inner disable_custom_paddings_tablet=&#8220;true&#8220; disable_custom_paddings_mobile=&#8220;true&#8220; css=&#8220;.vc_custom_1646329200301{padding-left: 50px !important;}&#8220;][vc_column_text css_animation=&#8220;bottom-to-top&#8220;]<\/p>\n<div class=\"title-h2\" style=\"text-align: left;\"><span style=\"color: #ffffff;\">Was wir noch tun, um unseren Planeten zu sch\u00fctzen<\/span><\/div>\n<p>[\/vc_column_text]<div class=\"gem-list gem-list-type-check-style-2 gem-list-color-12\" ><ul>\n<li><span style=\"color: #ffffff;\">Weniger CO2-Emissionen durch den Transport von isl\u00e4ndischem Wasser in gro\u00dfen Mengen per Schiff nach Belgien, anstatt das Wasser an der Quelle abzuf\u00fcllen und verpackt zu transportieren.<\/span><\/li>\n<li><span style=\"color: #ffffff;\">Das Lifjalla-Hauptquartier ist mit verschiedenen energiebewussten Technologien ausgestattet, darunter eine gro\u00dfe Anzahl von Solarmodulen, die fast den gesamten Strombedarf decken.<\/span><\/li>\n<li><span style=\"color: #ffffff;\">Je weniger Fahrten, desto besser. Deshalb ermutigen wir Lifjalla-H\u00e4ndler, so viel wie m\u00f6glich palettenweise zu bestellen, mit attraktiven Mengenrabatten.<\/span><\/li>\n<li><span style=\"color: #ffffff;\">Durch das Abf\u00fcllen von Lifjalla-Wasser in 5- oder 10-Liter-Verpackungen sparen wir eine erhebliche Menge an Verpackungsmaterial ein und reduzieren den Abfallberg erheblich.<\/span><\/li>\n<\/ul>\n<\/div>[\/vc_column_inner][\/vc_row_inner][\/vc_column][\/vc_row][vc_row full_width=&#8220;stretch_row&#8220; content_placement=&#8220;middle&#8220; css=&#8220;.vc_custom_1646118068111{margin-bottom: 0px !important;}&#8220; custom_css_code=&#8220;JTQwbWVkaWElMjAlMjhtYXgtd2lkdGglM0ElMjA0ODBweCUyOSU3QiUwQSUyMCUyMCUyMC5nZW0tYnV0dG9uLXNpemUtZ2lhbnQlN0IlMEElMjAlMjAlMjAlMjAlMjAlMjAlMjAlMjBmb250LXNpemUlM0ElMjAxNnB4JTNCJTBBJTIwJTIwJTIwJTIwJTIwJTIwJTIwJTIwYm9yZGVyLXdpZHRoJTNBJTIwNHB4JTNCJTBBJTIwJTIwJTIwJTIwJTIwJTIwJTIwJTIwbWFyZ2luJTNBMCUzQiUwQSUyMCUyMCUyMCUyMCUyMCUyMCUyMCUyMHBhZGRpbmclM0ElMjAwcHglMjAxMHB4JTNCJTBBJTIwJTIwJTIwJTdEJTBBJTdE&#8220;][vc_column css=&#8220;.vc_custom_1587643950260{padding-top: 0px !important;}&#8220;]<div id=\"fullwidth-block-69e7a02446523\" class=\"fullwidth-block clearfix\"  style=\"background-color: #ffffff;background: linear-gradient(to right, #008ee2, #00d1d8);\"><script type=\"text\/javascript\">if (typeof(gem_fix_fullwidth_position) == \"function\") { gem_fix_fullwidth_position(document.getElementById(\"fullwidth-block-69e7a02446523\")); }<\/script><div class=\"fullwidth-block-inner\"><div class=\"container\"><div class=\"gem-textbox  centered-box\"  ><div class=\"gem-textbox-inner\" style=\"\"><div class=\"gem-textbox-content\" style=\"background-position: center center;\"><div class=\"clearboth\"><\/div><style>#thegem-divider-69e7a024467e4 {margin-top: 50px !important;}<\/style><div id=\"thegem-divider-69e7a024467e4\" class=\"gem-divider  \" style=\"\" ><\/div>[vc_column_text]<\/p>\n<div class=\"title-h2\"><span style=\"color: #ffffff;\">Durst auf mehr?<\/span><\/div>\n<p>[\/vc_column_text][vc_column_text]<span class=\"styled-subtitle\" style=\"color: #ffffff;\">Finde einen Lifjalla-H\u00e4ndler in deiner N\u00e4he oder bestelle naturreines isl\u00e4ndisches Wasser online f\u00fcr zu Hause oder das B\u00fcro \u00fcber <a href=\"https:\/\/lifjallashop.be\" target=\"_blank\" rel=\"noopener\">lifjallashop.be<\/a>.<br \/>\n<\/span>[\/vc_column_text]<style type=\"text\/css\">.thegem-button-69e7a0244692e3255.lazy-loading-before-start-animation .lazy-loading-item {opacity: 0;} body.thegem-effects-disabled .thegem-button-69e7a0244692e3255.lazy-loading-before-start-animation .lazy-loading-item {opacity: 1;}<\/style><style type=\"text\/css\">.thegem-button-69e7a0244692e3255 .gem-button svg {fill: #ffffff;}.thegem-button-69e7a0244692e3255 .gem-button:hover svg {fill: #333144;}<\/style><div class=\"gem-button-container gem-button-position-center thegem-button-69e7a0244692e3255     lazy-loading lazy-loading-before-start-animation\"  ><a title=\"Shop hier\" class=\"gem-button gem-button-size-medium gem-button-style-flat gem-button-text-weight-normal gem-button-icon-position-left lazy-loading-item\" data-ll-effect=\"drop-right-without-wrap\" style=\"border-radius: 6px;background-color: #333144;color: #ffffff;\" onmouseleave=\"this.style.backgroundColor='#333144';this.style.color='#ffffff';\" onmouseenter=\"this.style.backgroundColor='#ffffff';this.style.color='#333144';\" href=\"\/de\/lifjalla-kaufen\/\" target=\"_self\"><i class=\"gem-print-icon gem-icon-pack-material \">&#xf1e6;<\/i>Zum Shop<\/a><\/div> <div class=\"clearboth\"><\/div><style>#thegem-divider-69e7a024469d5 {margin-top: 35px !important;}<\/style><div id=\"thegem-divider-69e7a024469d5\" class=\"gem-divider  \" style=\"\" ><\/div><\/div><\/div><\/div><\/div><\/div><\/div>[\/vc_column][\/vc_row][vc_row gap=&#8220;35&#8243; equal_height=&#8220;yes&#8220; content_placement=&#8220;top&#8220; css=&#8220;.vc_custom_1646241730971{padding-top: 80px !important;padding-bottom: 40px !important;}&#8220;][vc_column width=&#8220;1\/2&#8243;][vc_row_inner][vc_column_inner]<div class=\"clearboth\"><\/div><style>#thegem-divider-69e7a02446a6b {margin-bottom: 2px !important;}<\/style><div id=\"thegem-divider-69e7a02446a6b\" class=\"gem-divider  \" style=\"\" ><\/div>[vc_column_text css=&#8220;.vc_custom_1646084268216{padding-right: 30px !important;}&#8220;]<span style=\"color: #2c2e3d;\">Lifjalla\u00ae hoofdkantoor<br \/>\nVeurnseweg 528<br \/>\n8906 Elverdinge (Belgi\u00eb)<br \/>\nT +32 498 10 17 42<br \/>\n<a href=\"mailto:info@lifjalla.be\">info@lifjalla.be<\/a><br \/>\n<\/span>[\/vc_column_text]<div class=\"socials socials-list socials-colored socials-default socials-alignment-left\"><a class=\"socials-item\" target=\"_blank\" href=\"https:\/\/www.facebook.com\/Lifjalla\" aria-label=\"facebook\"><i class=\"socials-item-icon facebook\" style=\"font-size: 24px\"><\/i><\/a><a class=\"socials-item\" target=\"_blank\" href=\"https:\/\/www.instagram.com\/lifjalla\/\" aria-label=\"instagram\"><i class=\"socials-item-icon instagram\" style=\"font-size: 24px\"><\/i><\/a><a class=\"socials-item\" target=\"_blank\" href=\"https:\/\/www.youtube.com\/channel\/UCxZb-QxFC8zoVyju8z8ugzQ\" aria-label=\"youtube\"><i class=\"socials-item-icon youtube\" style=\"font-size: 24px\"><\/i><\/a><\/div><div class=\"clearboth\"><\/div><style>#thegem-divider-69e7a02446b2d {margin-bottom: 30px !important;}<\/style><div id=\"thegem-divider-69e7a02446b2d\" class=\"gem-divider  \" style=\"\" ><\/div>[vc_column_text]<\/p>\n<div class=\"small-body\"><span style=\"color: #5f727f;\">Lifjalla is een merknaam van Elementi nv (BE 0841.500.536)<\/span><\/div>\n<p>[\/vc_column_text]<div class=\"clearboth\"><\/div><style>#thegem-divider-69e7a02446b6d {margin-bottom: 30px !important;}<\/style><div id=\"thegem-divider-69e7a02446b6d\" class=\"gem-divider  \" style=\"\" ><\/div>[vc_column_text css=&#8220;.vc_custom_1646095528260{margin-bottom: 0px !important;border-bottom-width: 0px !important;padding-bottom: 0px !important;}&#8220;]<\/p>\n<div class=\"small-body\">Developed with the support of<\/div>\n<p>[\/vc_column_text][vc_single_image image=&#8220;3907&#8243; img_size=&#8220;600&#215;49&#8243; style=&#8220;vc_box_rounded&#8220;][\/vc_column_inner][\/vc_row_inner][\/vc_column][vc_column width=&#8220;1\/2&#8243;][vc_row_inner][vc_column_inner width=&#8220;1\/2&#8243;][vc_column_text css=&#8220;.vc_custom_1646095277321{margin-bottom: 10px !important;}&#8220; el_class=&#8220;custom-line-height&#8220;]<\/p>\n<div class=\"small-body\"><a href=\"\/de\/\">Startseite<\/a><\/div>\n<p>[\/vc_column_text][vc_column_text css=&#8220;.vc_custom_1647697130953{margin-bottom: 10px !important;}&#8220; el_class=&#8220;custom-line-height&#8220;]<\/p>\n<div class=\"small-body\"><a href=\"\/de\/lifjalla-kaufen\/\">Shop<\/a><\/div>\n<p>[\/vc_column_text][vc_column_text css=&#8220;.vc_custom_1647697158018{margin-bottom: 10px !important;}&#8220; el_class=&#8220;custom-line-height&#8220;]<\/p>\n<div class=\"small-body\"><a href=\"\/de\/uber-lifjalla-wasser\/\">Geschmack &amp; Zusammensetzung<\/a><\/div>\n<p>[\/vc_column_text][vc_column_text css=&#8220;.vc_custom_1647697168335{margin-bottom: 10px !important;}&#8220; el_class=&#8220;custom-line-height&#8220;]<\/p>\n<div class=\"small-body\"><a href=\"\/de\/naturlich-reines-wasser-aus-island\/\">Von Gletscher bis ins Glas<\/a><\/div>\n<p>[\/vc_column_text][vc_column_text css=&#8220;.vc_custom_1647697179653{margin-bottom: 10px !important;}&#8220; el_class=&#8220;custom-line-height&#8220;]<\/p>\n<div class=\"small-body\"><a href=\"\/de\/okologie-garantie\/\">Intelligente Verpackung &amp; \u00d6ko-Garantie<\/a><\/div>\n<p>[\/vc_column_text][\/vc_column_inner][vc_column_inner width=&#8220;1\/2&#8243;][vc_column_text css=&#8220;.vc_custom_1647697192121{margin-bottom: 10px !important;}&#8220; el_class=&#8220;custom-line-height&#8220;]<\/p>\n<div class=\"small-body\"><a href=\"\/de\/wasserblog\/\">Blog<\/a><\/div>\n<p>[\/vc_column_text][vc_column_text css=&#8220;.vc_custom_1647697201905{margin-bottom: 10px !important;}&#8220; el_class=&#8220;custom-line-height&#8220;]<\/p>\n<div class=\"small-body\"><a href=\"\/de\/tournee-minerale-de\/\">Tournee Minerale<\/a><\/div>\n<p>[\/vc_column_text][vc_column_text css=&#8220;.vc_custom_1647697212635{margin-bottom: 10px !important;}&#8220; el_class=&#8220;custom-line-height&#8220;]<\/p>\n<div class=\"small-body\"><a href=\"\/de\/trinkwasser-lexikon\/\">Trinkwasser Lexikon<\/a><\/div>\n<p>[\/vc_column_text][vc_column_text css=&#8220;.vc_custom_1647697223202{margin-bottom: 10px !important;}&#8220; el_class=&#8220;custom-line-height&#8220;]<\/p>\n<div class=\"small-body\"><a href=\"\/de\/lifjalla-awards\/\">Lifjalla-Troph\u00e4ensammlung<\/a><\/div>\n<p>[\/vc_column_text][vc_column_text css=&#8220;.vc_custom_1734050130600{margin-bottom: 10px !important;}&#8220; el_class=&#8220;custom-line-height&#8220;]<\/p>\n<div class=\"small-body\"><a href=\"\/de\/kontakt\/\">Kontakt<\/a><\/div>\n<p>[\/vc_column_text][\/vc_column_inner][\/vc_row_inner]<div class=\"clearboth\"><\/div><style>#thegem-divider-69e7a02446ba5 {margin-bottom: 30px !important;}<\/style><div id=\"thegem-divider-69e7a02446ba5\" class=\"gem-divider  \" style=\"\" ><\/div>[\/vc_column][\/vc_row]<\/p>\n<\/div>","protected":false},"excerpt":{"rendered":"<p>[vc_row full_width=&#8220;stretch_row&#8220; equal_height=&#8220;yes&#8220; css=&#8220;.vc_custom_1514376367963{margin-bottom: 0px !important;}&#8220;][vc_column offset=&#8220;vc_col-lg-8 vc_col-md-7&#8243;][vc_column_text css=&#8220;&#8220; css_animation=&#8220;bottom-to-top&#8220;] Isl\u00e4ndisches Wasser mit Lifjalla-Eco-Garantie, abgef\u00fcllt und verpackt in Belgien [\/vc_column_text][vc_column_text&#8230;<\/p>\n","protected":false},"author":15,"featured_media":0,"parent":0,"menu_order":0,"comment_status":"closed","ping_status":"closed","template":"","meta":{"footnotes":""},"class_list":["post-18824","page","type-page","status-publish"],"_links":{"self":[{"href":"https:\/\/www.lifjalla.be\/de\/wp-json\/wp\/v2\/pages\/18824","targetHints":{"allow":["GET"]}}],"collection":[{"href":"https:\/\/www.lifjalla.be\/de\/wp-json\/wp\/v2\/pages"}],"about":[{"href":"https:\/\/www.lifjalla.be\/de\/wp-json\/wp\/v2\/types\/page"}],"author":[{"embeddable":true,"href":"https:\/\/www.lifjalla.be\/de\/wp-json\/wp\/v2\/users\/15"}],"replies":[{"embeddable":true,"href":"https:\/\/www.lifjalla.be\/de\/wp-json\/wp\/v2\/comments?post=18824"}],"version-history":[{"count":10,"href":"https:\/\/www.lifjalla.be\/de\/wp-json\/wp\/v2\/pages\/18824\/revisions"}],"predecessor-version":[{"id":18887,"href":"https:\/\/www.lifjalla.be\/de\/wp-json\/wp\/v2\/pages\/18824\/revisions\/18887"}],"wp:attachment":[{"href":"https:\/\/www.lifjalla.be\/de\/wp-json\/wp\/v2\/media?parent=18824"}],"curies":[{"name":"wp","href":"https:\/\/api.w.org\/{rel}","templated":true}]}}