{"id":5261,"date":"2022-03-01T07:56:27","date_gmt":"2022-03-01T05:56:27","guid":{"rendered":"https:\/\/www.lifjalla.be\/contact\/"},"modified":"2022-09-25T23:45:42","modified_gmt":"2022-09-25T21:45:42","slug":"contact","status":"publish","type":"page","link":"https:\/\/www.lifjalla.be\/fr\/contact\/","title":{"rendered":"Contact"},"content":{"rendered":"<div class=\"wpb-content-wrapper\"><p>[vc_row full_width=\u00a0\u00bbstretch_row_content_no_spaces\u00a0\u00bb equal_height=\u00a0\u00bbyes\u00a0\u00bb content_placement=\u00a0\u00bbmiddle\u00a0\u00bb css=\u00a0\u00bb.vc_custom_1646277204530{margin-bottom: 0px !important;}\u00a0\u00bb][vc_column disable_custom_paddings_tablet=\u00a0\u00bbtrue\u00a0\u00bb disable_custom_paddings_mobile=\u00a0\u00bbtrue\u00a0\u00bb css=\u00a0\u00bb.vc_custom_1646289405801{margin-top: 0px !important;margin-bottom: 0px !important;padding-top: 80px !important;padding-right: 80px !important;padding-bottom: 80px !important;padding-left: 80px !important;background-color: #ffffff !important;}\u00a0\u00bb offset=\u00a0\u00bbvc_col-lg-6 vc_col-md-6 vc_col-xs-12&Prime;][vc_column_text css_animation=\u00a0\u00bbslideInUp\u00a0\u00bb]<\/p>\n<div class=\"styled-subtitle\" style=\"text-align: center;\">\n<p style=\"text-align: left;\"><strong>Bonjour \u00e0 tous!<\/strong> Merci de visiter le site web de Lifjalla. Nous sommes tr\u00e8s curieux de conna\u00eetre vos questions ou suggestions pour am\u00e9liorer encore notre service. Vos commentaires sont tr\u00e8s pr\u00e9cieux pour nous. Alors, n&rsquo;h\u00e9sitez pas \u00e0 nous envoyer un message au moyen du formulaire de contact. Nous vous contacterons bient\u00f4t.<\/p>\n<\/div>\n<p>[\/vc_column_text]<div class=\"clearboth\"><\/div><style>#thegem-divider-69fde969b37cd {margin-top: 30px !important;}<\/style><div id=\"thegem-divider-69fde969b37cd\" class=\"gem-divider  \" style=\"\" ><\/div>[vc_column_text css_animation=\u00a0\u00bbslideInUp\u00a0\u00bb]<\/p>\n<div class=\"styled-subtitle\" style=\"text-align: center;\">\n<p style=\"text-align: left;\">Vous souhaitez acheter de l&rsquo;eau de boisson saine et d\u00e9licieuse pour votre maison? Cliquez en ligne sur notre <strong><a href=\"https:\/\/www.lifjalla.be\/fr\/acheter-lifjalla\/\">localisateur de points de vente<\/a><\/strong> pour trouver le magasin Lifjalla le plus proche de chez vous ou sur la <strong><a href=\"https:\/\/lifjallashop.be\" target=\"_blank\" rel=\"noopener\">boutique en ligne officielle<\/a><\/strong> de Lifjalla.<\/p>\n<\/div>\n<p>[\/vc_column_text]<div class=\"clearboth\"><\/div><style>#thegem-divider-69fde969b38af {margin-top: 15px !important;}<\/style><div id=\"thegem-divider-69fde969b38af\" class=\"gem-divider  \" style=\"\" ><\/div>[vc_column_text css_animation=\u00a0\u00bbslideInUp\u00a0\u00bb]<\/p>\n<div class=\"styled-subtitle\">\n<p style=\"text-align: left;\">Vous souhaitez commander Lifjalla en grande quantit\u00e9 pour avoir une eau de boisson saine au bureau ou pour la distribuer dans votre commerce ? Nous nous ferons un plaisir de vous fournir un devis sur mesure.<\/p>\n<\/div>\n<p>[\/vc_column_text][\/vc_column][vc_column disable_custom_paddings_tablet=\u00a0\u00bbtrue\u00a0\u00bb disable_custom_paddings_mobile=\u00a0\u00bbtrue\u00a0\u00bb css=\u00a0\u00bb.vc_custom_1646277185724{margin-top: 0px !important;margin-bottom: 0px !important;padding-top: 80px !important;padding-right: 80px !important;padding-bottom: 80px !important;padding-left: 80px !important;background-color: #edf8fe !important;background-position: center !important;background-repeat: no-repeat !important;background-size: cover !important;}\u00a0\u00bb offset=\u00a0\u00bbvc_col-lg-6 vc_col-md-6 vc_col-xs-12&Prime;][vc_column_text css_animation=\u00a0\u00bbbottom-to-top\u00a0\u00bb]<\/p>\n<h2><span style=\"color: #393d50;\">Envoyez-nous un message<\/span><\/h2>\n<p>[\/vc_column_text]<div class=\"clearboth\"><\/div><style>#thegem-divider-69fde969b38fe {margin-top: 50px !important;}<\/style><div id=\"thegem-divider-69fde969b38fe\" class=\"gem-divider  \" style=\"\" ><\/div>\n<div class=\"wpcf7 no-js\" id=\"wpcf7-f578-o1\" lang=\"fr-FR\" dir=\"ltr\" data-wpcf7-id=\"578\">\n<div class=\"screen-reader-response\"><p role=\"status\" aria-live=\"polite\" aria-atomic=\"true\"><\/p> <ul><\/ul><\/div>\n<form action=\"\/fr\/wp-json\/wp\/v2\/pages\/5261#wpcf7-f578-o1\" method=\"post\" class=\"wpcf7-form init gem-contact-form-white\" aria-label=\"Formulaire de contact\" novalidate=\"novalidate\" data-status=\"init\">\n<fieldset class=\"hidden-fields-container\"><legend class=\"screen-reader-text\">Hidden fields<\/legend><input type=\"hidden\" name=\"_wpcf7\" value=\"578\" \/><input type=\"hidden\" name=\"_wpcf7_version\" value=\"6.1.5\" \/><input type=\"hidden\" name=\"_wpcf7_locale\" value=\"fr_FR\" \/><input type=\"hidden\" name=\"_wpcf7_unit_tag\" value=\"wpcf7-f578-o1\" \/><input type=\"hidden\" name=\"_wpcf7_container_post\" value=\"0\" \/><input type=\"hidden\" name=\"_wpcf7_posted_data_hash\" value=\"\" \/><input type=\"hidden\" name=\"_wpcf7_recaptcha_response\" value=\"\" \/>\n<\/fieldset>\n<div class=\"contact-form row\">\n\t<div class=\"col-lg-12 col-md-12 col-xs-12\" style=\"margin-bottom:25px;\">\n\t\t<div class=\"form-line gem-form-icon-name\">\n\t\t\t<span class=\"wpcf7-form-control-wrap\" data-name=\"your-name\"><input size=\"40\" maxlength=\"400\" class=\"wpcf7-form-control wpcf7-text wpcf7-validates-as-required\" aria-required=\"true\" aria-invalid=\"false\" placeholder=\"Nom*\" value=\"\" type=\"text\" name=\"your-name\" \/><\/span>\n\t\t<\/div>\n\t<\/div>\n\t<div class=\"col-lg-12 col-md-12 col-xs-12\" style=\"margin-bottom:25px;\">\n\t\t<div class=\"form-line gem-form-icon-email\">\n\t\t\t<span class=\"wpcf7-form-control-wrap\" data-name=\"your-email\"><input size=\"40\" maxlength=\"400\" class=\"wpcf7-form-control wpcf7-email wpcf7-validates-as-required wpcf7-text wpcf7-validates-as-email\" aria-required=\"true\" aria-invalid=\"false\" placeholder=\"E-mail*\" value=\"\" type=\"email\" name=\"your-email\" \/><\/span>\n\t\t<\/div>\n\t<\/div>\n\t<div class=\"col-lg-12 col-md-12 col-xs-12\" style=\"margin-bottom:25px;\">\n\t\t<div class=\"form-line\"><span class=\"wpcf7-form-control-wrap\" data-name=\"your-message\"><textarea cols=\"40\" rows=\"5\" maxlength=\"2000\" class=\"wpcf7-form-control wpcf7-textarea wpcf7-validates-as-required\" aria-required=\"true\" aria-invalid=\"false\" placeholder=\"Message\" name=\"your-message\"><\/textarea><\/span><\/div>\n\t<\/div>\n\t<div class=\"col-lg-12 col-md-12 col-xs-12\">\n\t\t<div class=\"form-line-button\"><div class=\"gem-button-container gem-button-position-fullwidth thegem-button-69fde969b4bad9022\"  ><input class=\"gem-button gem-button-size-medium gem-button-style-flat gem-button-text-weight-normal wpcf7-form-control wpcf7-submit has-spinner gem-button-wpcf-custom\" data-ll-effect=\"drop-right-without-wrap\" style=\"border-radius: 6px;\" onmouseleave=\"\" onmouseenter=\"\" id=\"\" tabindex=\"\" type=\"submit\" value=\"Envoyer\" \/><\/div> <\/div>\n\t<\/div>\n<\/div><div class=\"wpcf7-response-output\" aria-hidden=\"true\"><\/div>\n<\/form>\n<\/div>\n[\/vc_column][\/vc_row][vc_row full_width=\u00a0\u00bbstretch_row_content_no_spaces\u00a0\u00bb equal_height=\u00a0\u00bbyes\u00a0\u00bb content_placement=\u00a0\u00bbmiddle\u00a0\u00bb css=\u00a0\u00bb.vc_custom_1646277204530{margin-bottom: 0px !important;}\u00a0\u00bb][vc_column disable_custom_paddings_tablet=\u00a0\u00bbtrue\u00a0\u00bb disable_custom_paddings_mobile=\u00a0\u00bbtrue\u00a0\u00bb css=\u00a0\u00bb.vc_custom_1646289462514{margin-top: 0px !important;margin-bottom: 0px !important;padding-top: 80px !important;padding-right: 80px !important;padding-bottom: 80px !important;padding-left: 80px !important;background-color: #edf8fe !important;}\u00a0\u00bb offset=\u00a0\u00bbvc_col-lg-6 vc_col-md-6 vc_col-xs-12&Prime;][vc_column_text css_animation=\u00a0\u00bbbottom-to-top\u00a0\u00bb]<\/p>\n<div class=\"title-h2\">O\u00f9 nous trouver<\/div>\n<p>[\/vc_column_text]<div class=\"clearboth\"><\/div><style>#thegem-divider-69fde969b4cbd {margin-bottom: 2px !important;}<\/style><div id=\"thegem-divider-69fde969b4cbd\" class=\"gem-divider  \" style=\"\" ><\/div>[vc_column_text css=\u00a0\u00bb.vc_custom_1646179224104{padding-right: 30px !important;}\u00a0\u00bb]<\/p>\n<div class=\"styled-subtitle\" style=\"color: #2c2e3d;\">Si\u00e8ge principal de Lifjalla\u00ae<br \/>\nVeurnseweg 528<br \/>\n8906 Elverdinge (Belgi\u00eb)<br \/>\nT +32 498 10 17 42<br \/>\n<a href=\"mailto:info@lifjalla.be\">info@lifjalla.be<\/a><\/div>\n<p>[\/vc_column_text]<div class=\"socials socials-list socials-colored socials-default socials-alignment-left\"><a class=\"socials-item\" target=\"_blank\" href=\"https:\/\/www.facebook.com\/Lifjalla\" aria-label=\"facebook\"><i class=\"socials-item-icon facebook\" style=\"font-size: 24px\"><\/i><\/a><a class=\"socials-item\" target=\"_blank\" href=\"https:\/\/www.instagram.com\/lifjalla\/\" aria-label=\"instagram\"><i class=\"socials-item-icon instagram\" style=\"font-size: 24px\"><\/i><\/a><a class=\"socials-item\" target=\"_blank\" href=\"https:\/\/www.youtube.com\/channel\/UCxZb-QxFC8zoVyju8z8ugzQ\" aria-label=\"youtube\"><i class=\"socials-item-icon youtube\" style=\"font-size: 24px\"><\/i><\/a><\/div><div class=\"clearboth\"><\/div><style>#thegem-divider-69fde969b4d84 {margin-bottom: 30px !important;}<\/style><div id=\"thegem-divider-69fde969b4d84\" class=\"gem-divider  \" style=\"\" ><\/div>[vc_column_text]<\/p>\n<div class=\"small-body\"><span style=\"color: #5f727f;\">Lifjalla est une marque d&rsquo;Elementi nv (BE 0841.500.536)<\/span><\/div>\n<p>[\/vc_column_text]<div class=\"clearboth\"><\/div><style>#thegem-divider-69fde969b4dc4 {margin-bottom: 30px !important;}<\/style><div id=\"thegem-divider-69fde969b4dc4\" class=\"gem-divider  \" style=\"\" ><\/div>[\/vc_column][vc_column disable_custom_paddings_tablet=\u00a0\u00bbtrue\u00a0\u00bb disable_custom_paddings_mobile=\u00a0\u00bbtrue\u00a0\u00bb css=\u00a0\u00bb.vc_custom_1646277910854{margin-top: 0px !important;margin-bottom: 0px !important;padding-top: 80px !important;padding-right: 80px !important;padding-bottom: 80px !important;padding-left: 80px !important;background-color: #ffffff !important;background-position: center !important;background-repeat: no-repeat !important;background-size: cover !important;}\u00a0\u00bb offset=\u00a0\u00bbvc_col-lg-6 vc_col-md-6 vc_col-xs-12&Prime;][vc_column_text css_animation=\u00a0\u00bbbottom-to-top\u00a0\u00bb]<\/p>\n<div class=\"title-h2\" style=\"text-align: left;\">Vous \u00eates un professionnel et vous avez envie d\u2019une collaboration?<\/div>\n<p>[\/vc_column_text][vc_column_text css_animation=\u00a0\u00bbfadeIn\u00a0\u00bb]<\/p>\n<div class=\"styled-subtitle\" style=\"text-align: left;\">Vos clients m\u00e9ritent le meilleur et vous voulez mettre Lifjalla \u00e0 votre carte ou dans les rayons de votre magasin? Super! Votre interlocuteur commercial, Filiep, se fera un plaisir de vous expliquer comment r\u00e9aliser ensemble une collaboration gagnant-gagnant. Pensez par exemple \u00e0 des remises sur volume attrayantes, \u00e0 du mat\u00e9riel promotionnel gratuit, \u00e0 une pr\u00e9sence gratuite dans notre localisateur de points de vente en ligne&#8230; Quand pouvons-nous prendre rendez-vous dans votre magasin de boissons, votre magasin d&rsquo;eau, votre magasin bio, votre h\u00f4tel ou votre restaurant pour une pr\u00e9sentation sans engagement et une d\u00e9gustation rafra\u00eechissante?<\/div>\n<p>[\/vc_column_text]<div class=\"clearboth\"><\/div><style>#thegem-divider-69fde969b4dfd {margin-bottom: 30px !important;}<\/style><div id=\"thegem-divider-69fde969b4dfd\" class=\"gem-divider  \" style=\"\" ><\/div>[vc_column_text css_animation=\u00a0\u00bbslideInUp\u00a0\u00bb]<\/p>\n<div class=\"styled-subtitle\" style=\"text-align: left;\">Filiep Algoet | NL\/FR\/EN | M +32 471 81 30 57 | <a href=\"mailto:info@lifjalla.be\">info@lifjalla.be<\/a><\/div>\n<p>[\/vc_column_text][\/vc_column][\/vc_row][vc_row full_width=\u00a0\u00bbstretch_row\u00a0\u00bb equal_height=\u00a0\u00bbyes\u00a0\u00bb content_placement=\u00a0\u00bbmiddle\u00a0\u00bb css=\u00a0\u00bb.vc_custom_1646317646024{margin-bottom: 0px !important;padding-top: 40px !important;padding-bottom: 60px !important;background-color: #00bcd4 !important;}\u00a0\u00bb][vc_column offset=\u00a0\u00bbvc_col-lg-6 vc_col-md-6 vc_col-xs-12&Prime;]<div class=\"clearboth\"><\/div><style>#thegem-divider-69fde969b4e32 {margin-top: -13px !important;}<\/style><div id=\"thegem-divider-69fde969b4e32\" class=\"gem-divider  \" style=\"\" ><\/div><style type=\"text\/css\">.thegem-button-69fde969b4f5b3534.lazy-loading-before-start-animation .lazy-loading-item {opacity: 0;} body.thegem-effects-disabled .thegem-button-69fde969b4f5b3534.lazy-loading-before-start-animation .lazy-loading-item {opacity: 1;}<\/style><style type=\"text\/css\">.thegem-button-69fde969b4f5b3534 .gem-button svg {fill: #ffffff;}.thegem-button-69fde969b4f5b3534 .gem-button:hover svg {fill: #3c3a50;}<\/style><div class=\"gem-button-container gem-button-position-center thegem-button-69fde969b4f5b3534     lazy-loading lazy-loading-before-start-animation\"  ><a title=\"Lifjalla shops pr\u00e8s de chez vous\" class=\"gem-button gem-button-size-medium gem-button-style-flat gem-button-text-weight-normal gem-button-icon-position-left lazy-loading-item\" data-ll-effect=\"drop-right-without-wrap\" style=\"border-radius: 5px;background-color: #3c3a50;color: #ffffff;\" onmouseleave=\"this.style.backgroundColor='#3c3a50';this.style.color='#ffffff';\" onmouseenter=\"this.style.backgroundColor='#ffffff';this.style.color='#3c3a50';\" href=\"\/fr\/acheter-lifjalla\/\" target=\"_self\"><i class=\"gem-print-icon gem-icon-pack-elegant \">&#xe081;<\/i>Lifjalla shops pr\u00e8s de chez vous<\/a><\/div> [\/vc_column][vc_column offset=\u00a0\u00bbvc_col-lg-6 vc_col-md-6 vc_col-xs-12&Prime; css=\u00a0\u00bb.vc_custom_1646318131457{padding-right: 0px !important;padding-left: 0px !important;}\u00a0\u00bb]<div class=\"clearboth\"><\/div><style>#thegem-divider-69fde969b4feb {margin-top: -13px !important;}<\/style><div id=\"thegem-divider-69fde969b4feb\" class=\"gem-divider  \" style=\"\" ><\/div><style type=\"text\/css\">.thegem-button-69fde969b50b67956.lazy-loading-before-start-animation .lazy-loading-item {opacity: 0;} body.thegem-effects-disabled .thegem-button-69fde969b50b67956.lazy-loading-before-start-animation .lazy-loading-item {opacity: 1;}<\/style><style type=\"text\/css\">.thegem-button-69fde969b50b67956 .gem-button svg {fill: #ffffff;}.thegem-button-69fde969b50b67956 .gem-button:hover svg {fill: #3c3a50;}<\/style><div class=\"gem-button-container gem-button-position-center thegem-button-69fde969b50b67956     lazy-loading lazy-loading-before-start-animation\"  ><a title=\"Lifjalla webshop\" class=\"gem-button gem-button-size-medium gem-button-style-flat gem-button-text-weight-normal gem-button-icon-position-left lazy-loading-item\" data-ll-effect=\"drop-right-without-wrap\" style=\"border-radius: 5px;background-color: #3c3a50;color: #ffffff;\" onmouseleave=\"this.style.backgroundColor='#3c3a50';this.style.color='#ffffff';\" onmouseenter=\"this.style.backgroundColor='#ffffff';this.style.color='#3c3a50';\" href=\"https:\/\/lifjallashop.be\" target=\"_blank\"><i class=\"gem-print-icon gem-icon-pack-material \">&#xf1e6;<\/i>Lifjalla webshop<\/a><\/div> [\/vc_column][\/vc_row]<\/p>\n<\/div>","protected":false},"excerpt":{"rendered":"<p>[vc_row full_width=\u00a0\u00bbstretch_row_content_no_spaces\u00a0\u00bb equal_height=\u00a0\u00bbyes\u00a0\u00bb content_placement=\u00a0\u00bbmiddle\u00a0\u00bb css=\u00a0\u00bb.vc_custom_1646277204530{margin-bottom: 0px !important;}\u00a0\u00bb][vc_column disable_custom_paddings_tablet=\u00a0\u00bbtrue\u00a0\u00bb disable_custom_paddings_mobile=\u00a0\u00bbtrue\u00a0\u00bb css=\u00a0\u00bb.vc_custom_1646289405801{margin-top: 0px !important;margin-bottom: 0px !important;padding-top: 80px !important;padding-right: 80px !important;padding-bottom: 80px !important;padding-left:&#8230;<\/p>\n","protected":false},"author":15,"featured_media":0,"parent":0,"menu_order":0,"comment_status":"closed","ping_status":"closed","template":"","meta":{"footnotes":""},"class_list":["post-5261","page","type-page","status-publish"],"_links":{"self":[{"href":"https:\/\/www.lifjalla.be\/fr\/wp-json\/wp\/v2\/pages\/5261","targetHints":{"allow":["GET"]}}],"collection":[{"href":"https:\/\/www.lifjalla.be\/fr\/wp-json\/wp\/v2\/pages"}],"about":[{"href":"https:\/\/www.lifjalla.be\/fr\/wp-json\/wp\/v2\/types\/page"}],"author":[{"embeddable":true,"href":"https:\/\/www.lifjalla.be\/fr\/wp-json\/wp\/v2\/users\/15"}],"replies":[{"embeddable":true,"href":"https:\/\/www.lifjalla.be\/fr\/wp-json\/wp\/v2\/comments?post=5261"}],"version-history":[{"count":5,"href":"https:\/\/www.lifjalla.be\/fr\/wp-json\/wp\/v2\/pages\/5261\/revisions"}],"predecessor-version":[{"id":10571,"href":"https:\/\/www.lifjalla.be\/fr\/wp-json\/wp\/v2\/pages\/5261\/revisions\/10571"}],"wp:attachment":[{"href":"https:\/\/www.lifjalla.be\/fr\/wp-json\/wp\/v2\/media?parent=5261"}],"curies":[{"name":"wp","href":"https:\/\/api.w.org\/{rel}","templated":true}]}}