{"id":5274,"date":"2022-03-02T06:51:01","date_gmt":"2022-03-02T04:51:01","guid":{"rendered":"https:\/\/www.lifjalla.be\/lifjalla\/ecologie-ijslands-water\/"},"modified":"2022-03-20T01:32:34","modified_gmt":"2022-03-20T00:32:34","slug":"eau-islande-eco","status":"publish","type":"page","link":"https:\/\/www.lifjalla.be\/fr\/eau-islande-eco\/","title":{"rendered":"Emballage intelligent et garantie \u00e9cologique"},"content":{"rendered":"<div class=\"wpb-content-wrapper\"><p>[vc_row full_width=\u00a0\u00bbstretch_row\u00a0\u00bb equal_height=\u00a0\u00bbyes\u00a0\u00bb css=\u00a0\u00bb.vc_custom_1514376367963{margin-bottom: 0px !important;}\u00a0\u00bb][vc_column offset=\u00a0\u00bbvc_col-lg-8 vc_col-md-7&Prime;][vc_column_text css_animation=\u00a0\u00bbbottom-to-top\u00a0\u00bb]<\/p>\n<div class=\"title-h1\" style=\"text-align: left;\">L&rsquo;eau Islandaise avec la garantie \u00e9cologique de Lifjalla<\/div>\n<p>[\/vc_column_text]<div class=\"clearboth\"><\/div><style>#thegem-divider-6a08fd5fde43f {margin-top: 45px !important;}<\/style><div id=\"thegem-divider-6a08fd5fde43f\" class=\"gem-divider  \" style=\"\" ><\/div>[vc_column_text css_animation=\u00a0\u00bbbottom-to-top\u00a0\u00bb]<\/p>\n<div class=\"styled-subtitle\" style=\"text-align: left;\"><span style=\"color: #3c3950;\">Avec Lifjalla, vous n&rsquo;avez pas \u00e0 choisir entre le go\u00fbt, la sant\u00e9 et l&rsquo;environnement. Nous avons fait le choix de conditionner notre eau islandaise dans un bag-in-box techniquement innovant. Il est fabriqu\u00e9 de mani\u00e8re durable, est enti\u00e8rement recyclable, compact et empilable, facile \u00e0 utiliser et hygi\u00e9nique. Et cela ne s&rsquo;arr\u00eate pas l\u00e0, car nous d\u00e9ployons \u00e9galement des efforts dans le domaine de l&rsquo;entreprise durable et \u00e9cologiquement responsable. Nous respectons l&rsquo;environnement et faisons le maximum pour prot\u00e9ger la plan\u00e8te : telle est la garantie \u00e9cologique que nous vous offrons en toute transparence.<\/span><\/div>\n<p>[\/vc_column_text]<div class=\"clearboth\"><\/div><style>#thegem-divider-6a08fd5fde4f0 {margin-top: 45px !important;}<\/style><div id=\"thegem-divider-6a08fd5fde4f0\" class=\"gem-divider  \" style=\"\" ><\/div>[vc_column_text css_animation=\u00a0\u00bbbottom-to-top\u00a0\u00bb]<\/p>\n<div class=\"title-h2\" style=\"text-align: left;\">Le choix avis\u00e9 du bag-in-box<\/div>\n<p>[\/vc_column_text][vc_column_text css_animation=\u00a0\u00bbbottom-to-top\u00a0\u00bb]<\/p>\n<p style=\"text-align: left;\">Ce n&rsquo;est pas un hasard si nous conditionnons l&rsquo;eau Lifjalla non pas dans des bouteilles en plastique, mais dans des bag-in-box. En effet, ce type d&#8217;emballage techniquement sophistiqu\u00e9 offre des avantages significatifs pour nos clients, la qualit\u00e9 des produits et la plan\u00e8te..<\/p>\n<p>[\/vc_column_text]<div class=\"clearboth\"><\/div><style>#thegem-divider-6a08fd5fde53f {margin-top: 45px !important;}<\/style><div id=\"thegem-divider-6a08fd5fde53f\" class=\"gem-divider  \" style=\"\" ><\/div>[\/vc_column][vc_column offset=\u00a0\u00bbvc_col-lg-4 vc_col-md-5&Prime;]<div class=\"centered-box gem-image-centered-box\" ><div class=\"gem-image gem-wrapbox gem-wrapbox-style-default gem-wrapbox-position-centered lazy-loading  thegem-custom-6a08fd5fde5d8626\"  style=\"\" ><div class=\"gem-wrapbox-inner  lazy-loading-item\"  data-ll-effect=\"move-up\"><img class=\"gem-wrapbox-element img-responsive\" src=\"https:\/\/www.lifjalla.be\/wp-content\/uploads\/2022\/03\/125185503_5106058562801935_3299395116343048616_n.jpg\" alt=\"\"\/><\/div><style type=\"text\/css\">.thegem-custom-6a08fd5fde5d8626.gem-image a:hover img {filter: brightness( 100% ) contrast( 100% ) saturate( 100% ) blur( 0px ) hue-rotate( 0deg );}<\/style><\/div><\/div>[\/vc_column][\/vc_row][vc_row][vc_column][vc_column_text css_animation=\u00a0\u00bbbottom-to-top\u00a0\u00bb]<\/p>\n<div class=\"title-h3\" style=\"text-align: left;\"><strong>1. Respectueux de l&rsquo;environnement et durable<\/strong><\/div>\n<p>[\/vc_column_text][vc_row_inner equal_height=\u00a0\u00bbyes\u00a0\u00bb disable_custom_paddings_tablet=\u00a0\u00bbtrue\u00a0\u00bb disable_custom_paddings_mobile=\u00a0\u00bbtrue\u00a0\u00bb][vc_column_inner width=\u00a0\u00bb1\/2&Prime;][vc_column_text css_animation=\u00a0\u00bbbottom-to-top\u00a0\u00bb]<\/p>\n<div class=\"title-h4\" style=\"text-align: left;\">Mat\u00e9riaux recyclables<\/div>\n<p>[\/vc_column_text][vc_column_text]L&rsquo;ext\u00e9rieur en carton du bag-in-box est compos\u00e9 de carton ondul\u00e9 certifi\u00e9 FSC provenant de for\u00eats g\u00e9r\u00e9es durablement. Une fois termin\u00e9, il vous suffit de replier le carton d&rsquo;eau islandaise enti\u00e8rement recyclable et de le remettre \u00e0 la collecte de papier. Pas de tracas, pas de d\u00e9chets et beaucoup moins de plastique dans la nature ! Le sac int\u00e9rieur souple se retire facilement, ce qui vous permet de le trier avec les d\u00e9chets plastiques recyclables. \u00c0 propos, ce sac est exempt de BPA, et ne rejette donc pas de bisph\u00e9nol A dans les eaux souterraines pendant le recyclage.[\/vc_column_text][\/vc_column_inner][vc_column_inner width=\u00a0\u00bb1\/2&Prime;][vc_column_text css_animation=\u00a0\u00bbbottom-to-top\u00a0\u00bb]<\/p>\n<div class=\"title-h4\" style=\"text-align: left;\">Compact pour le transport<\/div>\n<p>[\/vc_column_text][vc_column_text]Le stockage et le transport routier sont \u00e9galement beaucoup plus \u00e9cologiques avec des emballages bag-in-box compacts et empilables qu&rsquo;avec des bouteilles. Et ce, aussi bien pour le transport du fabricant d&#8217;emballages vers nos usines de remplissage (cartons transport\u00e9s pli\u00e9s \u00e0 plat) que pour le transport de bag-in-box remplis vers nos clients finaux (empilables et donc peu encombrants).[\/vc_column_text][\/vc_column_inner][vc_column_inner][vc_column_text css_animation=\u00a0\u00bbbottom-to-top\u00a0\u00bb]<\/p>\n<div class=\"title-h4\" style=\"text-align: left;\">Moins d&#8217;emballages et moins de d\u00e9chets<\/div>\n<p>[\/vc_column_text][vc_column_text]En effet, la longue p\u00e9riode de conservation associ\u00e9e \u00e0 la possibilit\u00e9 de consommer au verre permet de r\u00e9duire consid\u00e9rablement les d\u00e9chets alimentaires. Par ailleurs, nos emballages non pas d\u2019un litre, mais bien de 5 ou 10 litres permettent de r\u00e9duire consid\u00e9rablement la quantit\u00e9 de mat\u00e9riaux d&#8217;emballage.[\/vc_column_text][\/vc_column_inner][\/vc_row_inner][vc_column_text css_animation=\u00a0\u00bbbottom-to-top\u00a0\u00bb]<\/p>\n<div class=\"title-h3\" style=\"text-align: left;\"><strong>2. Protection optimale de la qualit\u00e9 du produit<\/strong><\/div>\n<p>[\/vc_column_text][vc_column_text]\u00c0 l&rsquo;int\u00e9rieur du bag-in-box en carton se trouve un syst\u00e8me herm\u00e9tique qui pr\u00e9serve parfaitement la saveur, l&rsquo;\u00e9quilibre min\u00e9ral et la teneur en oxyg\u00e8ne. En effet, le sac souple et hygi\u00e9nique prot\u00e8ge votre eau islandaise naturellement pure de la lumi\u00e8re, de l&rsquo;air et de la pollution. Saviez-vous que votre carton d\u2019eau Lifjalla peut se conserver deux ans sans perdre sa qualit\u00e9 et son go\u00fbt ?[\/vc_column_text]<style type=\"text\/css\">.thegem-button-6a08fd5fdeb15564.lazy-loading-before-start-animation .lazy-loading-item {opacity: 0;} body.thegem-effects-disabled .thegem-button-6a08fd5fdeb15564.lazy-loading-before-start-animation .lazy-loading-item {opacity: 1;}<\/style><style type=\"text\/css\">.thegem-button-6a08fd5fdeb15564 .gem-button svg {fill: #00bcd4;}.thegem-button-6a08fd5fdeb15564 .gem-button:hover svg {fill: #ffffff;}<\/style><div class=\"gem-button-container gem-button-position-inline thegem-button-6a08fd5fdeb15564     lazy-loading lazy-loading-before-start-animation\"  ><a title=\"La composition min\u00e9rale\" class=\"gem-button gem-button-size-small gem-button-style-outline gem-button-text-weight-normal gem-button-border-2 lazy-loading-item\" data-ll-effect=\"drop-right-without-wrap\" style=\"border-radius: 6px;border-color: #00bcd4;color: #00bcd4;\" onmouseleave=\"this.style.borderColor='#00bcd4';this.style.backgroundColor='transparent';this.style.color='#00bcd4';\" onmouseenter=\"this.style.borderColor='#00bcd4';this.style.backgroundColor='#00bcd4';this.style.color='#ffffff';\" href=\"https:\/\/www.lifjalla.be\/fr\/lifjalla\/leau-lifjalla\/\" target=\"_self\">La composition min\u00e9rale<\/a><\/div> <div class=\"clearboth\"><\/div><style>#thegem-divider-6a08fd5fdebb6 {margin-top: 45px !important;}<\/style><div id=\"thegem-divider-6a08fd5fdebb6\" class=\"gem-divider  \" style=\"\" ><\/div>[vc_column_text css_animation=\u00a0\u00bbbottom-to-top\u00a0\u00bb]<\/p>\n<div class=\"title-h3\" style=\"text-align: left;\"><strong>3. Pratique et adapt\u00e9 aux enfants<\/strong><\/div>\n<p>[\/vc_column_text][vc_column_text]Bien s\u00fbr, le robinet int\u00e9gr\u00e9 est bien plus agr\u00e9able qu&rsquo;un bouchon classique \u00e0 visser. Qui sait, cela vous incitera peut-\u00eatre \u00e0 remplir votre verre un peu plus souvent&#8230; Le robinet est aussi beaucoup plus amusant et pratique pour les enfants, qui peuvent d\u00e9sormais remplir leur verre sans aide et sans renverser.[\/vc_column_text]<div class=\"clearboth\"><\/div><style>#thegem-divider-6a08fd5fdebef {margin-top: 80px !important;}<\/style><div id=\"thegem-divider-6a08fd5fdebef\" class=\"gem-divider  \" style=\"\" ><\/div>[vc_column_text css_animation=\u00a0\u00bbbottom-to-top\u00a0\u00bb]<\/p>\n<div class=\"title-h2\" style=\"text-align: left;\">Informations pratiques sur l&#8217;emballage<\/div>\n<p>[\/vc_column_text]<div class=\"gem-table gem-table-responsive gem-table-style-1 row-headers\"><table style=\"width: 100%;\">\n<thead>\n<tr>\n<th>\n<h6><\/h6>\n<\/th>\n<th>\n<h6>Lifjalla 5 litres<\/h6>\n<\/th>\n<th>\n<h6>Lifjalla 10 litres<\/h6>\n<\/th>\n<\/tr>\n<\/thead>\n<tbody>\n<tr>\n<td>Contenu net<\/td>\n<td>5 litres<\/td>\n<td>10 litres<\/td>\n<\/tr>\n<tr>\n<td>\n<div><span lang=\"NL\"># BIB \/ reconditionnement<\/span><\/div>\n<\/td>\n<td>4<\/td>\n<td>2<\/td>\n<\/tr>\n<tr>\n<td>\n<div><span lang=\"NL\"># BIB \/ palette<\/span><\/div>\n<\/td>\n<td>152<\/td>\n<td>72<\/td>\n<\/tr>\n<\/tbody>\n<\/table>\n<\/div><div class=\"clearboth\"><\/div><style>#thegem-divider-6a08fd5fded5c {margin-top: 100px !important;}<\/style><div id=\"thegem-divider-6a08fd5fded5c\" class=\"gem-divider  \" style=\"\" ><\/div>[\/vc_column][\/vc_row][vc_row full_width=\u00a0\u00bbstretch_row\u00a0\u00bb content_placement=\u00a0\u00bbmiddle\u00a0\u00bb css=\u00a0\u00bb.vc_custom_1646336909405{margin-bottom: 0px !important;background: #ffffff url(https:\/\/www.lifjalla.be\/wp-content\/uploads\/2022\/02\/38-scaled.jpg?id=3439) !important;background-position: center !important;background-repeat: no-repeat !important;background-size: cover !important;}\u00a0\u00bb custom_css_code=\u00a0\u00bbLmNhbGwtdG8tYWN0aW9uLTA5JTdCJTBBJTIwJTIwJTIwJTIwcG9zaXRpb24lM0ElMjByZWxhdGl2ZSUzQiUwQSUyMCUyMCUyMCUyMGRpc3BsYXklM0ElMjBmbGV4JTNCJTBBJTIwJTIwJTIwJTIwd2lkdGglM0ElMjAxMDAlMjUlM0IlMEElN0QlMEEuY2FsbC10by1hY3Rpb24tMDklMjBsYWJlbC55aWtlcy1tYWlsY2hpbXAtZmllbGQtcmVxdWlyZWQlN0IlMEElMjAlMjAlMjAlMjBwb3NpdGlvbiUzQSUyMHJlbGF0aXZlJTNCJTBBJTIwJTIwJTIwJTIwZGlzcGxheSUzQSUyMGZsZXglM0IlMEElMjAlMjAlMjAlMjBhbGlnbi1pdGVtcyUzQSUyMGNlbnRlciUzQiUwQSUyMCUyMCUyMCUyMHdpZHRoJTNBJTIwMTAwJTI1JTNCJTBBJTIwJTIwJTIwJTIwaGVpZ2h0JTNBJTIwNDBweCUzQiUwQSUyMCUyMCUyMCUyMHBhZGRpbmclM0ElMjAwJTNCJTBBJTIwJTIwJTIwJTIwbWFyZ2luJTNBJTIwMCUzQiUwQSUyMCUyMCUyMCUyMGZsb2F0JTNBJTIwbm9uZSUzQiUwQSU3RCUwQS5jYWxsLXRvLWFjdGlvbi0wOSUyMC55aWtlcy1lYXN5LW1jLWVtYWlsJTdCJTBBJTIwJTIwJTIwJTIwZGlzcGxheSUzQSUyMGJsb2NrJTNCJTBBJTIwJTIwJTIwJTIwd2lkdGglM0ElMjAxMDAlMjUlM0IlMEElMjAlMjAlMjAlMjBoZWlnaHQlM0ElMjAxMDAlMjUlM0IlMEElMjAlMjAlMjAlMjBwYWRkaW5nJTNBJTIwMCUyMDU1cHglMjAwJTIwMTVweCUzQiUwQSUyMCUyMCUyMCUyMG1hcmdpbiUzQSUyMDAlM0IlMEElMjAlMjAlMjAlMjBib3JkZXIlM0ElMjBub25lJTNCJTBBJTIwJTIwJTIwJTIwYmFja2dyb3VuZCUzQSUyMCUyM2ZmZmZmZiUzQiUwQSUyMCUyMCUyMCUyMGNvbG9yJTNBJTIwJTIzM2MzOTUwJTNCJTBBJTdEJTBBLmNhbGwtdG8tYWN0aW9uLTA5JTIwLmZvcm0tZmllbGQtZGVzY3JpcHRpb24lN0IlMEElMjAlMjAlMjAlMjBwb3NpdGlvbiUzQSUyMGFic29sdXRlJTNCJTBBJTIwJTIwJTIwJTIwbGVmdCUzQSUyMDAlM0IlMEElMjAlMjAlMjAlMjBib3R0b20lM0ElMjAtMzBweCUzQiUwQSUyMCUyMCUyMCUyMGNvbG9yJTNBJTIwJTIzZmZmZmZmJTNCJTBBJTIwJTIwJTIwJTIwZm9udC1zdHlsZSUzQSUyMG5vcm1hbCUzQiUwQSU3RCUwQS5jYWxsLXRvLWFjdGlvbi0wOSUyMGxhYmVsLnN1Ym1pdC1idXR0b24taW5saW5lLWxhYmVsJTdCJTBBJTIwJTIwJTIwJTIwcG9zaXRpb24lM0ElMjBhYnNvbHV0ZSUzQiUwQSUyMCUyMCUyMCUyMGRpc3BsYXklM0ElMjBmbGV4JTNCJTBBJTIwJTIwJTIwJTIwYWxpZ24taXRlbXMlM0ElMjBjZW50ZXIlM0IlMEElMjAlMjAlMjAlMjBqdXN0aWZ5LWNvbnRlbnQlM0ElMjBjZW50ZXIlM0IlMEElMjAlMjAlMjAlMjB0b3AlM0ElMjAwJTNCJTBBJTIwJTIwJTIwJTIwcmlnaHQlM0ElMjAwJTNCJTBBJTIwJTIwJTIwJTIwaGVpZ2h0JTNBJTIwNDBweCUzQiUwQSUyMCUyMCUyMCUyMG1pbi13aWR0aCUzQSUyMDQwcHglM0IlMEElMjAlMjAlMjAlMjB3aWR0aCUzQSUyMDQwcHglM0IlMEElMjAlMjAlMjAlMjBwYWRkaW5nJTNBJTIwMCUzQiUwQSUyMCUyMCUyMCUyMG1hcmdpbiUzQSUyMDAlM0IlMEElMjAlMjAlMjAlMjBmbG9hdCUzQSUyMG5vbmUlM0IlMEElN0QlMEEuY2FsbC10by1hY3Rpb24tMDklMjAueWlrZXMtZWFzeS1tYy1zdWJtaXQtYnV0dG9uJTdCJTBBJTIwJTIwJTIwJTIwcG9zaXRpb24lM0ElMjByZWxhdGl2ZSUzQiUwQSUyMCUyMCUyMCUyMGRpc3BsYXklM0ElMjBmbGV4JTNCJTBBJTIwJTIwJTIwJTIwYWxpZ24taXRlbXMlM0ElMjBjZW50ZXIlM0IlMEElMjAlMjAlMjAlMjBqdXN0aWZ5LWNvbnRlbnQlM0ElMjBjZW50ZXIlM0IlMEElMjAlMjAlMjAlMjB3aWR0aCUzQSUyMDEwMCUyNSUzQiUwQSUyMCUyMCUyMCUyMGhlaWdodCUzQSUyMDEwMCUyNSUzQiUwQSUyMCUyMCUyMCUyMG1hcmdpbiUzQSUyMDAlM0IlMEElMjAlMjAlMjAlMjBwYWRkaW5nJTNBJTIwMCUzQiUwQSUyMCUyMCUyMCUyMGJvcmRlci1yYWRpdXMlM0ElMjAwJTNCJTBBJTIwJTIwJTIwJTIwYmFja2dyb3VuZCUzQSUyMCUyM2RmZTVlOCUzQiUwQSUyMCUyMCUyMCUyMHRleHQtYWxpZ24lM0ElMjBjZW50ZXIlM0IlMEElMjAlMjAlMjAlMjB0ZXh0LXRyYW5zZm9ybSUzQSUyMHVwcGVyY2FzZSUzQiUwQSUyMCUyMCUyMCUyMGNvbG9yJTNBJTIwJTIzM2MzOTUwJTNCJTBBJTIwJTIwJTIwJTIwZm9udC1zaXplJTNBJTIwMCUzQiUwQSU3RCUwQS5jYWxsLXRvLWFjdGlvbi0wOSUyMC55aWtlcy1lYXN5LW1jLXN1Ym1pdC1idXR0b24lM0FiZWZvcmUlN0IlMEElMjAlMjAlMjAlMjBjb250ZW50JTNBJTIwJTI3JTVDZTYwMSUyNyUzQiUwQSUyMCUyMCUyMCUyMGZvbnQtZmFtaWx5JTNBJTIwdGhlZ2VtLWljb25zJTNCJTBBJTIwJTIwJTIwJTIwZm9udC1zaXplJTNBJTIwMjRweCUzQiUwQSU3RCUwQS5jYWxsLXRvLWFjdGlvbi0wOSUyMC55aWtlcy1lYXN5LW1jLXN1Ym1pdC1idXR0b24lM0Fob3ZlciU3QiUwQSUyMCUyMCUyMCUyMGJhY2tncm91bmQlM0ElMjAlMjMzYzM5NTAlM0IlMEElMjAlMjAlMjAlMjBjb2xvciUzQSUyMCUyM2ZmZmZmZiUzQiUwQSU3RA==\u00a0\u00bb][vc_column css=\u00a0\u00bb.vc_custom_1646329992902{padding-top: 60px !important;padding-bottom: 60px !important;}\u00a0\u00bb][vc_row_inner content_placement=\u00a0\u00bbmiddle\u00a0\u00bb css=\u00a0\u00bb.vc_custom_1646329216185{margin-top: 20px !important;margin-right: 0px !important;margin-bottom: 0px !important;margin-left: 0px !important;padding-top: 30px !important;padding-bottom: 50px !important;background-color: rgba(51,49,68,0.8) !important;*background-color: rgb(51,49,68) !important;}\u00a0\u00bb][vc_column_inner disable_custom_paddings_tablet=\u00a0\u00bbtrue\u00a0\u00bb disable_custom_paddings_mobile=\u00a0\u00bbtrue\u00a0\u00bb css=\u00a0\u00bb.vc_custom_1646329200301{padding-left: 50px !important;}\u00a0\u00bb][vc_column_text css_animation=\u00a0\u00bbbottom-to-top\u00a0\u00bb]<\/p>\n<div class=\"title-h2\" style=\"text-align: left;\"><span style=\"color: #ffffff;\">Que faisons-nous de plus pour prot\u00e9ger notre plan\u00e8te?<\/span><\/div>\n<p>[\/vc_column_text]<div class=\"gem-list gem-list-type-check-style-2 gem-list-color-12\" ><ul>\n<li><span style=\"color: #ffffff;\">R\u00e9duction des \u00e9missions de CO2 en transportant l&rsquo;eau Islandaise vers la Belgique par bateau, dans de grandes cargaisons en vrac, au lieu de l\u2019embouteiller \u00e0 la source et la transporter emball\u00e9e.<\/span><\/li>\n<li><span style=\"color: #ffffff;\">Le si\u00e8ge de Lifjalla est \u00e9quip\u00e9 de technologies \u00e9conomes en \u00e9nergie, comme les nombreux panneaux solaires qui couvrent presque enti\u00e8rement nos besoins en \u00e9lectricit\u00e9.<\/span><\/li>\n<li><span style=\"color: #ffffff;\">Moins il y a de trajets, mieux c&rsquo;est! C&rsquo;est pourquoi, avec des remises sur volume int\u00e9ressantes, nous encourageons les distributeurs de Lifjalla \u00e0 commander autant que possible par palette compl\u00e8te.<\/span><\/li>\n<li><span style=\"color: #ffffff;\">En conditionnant l&rsquo;eau Lifjalla dans des emballages de 5 ou 10 litres et non d\u2019un litre, nous \u00e9conomisons beaucoup de mat\u00e9riaux d&#8217;emballage et r\u00e9duisons consid\u00e9rablement la quantit\u00e9 de d\u00e9chets.<\/span><\/li>\n<\/ul>\n<\/div>[\/vc_column_inner][\/vc_row_inner][\/vc_column][\/vc_row][vc_row full_width=\u00a0\u00bbstretch_row\u00a0\u00bb content_placement=\u00a0\u00bbmiddle\u00a0\u00bb css=\u00a0\u00bb.vc_custom_1646118068111{margin-bottom: 0px !important;}\u00a0\u00bb custom_css_code=\u00a0\u00bbJTQwbWVkaWElMjAlMjhtYXgtd2lkdGglM0ElMjA0ODBweCUyOSU3QiUwQSUyMCUyMCUyMC5nZW0tYnV0dG9uLXNpemUtZ2lhbnQlN0IlMEElMjAlMjAlMjAlMjAlMjAlMjAlMjAlMjBmb250LXNpemUlM0ElMjAxNnB4JTNCJTBBJTIwJTIwJTIwJTIwJTIwJTIwJTIwJTIwYm9yZGVyLXdpZHRoJTNBJTIwNHB4JTNCJTBBJTIwJTIwJTIwJTIwJTIwJTIwJTIwJTIwbWFyZ2luJTNBMCUzQiUwQSUyMCUyMCUyMCUyMCUyMCUyMCUyMCUyMHBhZGRpbmclM0ElMjAwcHglMjAxMHB4JTNCJTBBJTIwJTIwJTIwJTdEJTBBJTdE\u00a0\u00bb][vc_column css=\u00a0\u00bb.vc_custom_1587643950260{padding-top: 0px !important;}\u00a0\u00bb]<div id=\"fullwidth-block-6a08fd5fdee63\" class=\"fullwidth-block clearfix\"  style=\"background-color: #ffffff;background: linear-gradient(to right, #008ee2, #00d1d8);\"><script type=\"text\/javascript\">if (typeof(gem_fix_fullwidth_position) == \"function\") { gem_fix_fullwidth_position(document.getElementById(\"fullwidth-block-6a08fd5fdee63\")); }<\/script><div class=\"fullwidth-block-inner\"><div class=\"container\"><div class=\"gem-textbox  centered-box\"  ><div class=\"gem-textbox-inner\" style=\"\"><div class=\"gem-textbox-content\" style=\"background-position: center center;\"><div class=\"clearboth\"><\/div><style>#thegem-divider-6a08fd5fdf03e {margin-top: 50px !important;}<\/style><div id=\"thegem-divider-6a08fd5fdf03e\" class=\"gem-divider  \" style=\"\" ><\/div>[vc_column_text]<\/p>\n<div class=\"title-h2\"><span style=\"color: #ffffff;\">Envie de plus?<\/span><\/div>\n<p>[\/vc_column_text][vc_column_text]<span class=\"styled-subtitle\" style=\"color: #ffffff;\">Trouvez un distributeur Lifjalla dans votre r\u00e9gion ou commandez sur lifjallashop.be votre eau islandaise naturellement pure pour votre maison ou votre bureau.<br \/>\n<\/span>[\/vc_column_text]<style type=\"text\/css\">.thegem-button-6a08fd5fdf12b9956.lazy-loading-before-start-animation .lazy-loading-item {opacity: 0;} body.thegem-effects-disabled .thegem-button-6a08fd5fdf12b9956.lazy-loading-before-start-animation .lazy-loading-item {opacity: 1;}<\/style><style type=\"text\/css\">.thegem-button-6a08fd5fdf12b9956 .gem-button svg {fill: #ffffff;}.thegem-button-6a08fd5fdf12b9956 .gem-button:hover svg {fill: #333144;}<\/style><div class=\"gem-button-container gem-button-position-center thegem-button-6a08fd5fdf12b9956     lazy-loading lazy-loading-before-start-animation\"  ><a title=\"Achetez ici\" class=\"gem-button gem-button-size-medium gem-button-style-flat gem-button-text-weight-normal gem-button-icon-position-left lazy-loading-item\" data-ll-effect=\"drop-right-without-wrap\" style=\"border-radius: 6px;background-color: #333144;color: #ffffff;\" onmouseleave=\"this.style.backgroundColor='#333144';this.style.color='#ffffff';\" onmouseenter=\"this.style.backgroundColor='#ffffff';this.style.color='#333144';\" href=\"\/fr\/acheter-lifjalla\/\" target=\"_self\"><i class=\"gem-print-icon gem-icon-pack-material \">&#xf1e6;<\/i>Achetez ici<\/a><\/div> <div class=\"clearboth\"><\/div><style>#thegem-divider-6a08fd5fdf1b2 {margin-top: 35px !important;}<\/style><div id=\"thegem-divider-6a08fd5fdf1b2\" class=\"gem-divider  \" style=\"\" ><\/div><\/div><\/div><\/div><\/div><\/div><\/div>[\/vc_column][\/vc_row][vc_row gap=\u00a0\u00bb35&Prime; equal_height=\u00a0\u00bbyes\u00a0\u00bb content_placement=\u00a0\u00bbtop\u00a0\u00bb css=\u00a0\u00bb.vc_custom_1646241730971{padding-top: 80px !important;padding-bottom: 40px !important;}\u00a0\u00bb][vc_column width=\u00a0\u00bb1\/2&Prime;][vc_row_inner][vc_column_inner]<div class=\"clearboth\"><\/div><style>#thegem-divider-6a08fd5fdf206 {margin-bottom: 2px !important;}<\/style><div id=\"thegem-divider-6a08fd5fdf206\" class=\"gem-divider  \" style=\"\" ><\/div>[vc_column_text css=\u00a0\u00bb.vc_custom_1646084268216{padding-right: 30px !important;}\u00a0\u00bb]<span style=\"color: #2c2e3d;\">Si\u00e8ge principal de Lifjalla\u00ae<br \/>\nVeurnseweg 528<br \/>\n8906 Elverdinge (Belgi\u00eb)<br \/>\nT +32 498 10 17 42<br \/>\n<a href=\"mailto:info@lifjalla.be\">info@lifjalla.be<\/a><br \/>\n<\/span>[\/vc_column_text]<div class=\"socials socials-list socials-colored socials-default socials-alignment-left\"><a class=\"socials-item\" target=\"_blank\" href=\"https:\/\/www.facebook.com\/Lifjalla\" aria-label=\"facebook\"><i class=\"socials-item-icon facebook\" style=\"font-size: 24px\"><\/i><\/a><a class=\"socials-item\" target=\"_blank\" href=\"https:\/\/www.instagram.com\/lifjalla\/\" aria-label=\"instagram\"><i class=\"socials-item-icon instagram\" style=\"font-size: 24px\"><\/i><\/a><a class=\"socials-item\" target=\"_blank\" href=\"https:\/\/www.youtube.com\/channel\/UCxZb-QxFC8zoVyju8z8ugzQ\" aria-label=\"youtube\"><i class=\"socials-item-icon youtube\" style=\"font-size: 24px\"><\/i><\/a><\/div><div class=\"clearboth\"><\/div><style>#thegem-divider-6a08fd5fdf299 {margin-bottom: 30px !important;}<\/style><div id=\"thegem-divider-6a08fd5fdf299\" class=\"gem-divider  \" style=\"\" ><\/div>[vc_column_text]<\/p>\n<div class=\"small-body\"><span style=\"color: #5f727f;\">Lifjalla est une marque d&rsquo;Elementi nv (BE 0841.500.536)<\/span><\/div>\n<p>[\/vc_column_text]<div class=\"clearboth\"><\/div><style>#thegem-divider-6a08fd5fdf2c2 {margin-bottom: 30px !important;}<\/style><div id=\"thegem-divider-6a08fd5fdf2c2\" class=\"gem-divider  \" style=\"\" ><\/div>[vc_column_text css=\u00a0\u00bb.vc_custom_1646095528260{margin-bottom: 0px !important;border-bottom-width: 0px !important;padding-bottom: 0px !important;}\u00a0\u00bb]<\/p>\n<div class=\"small-body\">Developed with the support of<\/div>\n<p>[\/vc_column_text][vc_single_image image=\u00a0\u00bb3907&Prime; img_size=\u00a0\u00bb600&#215;49&Prime; style=\u00a0\u00bbvc_box_rounded\u00a0\u00bb][\/vc_column_inner][\/vc_row_inner][\/vc_column][vc_column width=\u00a0\u00bb1\/2&Prime;][vc_row_inner][vc_column_inner width=\u00a0\u00bb1\/2&Prime;][vc_column_text el_class=\u00a0\u00bbcustom-line-height\u00a0\u00bb css=\u00a0\u00bb.vc_custom_1646095277321{margin-bottom: 10px !important;}\u00a0\u00bb]<\/p>\n<div class=\"small-body\"><a href=\"\/fr\/\">Home<\/a><\/div>\n<p>[\/vc_column_text][vc_column_text el_class=\u00a0\u00bbcustom-line-height\u00a0\u00bb css=\u00a0\u00bb.vc_custom_1647697130953{margin-bottom: 10px !important;}\u00a0\u00bb]<\/p>\n<div class=\"small-body\"><a href=\"\/fr\/acheter-lifjalla\/\">Shop<\/a><\/div>\n<p>[\/vc_column_text][vc_column_text el_class=\u00a0\u00bbcustom-line-height\u00a0\u00bb css=\u00a0\u00bb.vc_custom_1647697158018{margin-bottom: 10px !important;}\u00a0\u00bb]<\/p>\n<div class=\"small-body\"><a href=\"\/fr\/lifjalla\/leau-lifjalla\/\">La composition et le go\u00fbt<\/a><\/div>\n<p>[\/vc_column_text][vc_column_text el_class=\u00a0\u00bbcustom-line-height\u00a0\u00bb css=\u00a0\u00bb.vc_custom_1647697168335{margin-bottom: 10px !important;}\u00a0\u00bb]<\/p>\n<div class=\"small-body\"><a href=\"\/fr\/eau-pure-islande\/\">Du glacier au verre<\/a><\/div>\n<p>[\/vc_column_text][vc_column_text el_class=\u00a0\u00bbcustom-line-height\u00a0\u00bb css=\u00a0\u00bb.vc_custom_1647697179653{margin-bottom: 10px !important;}\u00a0\u00bb]<\/p>\n<div class=\"small-body\"><a href=\"\/fr\/eau-islande-eco\/\">Emballage intelligent et garantie \u00e9cologique<\/a><\/div>\n<p>[\/vc_column_text][\/vc_column_inner][vc_column_inner width=\u00a0\u00bb1\/2&Prime;][vc_column_text el_class=\u00a0\u00bbcustom-line-height\u00a0\u00bb css=\u00a0\u00bb.vc_custom_1647697192121{margin-bottom: 10px !important;}\u00a0\u00bb]<\/p>\n<div class=\"small-body\"><a href=\"https:\/\/www.lifjalla.be\/fr\/blog-de-leau-de-boisson\/\">Blog<\/a><\/div>\n<p>[\/vc_column_text][vc_column_text el_class=\u00a0\u00bbcustom-line-height\u00a0\u00bb css=\u00a0\u00bb.vc_custom_1647697201905{margin-bottom: 10px !important;}\u00a0\u00bb]<\/p>\n<div class=\"small-body\"><a href=\"https:\/\/www.lifjalla.be\/fr\/tournee-minerale\/\">Tourn\u00e9e Min\u00e9rale<\/a><\/div>\n<p>[\/vc_column_text][vc_column_text el_class=\u00a0\u00bbcustom-line-height\u00a0\u00bb css=\u00a0\u00bb.vc_custom_1647697212635{margin-bottom: 10px !important;}\u00a0\u00bb]<\/p>\n<div class=\"small-body\"><a href=\"https:\/\/www.lifjalla.be\/fr\/dictionnaire-de-leau-de-boisson\/\">Dictionnaire de l&rsquo;eau de boisson<\/a><\/div>\n<p>[\/vc_column_text][vc_column_text el_class=\u00a0\u00bbcustom-line-height\u00a0\u00bb css=\u00a0\u00bb.vc_custom_1647697223202{margin-bottom: 10px !important;}\u00a0\u00bb]<\/p>\n<div class=\"small-body\"><a href=\"https:\/\/www.lifjalla.be\/fr\/la-vitrine-a-trophees-de-lifjalla\/\">La vitrine \u00e0 troph\u00e9es de Lifjalla<\/a><\/div>\n<p>[\/vc_column_text][vc_column_text el_class=\u00a0\u00bbcustom-line-height\u00a0\u00bb css=\u00a0\u00bb.vc_custom_1647697234158{margin-bottom: 10px !important;}\u00a0\u00bb]<\/p>\n<div class=\"small-body\"><a href=\"https:\/\/www.lifjalla.be\/fr\/contact\/\">Contact<\/a><\/div>\n<p>[\/vc_column_text][\/vc_column_inner][\/vc_row_inner]<div class=\"clearboth\"><\/div><style>#thegem-divider-6a08fd5fdf2e9 {margin-bottom: 30px !important;}<\/style><div id=\"thegem-divider-6a08fd5fdf2e9\" class=\"gem-divider  \" style=\"\" ><\/div>[\/vc_column][\/vc_row]<\/p>\n<\/div>","protected":false},"excerpt":{"rendered":"<p>[vc_row full_width=\u00a0\u00bbstretch_row\u00a0\u00bb equal_height=\u00a0\u00bbyes\u00a0\u00bb css=\u00a0\u00bb.vc_custom_1514376367963{margin-bottom: 0px !important;}\u00a0\u00bb][vc_column offset=\u00a0\u00bbvc_col-lg-8 vc_col-md-7&Prime;][vc_column_text css_animation=\u00a0\u00bbbottom-to-top\u00a0\u00bb] L&rsquo;eau Islandaise avec la garantie \u00e9cologique de Lifjalla [\/vc_column_text][vc_column_text css_animation=\u00a0\u00bbbottom-to-top\u00a0\u00bb] Avec&#8230;<\/p>\n","protected":false},"author":15,"featured_media":0,"parent":0,"menu_order":0,"comment_status":"closed","ping_status":"closed","template":"","meta":{"footnotes":""},"class_list":["post-5274","page","type-page","status-publish"],"_links":{"self":[{"href":"https:\/\/www.lifjalla.be\/fr\/wp-json\/wp\/v2\/pages\/5274","targetHints":{"allow":["GET"]}}],"collection":[{"href":"https:\/\/www.lifjalla.be\/fr\/wp-json\/wp\/v2\/pages"}],"about":[{"href":"https:\/\/www.lifjalla.be\/fr\/wp-json\/wp\/v2\/types\/page"}],"author":[{"embeddable":true,"href":"https:\/\/www.lifjalla.be\/fr\/wp-json\/wp\/v2\/users\/15"}],"replies":[{"embeddable":true,"href":"https:\/\/www.lifjalla.be\/fr\/wp-json\/wp\/v2\/comments?post=5274"}],"version-history":[{"count":5,"href":"https:\/\/www.lifjalla.be\/fr\/wp-json\/wp\/v2\/pages\/5274\/revisions"}],"predecessor-version":[{"id":5906,"href":"https:\/\/www.lifjalla.be\/fr\/wp-json\/wp\/v2\/pages\/5274\/revisions\/5906"}],"wp:attachment":[{"href":"https:\/\/www.lifjalla.be\/fr\/wp-json\/wp\/v2\/media?parent=5274"}],"curies":[{"name":"wp","href":"https:\/\/api.w.org\/{rel}","templated":true}]}}