{"id":5279,"date":"2022-03-01T08:23:53","date_gmt":"2022-03-01T06:23:53","guid":{"rendered":"https:\/\/www.lifjalla.be\/lifjalla\/over-lifjalla-water\/"},"modified":"2022-03-20T00:54:43","modified_gmt":"2022-03-19T23:54:43","slug":"leau-lifjalla","status":"publish","type":"page","link":"https:\/\/www.lifjalla.be\/fr\/lifjalla\/leau-lifjalla\/","title":{"rendered":"La composition et le go\u00fbt"},"content":{"rendered":"<div class=\"wpb-content-wrapper\"><p>[vc_row full_width=\u00a0\u00bbstretch_row\u00a0\u00bb equal_height=\u00a0\u00bbyes\u00a0\u00bb css=\u00a0\u00bb.vc_custom_1514376367963{margin-bottom: 0px !important;}\u00a0\u00bb][vc_column offset=\u00a0\u00bbvc_col-lg-8 vc_col-md-7&Prime;][vc_column_text css_animation=\u00a0\u00bbbottom-to-top\u00a0\u00bb]<\/p>\n<div class=\"title-h1\" style=\"text-align: left;\">La composition et le go\u00fbt de l&rsquo;eau Lifjalla<\/div>\n<p>[\/vc_column_text]<div class=\"clearboth\"><\/div><style>#thegem-divider-6a0056d5e1d62 {margin-top: 45px !important;}<\/style><div id=\"thegem-divider-6a0056d5e1d62\" class=\"gem-divider  \" style=\"\" ><\/div>[vc_column_text css_animation=\u00a0\u00bbbottom-to-top\u00a0\u00bb]<\/p>\n<div class=\"styled-subtitle\" style=\"text-align: left;\">L&rsquo;eau Lifjalla est exceptionnellement pure comme en t\u00e9moigne son go\u00fbt! Vous \u00eates curieux de savoir d&rsquo;o\u00f9 vient ce go\u00fbt si pur et \u00e0 quel point l&rsquo;eau de source Lifjalla est b\u00e9n\u00e9fique pour la sant\u00e9? Plongez-vous alors dans la structure min\u00e9rale de votre marque d&rsquo;eau pr\u00e9f\u00e9r\u00e9e.<\/div>\n<p>[\/vc_column_text]<div class=\"clearboth\"><\/div><style>#thegem-divider-6a0056d5e1e06 {margin-top: 45px !important;}<\/style><div id=\"thegem-divider-6a0056d5e1e06\" class=\"gem-divider  \" style=\"\" ><\/div>[vc_column_text css_animation=\u00a0\u00bbbottom-to-top\u00a0\u00bb]<\/p>\n<div class=\"title-h2\" style=\"text-align: left;\">Produite (et sublim\u00e9e) naturellement<\/div>\n<p>[\/vc_column_text][vc_column_text css_animation=\u00a0\u00bbbottom-to-top\u00a0\u00bb]<\/p>\n<p style=\"text-align: left;\">La source de Lifjalla se situe en Islande, l&rsquo;une des r\u00e9gions naturelles les mieux pr\u00e9serv\u00e9es de notre plan\u00e8te. L\u00e0, les eaux de fonte du glacier f\u00e9erique Langj\u00f6kull voyagent pendant des d\u00e9cennies \u00e0 travers les couches de basalte volcanique, avant de refaire surface \u00e0 Hafnarfjordur. Au cours de son long voyage \u00e0 travers les couches de sol riches en min\u00e9raux, l&rsquo;eau est naturellement filtr\u00e9e et se charge de min\u00e9raux sp\u00e9cifiques.<\/p>\n<p>[\/vc_column_text]<style type=\"text\/css\">.thegem-button-6a0056d5e1fac6088.lazy-loading-before-start-animation .lazy-loading-item {opacity: 0;} body.thegem-effects-disabled .thegem-button-6a0056d5e1fac6088.lazy-loading-before-start-animation .lazy-loading-item {opacity: 1;}<\/style><style type=\"text\/css\">.thegem-button-6a0056d5e1fac6088 .gem-button svg {fill: #00bcd4;}.thegem-button-6a0056d5e1fac6088 .gem-button:hover svg {fill: #ffffff;}<\/style><div class=\"gem-button-container gem-button-position-inline thegem-button-6a0056d5e1fac6088     lazy-loading lazy-loading-before-start-animation\"  ><a title=\"Du glacier au verre\" class=\"gem-button gem-button-size-small gem-button-style-outline gem-button-text-weight-normal gem-button-border-2 lazy-loading-item\" data-ll-effect=\"drop-right-without-wrap\" style=\"border-radius: 6px;border-color: #00bcd4;color: #00bcd4;\" onmouseleave=\"this.style.borderColor='#00bcd4';this.style.backgroundColor='transparent';this.style.color='#00bcd4';\" onmouseenter=\"this.style.borderColor='#00bcd4';this.style.backgroundColor='#00bcd4';this.style.color='#ffffff';\" href=\"\/fr\/eau-pure-islande\/\" target=\"_self\">Du glacier au verre<\/a><\/div> <div class=\"clearboth\"><\/div><style>#thegem-divider-6a0056d5e2046 {margin-top: 40px !important;}<\/style><div id=\"thegem-divider-6a0056d5e2046\" class=\"gem-divider  \" style=\"\" ><\/div>[\/vc_column][vc_column disable_custom_paddings_tablet=\u00a0\u00bbtrue\u00a0\u00bb disable_custom_paddings_mobile=\u00a0\u00bbtrue\u00a0\u00bb offset=\u00a0\u00bbvc_col-lg-4 vc_col-md-5&Prime;]<div class=\"centered-box gem-image-centered-box\" ><div class=\"gem-image gem-wrapbox gem-wrapbox-style-default gem-wrapbox-position-centered lazy-loading  thegem-custom-6a0056d5e20ae3852\"  style=\"\" ><div class=\"gem-wrapbox-inner  lazy-loading-item\"  data-ll-effect=\"move-up\"><img class=\"gem-wrapbox-element img-responsive\" src=\"https:\/\/www.lifjalla.be\/wp-content\/uploads\/2022\/02\/glas2.jpg\" alt=\"\"\/><\/div><style type=\"text\/css\">.thegem-custom-6a0056d5e20ae3852.gem-image a:hover img {filter: brightness( 100% ) contrast( 100% ) saturate( 100% ) blur( 0px ) hue-rotate( 0deg );}<\/style><\/div><\/div><style type=\"text\/css\">.thegem-button-6a0056d5e259c2136.lazy-loading-before-start-animation .lazy-loading-item {opacity: 0;} body.thegem-effects-disabled .thegem-button-6a0056d5e259c2136.lazy-loading-before-start-animation .lazy-loading-item {opacity: 1;}<\/style><style type=\"text\/css\">.thegem-button-6a0056d5e259c2136 .gem-button svg {fill: #00bcd4;}.thegem-button-6a0056d5e259c2136 .gem-button:hover svg {fill: #ffffff;}<\/style><div class=\"gem-button-container gem-button-position-center thegem-button-6a0056d5e259c2136     lazy-loading lazy-loading-before-start-animation\"  ><a title=\"Go\u00fbter vous-m\u00eame?\" class=\"gem-button gem-button-size-medium gem-button-style-outline gem-button-text-weight-normal gem-button-border-2 lazy-loading-item\" data-ll-effect=\"drop-right-without-wrap\" style=\"border-radius: 6px;border-color: #00bcd4;color: #00bcd4;\" onmouseleave=\"this.style.borderColor='#00bcd4';this.style.backgroundColor='transparent';this.style.color='#00bcd4';\" onmouseenter=\"this.style.borderColor='#00bcd4';this.style.backgroundColor='#00bcd4';this.style.color='#ffffff';\" href=\"https:\/\/www.lifjalla.be\/fr\/acheter-lifjalla\/\" target=\"_self\">Go\u00fbter vous-m\u00eame?<\/a><\/div> [\/vc_column][\/vc_row][vc_row][vc_column][vc_column_text css_animation=\u00a0\u00bbbottom-to-top\u00a0\u00bb]<\/p>\n<div class=\"title-h2\" style=\"text-align: left;\">Composition min\u00e9rale de l&rsquo;eau Lifjalla<\/div>\n<p>[\/vc_column_text][vc_row_inner][vc_column_inner width=\u00a0\u00bb1\/2&Prime;][vc_column_text css_animation=\u00a0\u00bbbottom-to-top\u00a0\u00bb]<\/p>\n<div class=\"title-h3\"><strong>\u00c9quilibre des min\u00e9raux<\/strong><\/div>\n<p>[\/vc_column_text]<div class=\"gem-list gem-list-type-disc-style-1 gem-list-color-3\" ><ul>\n<li>Calcium : 4,4<\/li>\n<li>Magn\u00e9sium : 2,1<\/li>\n<li>Silicium : 7,8<\/li>\n<li>Potassium : 0,6<\/li>\n<li>Sodium : 9,13<\/li>\n<li>Carbonate d&rsquo;hydrog\u00e8ne : 36<\/li>\n<li>Fluor : 0,078<\/li>\n<li>Chlorures : 8,44<\/li>\n<li>Nitrites : &lt; 0.075<\/li>\n<li>Sulfates : 2,4<\/li>\n<li>Nitrates : &lt; 1<\/li>\n<\/ul>\n<\/div>[\/vc_column_inner][vc_column_inner width=\u00a0\u00bb1\/2&Prime;][vc_column_text css_animation=\u00a0\u00bbbottom-to-top\u00a0\u00bb]<\/p>\n<div class=\"title-h3\"><strong>Une eau saine, car&#8230;&lt;\/<\/strong><\/div>\n<p>[\/vc_column_text]<div class=\"gem-list gem-list-type-check-style-1 gem-list-color-3\" ><ul>\n<li>Eau avec un faible r\u00e9sidu sec : 20 mg\/litre<br \/>\n<a href=\"\/fr\/dictionnaire-de-leau-de-boisson\/\">(Qu&rsquo;est-ce que cela signifie?)<\/a><\/li>\n<li>Eau basique avec un pH moyen \u00e9lev\u00e9 de 8,2<br \/>\n<a href=\"\/fr\/dictionnaire-de-leau-de-boisson\/\">(Qu&rsquo;est-ce que cela signifie?)<\/a><\/li>\n<li>Eau min\u00e9rale pauvre en sel (9,13 mg\/l)<br \/>\n<a href=\"\/fr\/dictionnaire-de-leau-de-boisson\/\">(Qu&rsquo;est-ce que cela signifie?)<\/a><\/li>\n<\/ul>\n<\/div>[\/vc_column_inner][\/vc_row_inner][vc_column_text css_animation=\u00a0\u00bbbottom-to-top\u00a0\u00bb]<\/p>\n<div class=\"title-h2\" style=\"text-align: left;\">L&rsquo;eau de source Lifjalla en bref<\/div>\n<p>[\/vc_column_text]<div class=\"gem-list gem-list-type-arrow gem-list-color-3\" ><ul>\n<li>Ne contient que des min\u00e9raux sains dans un rapport optimal<\/li>\n<li>Plusieurs fois r\u00e9compens\u00e9e par le prestigieux <a href=\"\/fr\/la-vitrine-a-trophees-de-lifjalla\/\">Superior Taste Award<\/a><\/li>\n<li><a href=\"\/fr\/eau-islande-eco\/\">Filtr\u00e9e et mise en bouteille selon un processus \u00e9cologiquement responsable<\/a><\/li>\n<li><a href=\"\/fr\/eau-islande-eco\/\">Conditionn\u00e9e dans un emballage convivial et recyclable<\/a><\/li>\n<\/ul>\n<\/div><div class=\"clearboth\"><\/div><style>#thegem-divider-6a0056d5e2832 {margin-top: 100px !important;}<\/style><div id=\"thegem-divider-6a0056d5e2832\" class=\"gem-divider  \" style=\"\" ><\/div>[\/vc_column][\/vc_row][vc_row full_width=\u00a0\u00bbstretch_row_content\u00a0\u00bb equal_height=\u00a0\u00bbyes\u00a0\u00bb content_placement=\u00a0\u00bbmiddle\u00a0\u00bb disable_custom_paddings_tablet=\u00a0\u00bbtrue\u00a0\u00bb disable_custom_paddings_mobile=\u00a0\u00bbtrue\u00a0\u00bb css=\u00a0\u00bb.vc_custom_1646341848476{margin-bottom: 0px !important;}\u00a0\u00bb][vc_column disable_custom_paddings_tablet=\u00a0\u00bbtrue\u00a0\u00bb disable_custom_paddings_mobile=\u00a0\u00bbtrue\u00a0\u00bb css=\u00a0\u00bb.vc_custom_1646341871313{margin-top: 0px !important;margin-bottom: 0px !important;padding-top: 0px !important;padding-right: 100px !important;padding-bottom: 0px !important;padding-left: 100px !important;background-color: #edf8fe !important;}\u00a0\u00bb offset=\u00a0\u00bbvc_col-lg-6 vc_col-md-6 vc_col-xs-12&Prime;]<div class=\"clearboth\"><\/div><style>#thegem-divider-6a0056d5e2874 {margin-top: 80px !important;}<\/style><div id=\"thegem-divider-6a0056d5e2874\" class=\"gem-divider  divider-hidden\" style=\"\" ><\/div>[vc_column_text css_animation=\u00a0\u00bbbottom-to-top\u00a0\u00bb css=\u00a0\u00bb.vc_custom_1646333603189{margin-bottom: 60px !important;}\u00a0\u00bb]<\/p>\n<div class=\"title-h2\"><span style=\"color: #3c3950;\">Un go\u00fbt prim\u00e9<\/span><\/div>\n<p>[\/vc_column_text][vc_column_text css_animation=\u00a0\u00bbfadeIn\u00a0\u00bb]<\/p>\n<div class=\"styled-subtitle\">\n<p>L&rsquo;eau Lifjalla est saine et savoureuse. Tellement savoureuse que, depuis plusieurs ann\u00e9es, Lifjalla porte le titre d\u2019eau de boisson la plus savoureuse d\u00e9cern\u00e9 par le jury d&rsquo;experts critiques de <a href=\"https:\/\/www.taste-institute.com\/nl\/tasting-process\/jury\" target=\"_blank\" rel=\"noopener\">l&rsquo;Institut International du Go\u00fbt et de la Qualit\u00e9<\/a>.<\/p>\n<p>Plus de 200 experts du go\u00fbt professionnels, dont des chefs et des sommeliers de l\u2019eau renomm\u00e9s, \u00e9valuent chaque ann\u00e9e de nombreux produits alimentaires, en se concentrant \u00e0 100 % sur le go\u00fbt.<\/p>\n<p>Le prestigieux <a href=\"https:\/\/www.taste-institute.com\/nl\/awarded-products\/product-details\/9015134\" target=\"_blank\" rel=\"noopener\">Crystal Taste Award tr\u00f4ne<\/a> \u00e9galement dans notre vitrine \u00e0 troph\u00e9es depuis 2019, \u00e0 c\u00f4t\u00e9 de plusieurs <a href=\"https:\/\/www.lifjalla.be\/fr\/la-vitrine-a-trophees-de-lifjalla\/\">Superior Taste Awards 3 \u00e9toiles<\/a>. Une reconnaissance r\u00e9serv\u00e9e aux produits qui affichent le meilleur score pendant au moins 3 ann\u00e9es cons\u00e9cutives.<\/div>\n<p>[\/vc_column_text]<style type=\"text\/css\">.thegem-button-6a0056d5e294c3815.lazy-loading-before-start-animation .lazy-loading-item {opacity: 0;} body.thegem-effects-disabled .thegem-button-6a0056d5e294c3815.lazy-loading-before-start-animation .lazy-loading-item {opacity: 1;}<\/style><style type=\"text\/css\">.thegem-button-6a0056d5e294c3815 .gem-button svg {fill: #00bcd4;}.thegem-button-6a0056d5e294c3815 .gem-button:hover svg {fill: #ffffff;}<\/style><div class=\"gem-button-container gem-button-position-inline thegem-button-6a0056d5e294c3815     lazy-loading lazy-loading-before-start-animation\"  ><a title=\"Vers la vitrine aux troph\u00e9es de Lifjalla\" class=\"gem-button gem-button-size-small gem-button-style-outline gem-button-text-weight-normal gem-button-border-2 lazy-loading-item\" data-ll-effect=\"drop-right-without-wrap\" style=\"border-radius: 6px;border-color: #00bcd4;color: #00bcd4;\" onmouseleave=\"this.style.borderColor='#00bcd4';this.style.backgroundColor='transparent';this.style.color='#00bcd4';\" onmouseenter=\"this.style.borderColor='#00bcd4';this.style.backgroundColor='#00bcd4';this.style.color='#ffffff';\" href=\"\/fr\/la-vitrine-a-trophees-de-lifjalla\/\" target=\"_self\">Vers la vitrine aux troph\u00e9es de Lifjalla<\/a><\/div> <div class=\"clearboth\"><\/div><style>#thegem-divider-6a0056d5e29c4 {margin-top: 80px !important;}<\/style><div id=\"thegem-divider-6a0056d5e29c4\" class=\"gem-divider  \" style=\"\" ><\/div>[\/vc_column][vc_column css=\u00a0\u00bb.vc_custom_1646341887598{margin-top: 0px !important;margin-bottom: 0px !important;padding-top: 0px !important;padding-bottom: 0px !important;background-color: #000000 !important;background-position: center !important;background-repeat: no-repeat !important;background-size: cover !important;}\u00a0\u00bb offset=\u00a0\u00bbvc_col-lg-6 vc_col-md-6 vc_col-xs-12&Prime;]<div class=\"gem-youtube gem-wrapbox gem-wrapbox-style-no-style rounded-corners gem-wrapbox-position-below\" style=\"width: 100%;\"><div class=\"gem-wrapbox-inner gem-ratio-style\" style=\"padding-top: 56.25%\"><iframe class=\"gem-wrapbox-element img-responsive\" width=\"100%\" height=\"300\" allowfullscreen=\"allowfullscreen\" frameborder=\"0\" scrolling=\"no\" marginheight=\"0\" marginwidth=\"0\" src=\"\/\/www.youtube.com\/embed\/w9o4AewH9Hg?rel=0&amp;wmode=opaque\"><\/iframe><\/div><\/div>[\/vc_column][\/vc_row][vc_row full_width=\u00a0\u00bbstretch_row\u00a0\u00bb content_placement=\u00a0\u00bbmiddle\u00a0\u00bb css=\u00a0\u00bb.vc_custom_1646317875770{margin-bottom: 0px !important;}\u00a0\u00bb custom_css_code=\u00a0\u00bbJTQwbWVkaWElMjAlMjhtYXgtd2lkdGglM0ElMjA0ODBweCUyOSU3QiUwQSUyMCUyMCUyMC5nZW0tYnV0dG9uLXNpemUtZ2lhbnQlN0IlMEElMjAlMjAlMjAlMjAlMjAlMjAlMjAlMjBmb250LXNpemUlM0ElMjAxNnB4JTNCJTBBJTIwJTIwJTIwJTIwJTIwJTIwJTIwJTIwYm9yZGVyLXdpZHRoJTNBJTIwNHB4JTNCJTBBJTIwJTIwJTIwJTIwJTIwJTIwJTIwJTIwbWFyZ2luJTNBMCUzQiUwQSUyMCUyMCUyMCUyMCUyMCUyMCUyMCUyMHBhZGRpbmclM0ElMjAwcHglMjAxMHB4JTNCJTBBJTIwJTIwJTIwJTdEJTBBJTdE\u00a0\u00bb][vc_column css=\u00a0\u00bb.vc_custom_1587643950260{padding-top: 0px !important;}\u00a0\u00bb]<div id=\"fullwidth-block-6a0056d5e2a75\" class=\"fullwidth-block clearfix\"  style=\"background-color: #ffffff;background: linear-gradient(to right, #008ee2, #00d1d8);\"><script type=\"text\/javascript\">if (typeof(gem_fix_fullwidth_position) == \"function\") { gem_fix_fullwidth_position(document.getElementById(\"fullwidth-block-6a0056d5e2a75\")); }<\/script><div class=\"fullwidth-block-inner\"><div class=\"container\"><div class=\"gem-textbox  centered-box\"  ><div class=\"gem-textbox-inner\" style=\"\"><div class=\"gem-textbox-content\" style=\"background-position: center center;\"><div class=\"clearboth\"><\/div><style>#thegem-divider-6a0056d5e2c4d {margin-top: 50px !important;}<\/style><div id=\"thegem-divider-6a0056d5e2c4d\" class=\"gem-divider  \" style=\"\" ><\/div>[vc_column_text]<\/p>\n<div class=\"title-h2\"><span style=\"color: #ffffff;\">Testez son go\u00fbt unique!<\/span><\/div>\n<p>[\/vc_column_text][vc_column_text]<\/p>\n<div class=\"styled-subtitle\" style=\"text-align: center;\"><span style=\"color: #ffffff;\">Vous vous demandez si vous appr\u00e9ciez l&rsquo;eau Lifjalla autant que le jury des Superior Taste Awards?<br \/>\nUne seule fa\u00e7on de le savoir!<\/span><\/div>\n<p>[\/vc_column_text]<style type=\"text\/css\">.thegem-button-6a0056d5e2d206674.lazy-loading-before-start-animation .lazy-loading-item {opacity: 0;} body.thegem-effects-disabled .thegem-button-6a0056d5e2d206674.lazy-loading-before-start-animation .lazy-loading-item {opacity: 1;}<\/style><style type=\"text\/css\">.thegem-button-6a0056d5e2d206674 .gem-button svg {fill: #ffffff;}.thegem-button-6a0056d5e2d206674 .gem-button:hover svg {fill: #333144;}<\/style><div class=\"gem-button-container gem-button-position-center thegem-button-6a0056d5e2d206674     lazy-loading lazy-loading-before-start-animation\"  ><a title=\"Points de vente pr\u00e8s de chez vous\" class=\"gem-button gem-button-size-small gem-button-style-flat gem-button-text-weight-normal lazy-loading-item\" data-ll-effect=\"drop-right-without-wrap\" style=\"border-radius: 6px;background-color: #333144;color: #ffffff;\" onmouseleave=\"this.style.backgroundColor='#333144';this.style.color='#ffffff';\" onmouseenter=\"this.style.backgroundColor='#ffffff';this.style.color='#333144';\" href=\"\/fr\/acheter-lifjalla\/\" target=\"_self\">Points de vente pr\u00e8s de chez vous<\/a><\/div> <div class=\"clearboth\"><\/div><style>#thegem-divider-6a0056d5e2d79 {margin-top: 35px !important;}<\/style><div id=\"thegem-divider-6a0056d5e2d79\" class=\"gem-divider  \" style=\"\" ><\/div><\/div><\/div><\/div><\/div><\/div><\/div>[\/vc_column][\/vc_row][vc_row gap=\u00a0\u00bb35&Prime; equal_height=\u00a0\u00bbyes\u00a0\u00bb content_placement=\u00a0\u00bbtop\u00a0\u00bb css=\u00a0\u00bb.vc_custom_1646241730971{padding-top: 80px !important;padding-bottom: 40px !important;}\u00a0\u00bb][vc_column width=\u00a0\u00bb1\/2&Prime;][vc_row_inner][vc_column_inner]<div class=\"clearboth\"><\/div><style>#thegem-divider-6a0056d5e2dd6 {margin-bottom: 2px !important;}<\/style><div id=\"thegem-divider-6a0056d5e2dd6\" class=\"gem-divider  \" style=\"\" ><\/div>[vc_column_text css=\u00a0\u00bb.vc_custom_1646084268216{padding-right: 30px !important;}\u00a0\u00bb]<span style=\"color: #2c2e3d;\">Si\u00e8ge principal de Lifjalla\u00ae<br \/>\nVeurnseweg 528<br \/>\n8906 Elverdinge (Belgi\u00eb)<br \/>\nT +32 498 10 17 42<br \/>\n<a href=\"mailto:info@lifjalla.be\">info@lifjalla.be<\/a><br \/>\n<\/span>[\/vc_column_text]<div class=\"socials socials-list socials-colored socials-default socials-alignment-left\"><a class=\"socials-item\" target=\"_blank\" href=\"https:\/\/www.facebook.com\/Lifjalla\" aria-label=\"facebook\"><i class=\"socials-item-icon facebook\" style=\"font-size: 24px\"><\/i><\/a><a class=\"socials-item\" target=\"_blank\" href=\"https:\/\/www.instagram.com\/lifjalla\/\" aria-label=\"instagram\"><i class=\"socials-item-icon instagram\" style=\"font-size: 24px\"><\/i><\/a><a class=\"socials-item\" target=\"_blank\" href=\"https:\/\/www.youtube.com\/channel\/UCxZb-QxFC8zoVyju8z8ugzQ\" aria-label=\"youtube\"><i class=\"socials-item-icon youtube\" style=\"font-size: 24px\"><\/i><\/a><\/div><div class=\"clearboth\"><\/div><style>#thegem-divider-6a0056d5e2e5b {margin-bottom: 30px !important;}<\/style><div id=\"thegem-divider-6a0056d5e2e5b\" class=\"gem-divider  \" style=\"\" ><\/div>[vc_column_text]<\/p>\n<div class=\"small-body\"><span style=\"color: #5f727f;\">Lifjalla est une marque d&rsquo;Elementi nv (BE 0841.500.536)<\/span><\/div>\n<p>[\/vc_column_text]<div class=\"clearboth\"><\/div><style>#thegem-divider-6a0056d5e2e84 {margin-bottom: 30px !important;}<\/style><div id=\"thegem-divider-6a0056d5e2e84\" class=\"gem-divider  \" style=\"\" ><\/div>[vc_column_text css=\u00a0\u00bb.vc_custom_1646095528260{margin-bottom: 0px !important;border-bottom-width: 0px !important;padding-bottom: 0px !important;}\u00a0\u00bb]<\/p>\n<div class=\"small-body\">Developed with the support of<\/div>\n<p>[\/vc_column_text][vc_single_image image=\u00a0\u00bb3907&Prime; img_size=\u00a0\u00bb600&#215;49&Prime; style=\u00a0\u00bbvc_box_rounded\u00a0\u00bb][\/vc_column_inner][\/vc_row_inner][\/vc_column][vc_column width=\u00a0\u00bb1\/2&Prime;][vc_row_inner][vc_column_inner width=\u00a0\u00bb1\/2&Prime;][vc_column_text el_class=\u00a0\u00bbcustom-line-height\u00a0\u00bb css=\u00a0\u00bb.vc_custom_1646095277321{margin-bottom: 10px !important;}\u00a0\u00bb]<\/p>\n<div class=\"small-body\"><a href=\"\/fr\/\">Home<\/a><\/div>\n<p>[\/vc_column_text][vc_column_text el_class=\u00a0\u00bbcustom-line-height\u00a0\u00bb css=\u00a0\u00bb.vc_custom_1647697130953{margin-bottom: 10px !important;}\u00a0\u00bb]<\/p>\n<div class=\"small-body\"><a href=\"\/fr\/acheter-lifjalla\/\">Shop<\/a><\/div>\n<p>[\/vc_column_text][vc_column_text el_class=\u00a0\u00bbcustom-line-height\u00a0\u00bb css=\u00a0\u00bb.vc_custom_1647697158018{margin-bottom: 10px !important;}\u00a0\u00bb]<\/p>\n<div class=\"small-body\"><a href=\"\/fr\/lifjalla\/leau-lifjalla\/\">La composition et le go\u00fbt<\/a><\/div>\n<p>[\/vc_column_text][vc_column_text el_class=\u00a0\u00bbcustom-line-height\u00a0\u00bb css=\u00a0\u00bb.vc_custom_1647697168335{margin-bottom: 10px !important;}\u00a0\u00bb]<\/p>\n<div class=\"small-body\"><a href=\"\/fr\/eau-pure-islande\/\">Du glacier au verre<\/a><\/div>\n<p>[\/vc_column_text][vc_column_text el_class=\u00a0\u00bbcustom-line-height\u00a0\u00bb css=\u00a0\u00bb.vc_custom_1647697179653{margin-bottom: 10px !important;}\u00a0\u00bb]<\/p>\n<div class=\"small-body\"><a href=\"\/fr\/eau-islande-eco\/\">Emballage intelligent et garantie \u00e9cologique<\/a><\/div>\n<p>[\/vc_column_text][\/vc_column_inner][vc_column_inner width=\u00a0\u00bb1\/2&Prime;][vc_column_text el_class=\u00a0\u00bbcustom-line-height\u00a0\u00bb css=\u00a0\u00bb.vc_custom_1647697192121{margin-bottom: 10px !important;}\u00a0\u00bb]<\/p>\n<div class=\"small-body\"><a href=\"https:\/\/www.lifjalla.be\/fr\/blog-de-leau-de-boisson\/\">Blog<\/a><\/div>\n<p>[\/vc_column_text][vc_column_text el_class=\u00a0\u00bbcustom-line-height\u00a0\u00bb css=\u00a0\u00bb.vc_custom_1647733932260{margin-bottom: 10px !important;}\u00a0\u00bb]<\/p>\n<div class=\"small-body\"><a href=\"https:\/\/www.lifjalla.be\/fr\/tournee-minerale\/\">Tourn\u00e9e Min\u00e9rale<\/a><\/div>\n<p>[\/vc_column_text][vc_column_text el_class=\u00a0\u00bbcustom-line-height\u00a0\u00bb css=\u00a0\u00bb.vc_custom_1647697212635{margin-bottom: 10px !important;}\u00a0\u00bb]<\/p>\n<div class=\"small-body\"><a href=\"https:\/\/www.lifjalla.be\/fr\/dictionnaire-de-leau-de-boisson\/\">Dictionnaire de l&rsquo;eau de boisson<\/a><\/div>\n<p>[\/vc_column_text][vc_column_text el_class=\u00a0\u00bbcustom-line-height\u00a0\u00bb css=\u00a0\u00bb.vc_custom_1647697223202{margin-bottom: 10px !important;}\u00a0\u00bb]<\/p>\n<div class=\"small-body\"><a href=\"https:\/\/www.lifjalla.be\/fr\/la-vitrine-a-trophees-de-lifjalla\/\">La vitrine \u00e0 troph\u00e9es de Lifjalla<\/a><\/div>\n<p>[\/vc_column_text][vc_column_text el_class=\u00a0\u00bbcustom-line-height\u00a0\u00bb css=\u00a0\u00bb.vc_custom_1647697234158{margin-bottom: 10px !important;}\u00a0\u00bb]<\/p>\n<div class=\"small-body\"><a href=\"https:\/\/www.lifjalla.be\/fr\/contact\/\">Contact<\/a><\/div>\n<p>[\/vc_column_text][\/vc_column_inner][\/vc_row_inner]<div class=\"clearboth\"><\/div><style>#thegem-divider-6a0056d5e2ea9 {margin-bottom: 30px !important;}<\/style><div id=\"thegem-divider-6a0056d5e2ea9\" class=\"gem-divider  \" style=\"\" ><\/div>[\/vc_column][\/vc_row]<\/p>\n<\/div>","protected":false},"excerpt":{"rendered":"<p>[vc_row full_width=\u00a0\u00bbstretch_row\u00a0\u00bb equal_height=\u00a0\u00bbyes\u00a0\u00bb css=\u00a0\u00bb.vc_custom_1514376367963{margin-bottom: 0px !important;}\u00a0\u00bb][vc_column offset=\u00a0\u00bbvc_col-lg-8 vc_col-md-7&Prime;][vc_column_text css_animation=\u00a0\u00bbbottom-to-top\u00a0\u00bb] La composition et le go\u00fbt de l&rsquo;eau Lifjalla [\/vc_column_text][vc_column_text css_animation=\u00a0\u00bbbottom-to-top\u00a0\u00bb] L&rsquo;eau&#8230;<\/p>\n","protected":false},"author":15,"featured_media":0,"parent":5270,"menu_order":0,"comment_status":"closed","ping_status":"closed","template":"","meta":{"footnotes":""},"class_list":["post-5279","page","type-page","status-publish"],"_links":{"self":[{"href":"https:\/\/www.lifjalla.be\/fr\/wp-json\/wp\/v2\/pages\/5279","targetHints":{"allow":["GET"]}}],"collection":[{"href":"https:\/\/www.lifjalla.be\/fr\/wp-json\/wp\/v2\/pages"}],"about":[{"href":"https:\/\/www.lifjalla.be\/fr\/wp-json\/wp\/v2\/types\/page"}],"author":[{"embeddable":true,"href":"https:\/\/www.lifjalla.be\/fr\/wp-json\/wp\/v2\/users\/15"}],"replies":[{"embeddable":true,"href":"https:\/\/www.lifjalla.be\/fr\/wp-json\/wp\/v2\/comments?post=5279"}],"version-history":[{"count":5,"href":"https:\/\/www.lifjalla.be\/fr\/wp-json\/wp\/v2\/pages\/5279\/revisions"}],"predecessor-version":[{"id":5888,"href":"https:\/\/www.lifjalla.be\/fr\/wp-json\/wp\/v2\/pages\/5279\/revisions\/5888"}],"up":[{"embeddable":true,"href":"https:\/\/www.lifjalla.be\/fr\/wp-json\/wp\/v2\/pages\/5270"}],"wp:attachment":[{"href":"https:\/\/www.lifjalla.be\/fr\/wp-json\/wp\/v2\/media?parent=5279"}],"curies":[{"name":"wp","href":"https:\/\/api.w.org\/{rel}","templated":true}]}}