{"id":5846,"date":"2020-05-27T13:10:03","date_gmt":"2020-05-27T12:10:03","guid":{"rendered":"https:\/\/www.lifjalla.be\/privacy-verklaring\/"},"modified":"2022-04-08T11:57:41","modified_gmt":"2022-04-08T10:57:41","slug":"declaration-de-confidentialite","status":"publish","type":"page","link":"https:\/\/www.lifjalla.be\/fr\/declaration-de-confidentialite\/","title":{"rendered":"D\u00e9claration de confidentialit\u00e9"},"content":{"rendered":"<div class=\"wpb-content-wrapper\"><p>[vc_row][vc_column width=\u00a0\u00bb1\/6&Prime;][\/vc_column][vc_column width=\u00a0\u00bb2\/3&Prime;][vc_column_text]<\/p>\r\n<p style=\"font-weight: 400;\">Vos donn\u00e9es personnelles et votre vie priv\u00e9e sont d\u2019une grande importance pour nous. Nous faisons tout ce qui est en notre pouvoir pour traiter ces donn\u00e9es avec la plus grande prudence et la plus grande confiance.<br \/>Dans la \u00ab\u00a0d\u00e9claration de confidentialit\u00e9\u00a0\u00bb ci-dessous, nous d\u00e9crivons dans un langage simple, concis et transparent la mani\u00e8re dont nous traitons vos donn\u00e9es personnelles.<\/p>\r\n<p style=\"font-weight: 400;\">La pr\u00e9sente d\u00e9claration de confidentialit\u00e9 concerne les donn\u00e9es personnelles collect\u00e9es et utilis\u00e9es par ELEMENTI nv.<br \/>Nous agissons conform\u00e9ment \u00e0 la \u00ab\u00a0Loi du 08.12.1992 relative \u00e0 la protection de la vie priv\u00e9e \u00e0 l\u2019\u00e9gard des traitements de donn\u00e9es \u00e0 caract\u00e8re personnel\u00a0\u00bb et au \u00ab\u00a0R\u00e8glement g\u00e9n\u00e9ral sur la protection des donn\u00e9es\u00a0\u00bb qui s\u2019applique dans toute l\u2019Union europ\u00e9enne \u00e0 partir du 25 mai 2018, d\u00e9crit plus loin comme \u00ab\u00a0GDPR\/AVG\u00a0\u00bb.<\/p>\r\n<p style=\"font-weight: 400;\">En visitant notre site web, vous confirmez que vous avez lu et compris la pr\u00e9sente d\u00e9claration de confidentialit\u00e9.<\/p>\r\n<p style=\"font-weight: 400;\"><strong>Personne responsable du traitement \u2013 Coordonn\u00e9es<\/strong><br \/>D\u00e9finition du responsable du traitement : une personne physique ou morale, une autorit\u00e9 publique, un service ou un autre organisme qui, seul ou conjointement avec d\u2019autres, d\u00e9termine les finalit\u00e9s et les moyens du traitement de donn\u00e9es \u00e0 caract\u00e8re personnel ; (art. 4, 7 LDPI)<\/p>\r\n<p style=\"font-weight: 400;\">ELEMENTI nv est responsable du traitement de vos donn\u00e9es personnelles. Si vous avez des questions ou des commentaires sur notre d\u00e9claration de confidentialit\u00e9, veuillez nous contacter par les canaux ci-dessous :<br \/>Par la poste via : ELEMENTI nv, Veurnseweg 528\/P1, 8906 Ypres (Elverdinge)<br \/>Par courrier \u00e9lectronique : <a href=\"mailto:info@lifjalla.be\">info@lifjalla.be<\/a><br \/>Via le site web : <a href=\"https:\/\/www.lifjalla.be\">www.lifjalla.be<\/a><\/p>\r\n<p style=\"font-weight: 400;\"><strong>Collecte de vos donn\u00e9es<\/strong><br \/>Nous recueillons aupr\u00e8s de vous des donn\u00e9es (personnelles) que nous obtenons dans le cadre de nos interactions avec vous. Les donn\u00e9es que ELEMENTI nv traite, nous les avons re\u00e7ues directement de vous ou par l\u2019interm\u00e9diaire des parties auxquelles vous avez communiqu\u00e9 ces donn\u00e9es dans le but de nous les transmettre (par exemple via la page de contact du site web, les points de vente du site web, \u2026).<br \/>Nous recueillons des informations vous concernant lorsque vous nous appelez ou nous envoyez un courriel ou lorsque vous utilisez nos applications mobiles.<\/p>\r\n<p style=\"font-weight: 400;\"><strong>Les bonnes informations personnelles et pour le bon objectif<\/strong><br \/>Compte tenu de la nature, de l\u2019\u00e9tendue, du contexte et de la finalit\u00e9 du traitement et des diff\u00e9rents degr\u00e9s de probabilit\u00e9 et de gravit\u00e9 des risques pour les droits et libert\u00e9s des personnes physiques, le responsable du traitement met en \u0153uvre les mesures techniques et organisationnelles appropri\u00e9es pour assurer et d\u00e9montrer que le traitement est effectu\u00e9 conform\u00e9ment au pr\u00e9sent r\u00e8glement. Ces mesures sont r\u00e9examin\u00e9es et, le cas \u00e9ch\u00e9ant, mises \u00e0 jour. (article 24, paragraphe 1, de la loi sur la protection des consommateurs)<\/p>\r\n<p style=\"font-weight: 400;\">ELEMENTI nv ne traite les donn\u00e9es personnelles que dans la mesure o\u00f9 cela est n\u00e9cessaire et pour la finalit\u00e9 pr\u00e9vue (par exemple, obligations contractuelles, obligations l\u00e9gales, \u2026) ou pour une finalit\u00e9 pour laquelle vous avez donn\u00e9 votre consentement, mais aussi pour le bon fonctionnement de notre soci\u00e9t\u00e9, afin de d\u00e9velopper notre soci\u00e9t\u00e9 et de pouvoir r\u00e9pondre \u00e0 vos souhaits.<br \/>En outre, nous traitons certaines donn\u00e9es afin de vous tenir inform\u00e9 des nouveaux services et produits dans le cadre de notre marketing (direct). Vous avez le droit de vous opposer \u00e0 ce traitement, c\u2019est pourquoi nous offrons une option de \u00ab\u00a0d\u00e9sabonnement\u00a0\u00bb sur chaque bulletin d\u2019information.<\/p>\r\n<p style=\"font-weight: 400;\">En fonction de ces objectifs, ELEMENTI sa traite les cat\u00e9gories de donn\u00e9es personnelles suivantes (non exhaustives) :<\/p>\r\n<ul>\r\n<li>Donn\u00e9es de contact et d\u2019identification telles que votre nom, votre adresse \u00e9lectronique, votre num\u00e9ro de t\u00e9l\u00e9phone, votre adresse, votre nationalit\u00e9, le nom de votre soci\u00e9t\u00e9, votre fonction<\/li>\r\n<li>Autres donn\u00e9es personnelles activement fournies \u00e0 ELEMENTI nv (par exemple, dans la correspondance ou les appels t\u00e9l\u00e9phoniques)<\/li>\r\n<li>Le cas \u00e9ch\u00e9ant, nous recueillons des donn\u00e9es financi\u00e8res telles que le num\u00e9ro de compte bancaire et d\u2019autres d\u00e9tails de paiement ainsi que les donn\u00e9es n\u00e9cessaires \u00e0 la facturation.<\/li>\r\n<li>Une visite des b\u00e2timents de la SA ELEMENTI est enregistr\u00e9e par des images de cam\u00e9ra afin de garantir la s\u00e9curit\u00e9.<\/li>\r\n<li>Il est possible que dans les espaces publics ou lors d\u2019\u00e9v\u00e9nements organis\u00e9s par ELEMENTI nv, des images d\u2019ambiance soient r\u00e9alis\u00e9es qui peuvent ensuite \u00eatre publi\u00e9es sur notre site web, les canaux de m\u00e9dias sociaux, la brochure, le bulletin d\u2019information, \u2026 L\u2019utilisation de ces images rel\u00e8ve de la l\u00e9gislation sur le \u00ab\u00a0droit \u00e0 l\u2019image de la personnalit\u00e9\u00a0\u00bb (ou droit du portrait).<br \/>o Les images d\u2019atmosph\u00e8re sont des \u00ab\u00a0images non dirig\u00e9es\u00a0\u00bb qui n\u2019ont pas pour but de repr\u00e9senter clairement certaines personnes.<br \/>o ELEMENTI nv s\u2019efforcera d\u2019\u00e9viter autant que possible de faire des \u00ab\u00a0photos cibl\u00e9es\u00a0\u00bb (en gros plan). Toute personne a le droit de restreindre l\u2019utilisation de son \u00ab\u00a0image cibl\u00e9e\u00a0\u00bb.<br \/>o Veuillez noter que les photos prises par les organisateurs d\u2019\u00e9v\u00e9nements ou les visiteurs d\u2019ELEMENTI nv ne rel\u00e8vent pas de notre responsabilit\u00e9, veuillez contacter ces \u00ab\u00a0autres\u00a0\u00bb personnes responsables du traitement.<\/li>\r\n<li>Les donn\u00e9es anonymis\u00e9es ne sont pas des donn\u00e9es personnelles car elles ne peuvent pas \u00eatre utilis\u00e9es pour vous identifier. (par exemple, des donn\u00e9es statistiques sur le nombre de visiteurs de nos pages web)<\/li>\r\n<\/ul>\r\n<p style=\"font-weight: 400;\">Vous pouvez \u00e9galement visiter notre site web sans avoir \u00e0 fournir de donn\u00e9es personnelles.<\/p>\r\n<p style=\"font-weight: 400;\">Nous ne collectons pas de cat\u00e9gories particuli\u00e8res de donn\u00e9es personnelles (au sens de l\u2019article 9 de la LDPI) ni de personnes de moins de 16 ans.<\/p>\r\n<p style=\"font-weight: 400;\"><strong>S\u00e9curiser vos donn\u00e9es<\/strong><br \/>ELEMENTI sa a pris les mesures techniques et organisationnelles appropri\u00e9es pour garantir et d\u00e9montrer que le traitement est conforme \u00e0 la GDPR\/AVG. (art. 32 de la LPPI).<br \/>Ces mesures ont \u00e9t\u00e9 prises pour prot\u00e9ger vos donn\u00e9es personnelles contre l\u2019utilisation abusive, la destruction, la perte ou toute autre action qui pourrait mettre en danger la s\u00e9curit\u00e9 de vos donn\u00e9es personnelles.<\/p>\r\n<p style=\"font-weight: 400;\">En cas de fuite de donn\u00e9es, l\u2019autorit\u00e9 de protection des donn\u00e9es (ADP) sera inform\u00e9e en fonction de la gravit\u00e9 de la fuite. En cas de violation tr\u00e8s grave, les personnes concern\u00e9es seront \u00e9galement inform\u00e9es. (PIBR\/AVG art. 33, 34)<\/p>\r\n<p style=\"font-weight: 400;\"><strong>Fondements juridiques du traitement<\/strong><br \/>Les donn\u00e9es personnelles sont trait\u00e9es sur la base de l\u2019article 6.1 de la LDPI.<br \/>a) Consentement<br \/>b) N\u00e9cessaires \u00e0 l\u2019ex\u00e9cution d\u2019un march\u00e9<br \/>c) N\u00e9cessaire pour satisfaire \u00e0 une obligation l\u00e9gale<br \/>f) N\u00e9cessaire \u00e0 la repr\u00e9sentation de notre int\u00e9r\u00eat l\u00e9gitime \u00e0 entreprendre<\/p>\r\n<p style=\"font-weight: 400;\"><strong>Transfert \u00e0 des tiers<\/strong><br \/>Dans certains cas, nous sommes tenus de partager vos donn\u00e9es avec des tiers au sein de l\u2019EEE qui traitent vos donn\u00e9es en notre nom.<br \/>Ces sous-traitants\/r\u00e9cepteurs sont s\u00e9lectionn\u00e9s par nous avec le plus grand soin et ELEMENTI nv garantit que ces sous-traitants\/r\u00e9cepteurs prendront les mesures techniques et organisationnelles n\u00e9cessaires pour assurer la s\u00e9curit\u00e9 et la confidentialit\u00e9 du traitement de vos donn\u00e9es. (par exemple : service de colis pour vous apporter votre commande, partenaire qui envoie nos lettres d\u2019information, maintenance de notre infrastructure informatique, syst\u00e8mes de r\u00e9servation en ligne, \u2026)<\/p>\r\n<p style=\"font-weight: 400;\">Afin de nous conformer \u00e0 une obligation l\u00e9gale, \u00e0 une d\u00e9cision de justice, \u00e0 une proc\u00e9dure de pr\u00e9vention des actes criminels, \u00e0 une proc\u00e9dure visant \u00e0 faire respecter notre politique ou \u00e0 prot\u00e9ger les droits et libert\u00e9s d\u2019autrui, \u2026 nous pouvons transf\u00e9rer vos donn\u00e9es \u00e0 caract\u00e8re personnel \u00e0 des autorit\u00e9s de contr\u00f4le, telles que les autorit\u00e9s fiscales et douani\u00e8res et d\u2019autres organismes officiels.<\/p>\r\n<p style=\"font-weight: 400;\">En aucun cas, les donn\u00e9es fournies ne seront transmises \u00e0 des tiers en dehors de l\u2019EEE qui n\u2019assurent pas un niveau de protection ad\u00e9quat des donn\u00e9es \u00e0 caract\u00e8re personnel.<\/p>\r\n<p style=\"font-weight: 400;\">Le site web d\u2019ELEMENTI nv contient des liens vers d\u2019autres sites web de tiers. ELEMENTI nv n\u2019est pas responsable du contenu de ces sites web et des normes de confidentialit\u00e9 de ces tiers. Nous vous conseillons de lire la d\u00e9claration de confidentialit\u00e9 de ce site web.<\/p>\r\n<p style=\"font-weight: 400;\">EEE = Espace \u00e9conomique europ\u00e9en<\/p>\r\n<p style=\"font-weight: 400;\"><strong>Stockage de vos donn\u00e9es<\/strong><br \/>ELEMENTI nv conservera vos donn\u00e9es personnelles pendant un certain temps, en fonction de la finalit\u00e9 pr\u00e9vue :<\/p>\r\n<ul>\r\n<li>Le temps n\u00e9cessaire pour atteindre l\u2019objectif<\/li>\r\n<li>Le d\u00e9lai n\u00e9cessaire pour se conformer aux exigences l\u00e9gales<\/li>\r\n<li>La dur\u00e9e d\u2019ex\u00e9cution d\u2019un accord<\/li>\r\n<\/ul>\r\n<p style=\"font-weight: 400;\"><strong>Droits de la personne concern\u00e9e<\/strong><br \/>Vous avez toujours le droit d\u2019examiner et de copier, de corriger, de supprimer, de limiter, de vous opposer et de transf\u00e9rer vos donn\u00e9es personnelles. Vous avez \u00e9galement le droit de r\u00e9voquer le consentement que vous avez donn\u00e9.<br \/>Si vous souhaitez exercer vos droits, vous pouvez le faire en envoyant une simple demande \u00e0 ELEMENTI nv via l\u2019un des canaux figurant en haut de la pr\u00e9sente d\u00e9claration de confidentialit\u00e9.<\/p>\r\n<p style=\"font-weight: 400;\">Nous nous r\u00e9servons le droit de vous demander des informations suppl\u00e9mentaires afin de v\u00e9rifier votre identit\u00e9.<\/p>\r\n<p style=\"font-weight: 400;\">ELEMENTI nv se r\u00e9serve \u00e9galement le droit de refuser certaines demandes avec motifs, et ne peut \u00eatre tenue responsable du fait que les donn\u00e9es personnelles supprim\u00e9es restent invisibles pour elle.<\/p>\r\n<p style=\"font-weight: 400;\">ELEMENTI sa r\u00e9pondra \u00e0 votre demande dans le d\u00e9lai l\u00e9gal pr\u00e9vu \u00e0 l\u2019article 12.3 de la LDPI\/AVG.<\/p>\r\n<p style=\"font-weight: 400;\"><strong>Plaintes<\/strong><br \/>Si vous avez une plainte \u00e0 formuler concernant la collecte ou le traitement de vos donn\u00e9es \u00e0 caract\u00e8re personnel, veuillez nous contacter directement par l\u2019un des canaux figurant en haut de la pr\u00e9sente d\u00e9claration de confidentialit\u00e9.<\/p>\r\n<p style=\"font-weight: 400;\">Vous avez \u00e9galement le droit de d\u00e9poser une plainte aupr\u00e8s de l\u2019autorit\u00e9 de contr\u00f4le, en Belgique, il s\u2019agit de l\u2019Autorit\u00e9 de protection des donn\u00e9es (ADP).<br \/>Autorit\u00e9 de protection des donn\u00e9es via https:\/\/www.gegevensbeschermingsautoriteit.be\/<\/p>\r\n<p style=\"font-weight: 400;\"><strong>COOKIE POLICY ELEMENTTI NV<\/strong><br \/>Des cookies sont utilis\u00e9s sur le site web d\u2019ELEMENTI nv. Les cookies collectent certaines informations et les stockent afin que vous, en tant que visiteur de notre site web, puissiez profiter d\u2019une exp\u00e9rience de navigation correcte, rapide et efficace.<br \/>Lors d\u2019une premi\u00e8re visite sur notre site web, il vous sera demand\u00e9 si vous acceptez l\u2019utilisation de cookies. Si vous n\u2019acceptez pas ces cookies, certains services et fonctions ne fonctionneront pas.<\/p>\r\n<p style=\"font-weight: 400;\"><strong>Comment pouvez-vous refuser ou g\u00e9rer l\u2019utilisation de cookies sur les services en ligne d\u2019ELEMENTI nv?<\/strong><\/p>\r\n<p style=\"font-weight: 400;\">La plupart des cookies de www.lifjalla.be sont supprim\u00e9s lorsque le navigateur est ferm\u00e9. Toutefois, certains cookies sont stock\u00e9s pendant une certaine p\u00e9riode. Vous pouvez toujours choisir de les supprimer vous-m\u00eame \u00e0 tout moment via votre navigateur.<\/p>\r\n<p style=\"font-weight: 400;\">Lorsque vous d\u00e9sactivez les cookies, vous devez savoir que certains graphiques peuvent ne pas avoir une bonne apparence ou que vous pouvez ne pas \u00eatre en mesure d\u2019utiliser certaines applications.<\/p>\r\n<p style=\"font-weight: 400;\"><strong>Que sont les cookies ?<\/strong><br \/>Un cookie est un petit fichier de donn\u00e9es ou de texte qu\u2019un site web demande \u00e0 votre navigateur de stocker sur votre ordinateur ou votre appareil mobile. Le fichier de cookie contient un code unique qui permet \u00e0 votre navigateur d\u2019\u00eatre reconnu par le site web lors d\u2019une visite de notre service en ligne ou lors de visites successives et r\u00e9p\u00e9t\u00e9es.<br \/>Un site web peut utiliser le cookie pour se \u00ab\u00a0souvenir\u00a0\u00bb de vos actions ou pr\u00e9f\u00e9rences au fil du temps. Le cookie vous aide \u00e0 naviguer de page en page sur un site web et \u00e0 \u00e9tablir une connexion s\u00e9curis\u00e9e, et il m\u00e9morise vos pr\u00e9f\u00e9rences d\u2019une visite pr\u00e9c\u00e9dente lorsque vous revenez.<\/p>\r\n<p style=\"font-weight: 400;\"><strong>Google Analytics<\/strong><br \/>ELEMENTI nv utilise google analytics pour savoir comment vous avez trouv\u00e9 notre site web et comment vous naviguez sur notre site. Cela peut nous aider \u00e0 am\u00e9liorer notre site web.<\/p>\r\n<p style=\"font-weight: 400;\">Les cookies utilis\u00e9s \u00e0 cette fin ne contiennent aucune information personnelle sur la base de laquelle votre identit\u00e9 peut \u00eatre retrac\u00e9e.<br \/>En utilisant le site web de ELEMENTI nv, vous consentez au traitement de vos donn\u00e9es par Google de la mani\u00e8re et aux fins d\u00e9crites sur le site web de Google.<\/p>\r\n<p style=\"font-weight: 400;\">Les informations seront transmises et stock\u00e9es par Google sur des serveurs situ\u00e9s aux \u00c9tats-Unis. Google est affili\u00e9 au programme Privacy Shield du minist\u00e8re am\u00e9ricain du commerce. Cela signifie qu\u2019il existe un niveau de protection ad\u00e9quat pour le traitement de toute donn\u00e9e \u00e0 caract\u00e8re personnel.<br \/>Vous pouvez choisir de ne plus \u00eatre suivi par Google Analytics \u00e0 l\u2019avenir en t\u00e9l\u00e9chargeant et en installant le module compl\u00e9mentaire du navigateur Opt-out de Google Analytics pour votre navigateur actuel : <a href=\"https:\/\/tools.google.com\/dlpage\/gaoptout\">https:\/\/tools.google.com\/dlpage\/gaoptout<\/a>.<\/p>\r\n<p style=\"font-weight: 400;\"><strong>Demandes en ligne<\/strong><br \/>ELEMENTI nv fournit des plugins sur son site web pour lire une vid\u00e9o (par exemple via YouTube).<br \/>Notre site web et nos applications mobiles comprennent \u00e9galement des fonctionnalit\u00e9s pour les m\u00e9dias sociaux tels que Facebook, Instagram, \u2026 qui ont leur propre d\u00e9claration de confidentialit\u00e9.<br \/>Nous vous demandons de lire leurs conditions g\u00e9n\u00e9rales et la d\u00e9claration de confidentialit\u00e9 avant de saisir des informations personnelles ; nous n\u2019acceptons aucune responsabilit\u00e9 pour ces \u00e9l\u00e9ments.<\/p>\r\n<p style=\"font-weight: 400;\">Pour en savoir plus sur le traitement de vos donn\u00e9es personnelles par le biais de ces applications en ligne :<\/p>\r\n<ul>\r\n<li>YouTube : <a href=\"https:\/\/policies.google.com\/privacy\">https:\/\/policies.google.com\/privacy<\/a><\/li>\r\n<li>Facebook et Instagram : <a href=\"https:\/\/facebook.com\/privacy\/explanation\">https:\/\/facebook.com\/privacy\/explanation<\/a><\/li>\r\n<\/ul>\r\n<p style=\"font-weight: 400;\"><strong>Copyright<\/strong><br \/>Aucun texte ou image de ce site web ne peut \u00eatre reproduit de quelque mani\u00e8re que ce soit sans l\u2019autorisation expresse d\u2019ELEMENTI nv.<\/p>\r\n<p style=\"font-weight: 400;\"><strong>Droit applicable et juridiction<\/strong><br \/>La pr\u00e9sente d\u00e9claration de confidentialit\u00e9 est r\u00e9gie par le droit belge. En cas de litige, seuls les tribunaux de l\u2019arrondissement de Flandre occidentale sont comp\u00e9tents.<\/p>\r\n<p style=\"font-weight: 400;\"><strong>Modification de la pr\u00e9sente d\u00e9claration de confidentialit\u00e9<\/strong><br \/>ELEMENTI nv se r\u00e9serve le droit de modifier la pr\u00e9sente d\u00e9claration de confidentialit\u00e9 afin qu\u2019elle refl\u00e8te \u00e0 tout moment la mani\u00e8re dont nous traitons vos donn\u00e9es personnelles.<br \/>Veuillez revenir r\u00e9guli\u00e8rement \u00e0 cette d\u00e9claration lors de votre visite sur notre site web afin d\u2019\u00eatre tenu inform\u00e9 des changements importants.<\/p>\r\n<p style=\"font-weight: 400;\">Derni\u00e8re mise \u00e0 jour : 27-5-2020<\/p>\r\n<p>[\/vc_column_text][\/vc_column][vc_column width=\u00a0\u00bb1\/6&Prime;][\/vc_column][\/vc_row][vc_row][vc_column][vc_column_text]<\/p>\r\n<p>[\/vc_column_text][\/vc_column][\/vc_row]<\/p><!-- \/wp:post-content --><\/div>","protected":false},"excerpt":{"rendered":"<p>[vc_row][vc_column width=\u00a0\u00bb1\/6&Prime;][\/vc_column][vc_column width=\u00a0\u00bb2\/3&Prime;][vc_column_text] Vos donn\u00e9es personnelles et votre vie priv\u00e9e sont d\u2019une grande importance pour nous. Nous faisons tout ce&#8230;<\/p>\n","protected":false},"author":15,"featured_media":0,"parent":0,"menu_order":0,"comment_status":"closed","ping_status":"closed","template":"","meta":{"footnotes":""},"class_list":["post-5846","page","type-page","status-publish"],"_links":{"self":[{"href":"https:\/\/www.lifjalla.be\/fr\/wp-json\/wp\/v2\/pages\/5846","targetHints":{"allow":["GET"]}}],"collection":[{"href":"https:\/\/www.lifjalla.be\/fr\/wp-json\/wp\/v2\/pages"}],"about":[{"href":"https:\/\/www.lifjalla.be\/fr\/wp-json\/wp\/v2\/types\/page"}],"author":[{"embeddable":true,"href":"https:\/\/www.lifjalla.be\/fr\/wp-json\/wp\/v2\/users\/15"}],"replies":[{"embeddable":true,"href":"https:\/\/www.lifjalla.be\/fr\/wp-json\/wp\/v2\/comments?post=5846"}],"version-history":[{"count":5,"href":"https:\/\/www.lifjalla.be\/fr\/wp-json\/wp\/v2\/pages\/5846\/revisions"}],"predecessor-version":[{"id":6194,"href":"https:\/\/www.lifjalla.be\/fr\/wp-json\/wp\/v2\/pages\/5846\/revisions\/6194"}],"wp:attachment":[{"href":"https:\/\/www.lifjalla.be\/fr\/wp-json\/wp\/v2\/media?parent=5846"}],"curies":[{"name":"wp","href":"https:\/\/api.w.org\/{rel}","templated":true}]}}