{"id":5892,"date":"2022-03-01T08:20:18","date_gmt":"2022-03-01T06:20:18","guid":{"rendered":"https:\/\/www.lifjalla.be\/zuiver-water-ijsland\/"},"modified":"2022-03-20T01:16:20","modified_gmt":"2022-03-20T00:16:20","slug":"eau-pure-islande","status":"publish","type":"page","link":"https:\/\/www.lifjalla.be\/fr\/eau-pure-islande\/","title":{"rendered":"Du glacier au verre"},"content":{"rendered":"<div class=\"wpb-content-wrapper\"><p>[vc_row full_width=\u00a0\u00bbstretch_row\u00a0\u00bb equal_height=\u00a0\u00bbyes\u00a0\u00bb css=\u00a0\u00bb.vc_custom_1514376367963{margin-bottom: 0px !important;}\u00a0\u00bb][vc_column offset=\u00a0\u00bbvc_col-lg-8 vc_col-md-7&Prime;][vc_column_text css_animation=\u00a0\u00bbbottom-to-top\u00a0\u00bb]<\/p>\n<div class=\"title-h1\" style=\"text-align: left;\">De l&rsquo;eau pure de la source \u00e0 votre verre<\/div>\n<p>[\/vc_column_text]<div class=\"clearboth\"><\/div><style>#thegem-divider-69fb3535d5e4e {margin-top: 45px !important;}<\/style><div id=\"thegem-divider-69fb3535d5e4e\" class=\"gem-divider  \" style=\"\" ><\/div>[vc_column_text css_animation=\u00a0\u00bbbottom-to-top\u00a0\u00bb]<\/p>\n<div class=\"styled-subtitle\" style=\"text-align: left;\"><span style=\"color: #3c3950;\">L&rsquo;Islande est d&rsquo;une beaut\u00e9 enchanteresse qu\u2019elle doit principalement \u00e0 sa nature intacte. Cela explique le go\u00fbt maintes fois r\u00e9compens\u00e9, naturellement doux et imm\u00e9diatement reconnaissable de l&rsquo;eau naturellement pure Lifjalla.<\/span><\/div>\n<p>[\/vc_column_text]<div class=\"clearboth\"><\/div><style>#thegem-divider-69fb3535d5ee3 {margin-top: 60px !important;}<\/style><div id=\"thegem-divider-69fb3535d5ee3\" class=\"gem-divider  \" style=\"\" ><\/div>[vc_column_text css_animation=\u00a0\u00bbbottom-to-top\u00a0\u00bb]<\/p>\n<div class=\"title-h2\" style=\"text-align: left;\">Le parcours de cette eau naturellement pure<\/div>\n<p>[\/vc_column_text]<div class=\"clearboth\"><\/div><style>#thegem-divider-69fb3535d5f1b {margin-top: 30px !important;}<\/style><div id=\"thegem-divider-69fb3535d5f1b\" class=\"gem-divider  \" style=\"\" ><\/div>[vc_column_text css_animation=\u00a0\u00bbbottom-to-top\u00a0\u00bb]<\/p>\n<div class=\"title-h3\" style=\"text-align: left;\"><strong>La source Islandaise<\/strong><\/div>\n<p>[\/vc_column_text][vc_column_text css_animation=\u00a0\u00bbbottom-to-top\u00a0\u00bb]S\u2019\u00e9tendant sur 935 m2, le glacier Langj\u00f6kull est le deuxi\u00e8me plus grand glacier des Hautes Terres islandaises. \u00c0 son point le plus \u00e9pais, la glace atteint jusqu&rsquo;\u00e0 580 m\u00e8tres d&rsquo;\u00e9paisseur! En dessous se trouvent des volcans souterrains actifs et des couches de basalte s\u00e9culaires.<\/p>\n<p>L&rsquo;eau de fonte cristalline du glacier Langj\u00f6kull s&rsquo;infiltre lentement dans ce sous-sol riche en min\u00e9raux. Au cours de ce voyage, l&rsquo;eau du glacier est filtr\u00e9e et absorbe des min\u00e9raux qui d\u00e9terminent \u00e0 jamais son go\u00fbt et son taux de r\u00e9sidu sec. Ce n&rsquo;est qu\u2019apr\u00e8s plusieurs d\u00e9cennies que l&rsquo;eau du glacier remonte \u00e0 la surface dans la ville portuaire de Hafnarfjordur.[\/vc_column_text]<style type=\"text\/css\">.thegem-button-69fb3535d6052509.lazy-loading-before-start-animation .lazy-loading-item {opacity: 0;} body.thegem-effects-disabled .thegem-button-69fb3535d6052509.lazy-loading-before-start-animation .lazy-loading-item {opacity: 1;}<\/style><style type=\"text\/css\">.thegem-button-69fb3535d6052509 .gem-button svg {fill: #00bcd4;}.thegem-button-69fb3535d6052509 .gem-button:hover svg {fill: #ffffff;}<\/style><div class=\"gem-button-container gem-button-position-inline thegem-button-69fb3535d6052509     lazy-loading lazy-loading-before-start-animation\"  ><a title=\"Le go\u00fbt et la composition\" class=\"gem-button gem-button-size-small gem-button-style-outline gem-button-text-weight-normal gem-button-border-2 lazy-loading-item\" data-ll-effect=\"drop-right-without-wrap\" style=\"border-radius: 6px;border-color: #00bcd4;color: #00bcd4;\" onmouseleave=\"this.style.borderColor='#00bcd4';this.style.backgroundColor='transparent';this.style.color='#00bcd4';\" onmouseenter=\"this.style.borderColor='#00bcd4';this.style.backgroundColor='#00bcd4';this.style.color='#ffffff';\" href=\"\/fr\/lifjalla\/leau-lifjalla\/\" target=\"_self\">Le go\u00fbt et la composition<\/a><\/div> <div class=\"clearboth\"><\/div><style>#thegem-divider-69fb3535d60e1 {margin-top: 30px !important;}<\/style><div id=\"thegem-divider-69fb3535d60e1\" class=\"gem-divider  \" style=\"\" ><\/div>[vc_column_text css_animation=\u00a0\u00bbbottom-to-top\u00a0\u00bb]<\/p>\n<div class=\"title-h3\" style=\"text-align: left;\"><strong>Mise en bouteille locale en Belgique<\/strong><\/div>\n<p>[\/vc_column_text][vc_column_text css_animation=\u00a0\u00bbbottom-to-top\u00a0\u00bb]Afin de minimiser l&#8217;empreinte \u00e9cologique, nous ne conditionnons pas l&rsquo;eau Lifjalla \u00e0 la source, \u00e0 Hafnarfjordur. Pour le transport transmaritime vers la Belgique, le fret de gros volume en vrac est tout simplement beaucoup plus int\u00e9ressant.<\/p>\n<p>Au si\u00e8ge local de Lifjalla, \u00e0 Elverdinge pr\u00e8s d&rsquo;Ypres, nous filtrons l&rsquo;eau islandaise deux fois de plus pour garantir une puret\u00e9 \u00e0 100 %. Une filtration m\u00e9canique sur membrane \u00e9limine les derni\u00e8res impuret\u00e9s, tandis qu\u2019une seconde filtration \u00e0 travers un filtre UV supprime la formation naturelle d&rsquo;algues. L&rsquo;eau Lifjalla est ensuite conditionn\u00e9e dans un emballage bag-in-box intelligent qui pr\u00e9serve au mieux son go\u00fbt et son \u00e9quilibre min\u00e9ral.[\/vc_column_text]<style type=\"text\/css\">.thegem-button-69fb3535d61b81489.lazy-loading-before-start-animation .lazy-loading-item {opacity: 0;} body.thegem-effects-disabled .thegem-button-69fb3535d61b81489.lazy-loading-before-start-animation .lazy-loading-item {opacity: 1;}<\/style><style type=\"text\/css\">.thegem-button-69fb3535d61b81489 .gem-button svg {fill: #00bcd4;}.thegem-button-69fb3535d61b81489 .gem-button:hover svg {fill: #ffffff;}<\/style><div class=\"gem-button-container gem-button-position-inline thegem-button-69fb3535d61b81489     lazy-loading lazy-loading-before-start-animation\"  ><a title=\"L&#039;\u00e9cologie et l&#039;emballage\" class=\"gem-button gem-button-size-small gem-button-style-outline gem-button-text-weight-normal gem-button-border-2 lazy-loading-item\" data-ll-effect=\"drop-right-without-wrap\" style=\"border-radius: 6px;border-color: #00bcd4;color: #00bcd4;\" onmouseleave=\"this.style.borderColor='#00bcd4';this.style.backgroundColor='transparent';this.style.color='#00bcd4';\" onmouseenter=\"this.style.borderColor='#00bcd4';this.style.backgroundColor='#00bcd4';this.style.color='#ffffff';\" href=\"\/fr\/eau-islande-eco\/\" target=\"_self\">L&#039;\u00e9cologie et l&#039;emballage<\/a><\/div> <div class=\"clearboth\"><\/div><style>#thegem-divider-69fb3535d6241 {margin-top: 30px !important;}<\/style><div id=\"thegem-divider-69fb3535d6241\" class=\"gem-divider  \" style=\"\" ><\/div>[vc_column_text css_animation=\u00a0\u00bbbottom-to-top\u00a0\u00bb]<\/p>\n<div class=\"title-h3\" style=\"text-align: left;\"><strong>Direction: chez vous<\/strong><\/div>\n<p>[\/vc_column_text][vc_column_text css_animation=\u00a0\u00bbbottom-to-top\u00a0\u00bb]Au d\u00e9part du si\u00e8ge de Lifjalla \u00e0 Ypres, les bag-in-box sont livr\u00e9s chez des commer\u00e7ants locaux dans tout le Benelux. Ces commer\u00e7ants ach\u00e8tent g\u00e9n\u00e9ralement l&rsquo;eau Lifjalla par palette, et nous pouvons ainsi organiser le transport de la mani\u00e8re la plus efficace et la plus \u00e9cologique possible. Moins il y a de trajets, mieux c&rsquo;est ! Nous regroupons \u00e9galement, si nous le pouvons, les livraisons \u00e0 domicile des commandes via Lifjallashop.be pour qu\u2019elles suivent des itin\u00e9raires optimaux.[\/vc_column_text]<style type=\"text\/css\">.thegem-button-69fb3535d62e07677.lazy-loading-before-start-animation .lazy-loading-item {opacity: 0;} body.thegem-effects-disabled .thegem-button-69fb3535d62e07677.lazy-loading-before-start-animation .lazy-loading-item {opacity: 1;}<\/style><style type=\"text\/css\">.thegem-button-69fb3535d62e07677 .gem-button svg {fill: #00bcd4;}.thegem-button-69fb3535d62e07677 .gem-button:hover svg {fill: #ffffff;}<\/style><div class=\"gem-button-container gem-button-position-inline thegem-button-69fb3535d62e07677     lazy-loading lazy-loading-before-start-animation\"  ><a title=\"Trouvez un point de vente pr\u00e8s de chez vous\" class=\"gem-button gem-button-size-small gem-button-style-outline gem-button-text-weight-normal gem-button-border-2 lazy-loading-item\" data-ll-effect=\"drop-right-without-wrap\" style=\"border-radius: 6px;border-color: #00bcd4;color: #00bcd4;\" onmouseleave=\"this.style.borderColor='#00bcd4';this.style.backgroundColor='transparent';this.style.color='#00bcd4';\" onmouseenter=\"this.style.borderColor='#00bcd4';this.style.backgroundColor='#00bcd4';this.style.color='#ffffff';\" href=\"\/fr\/acheter-lifjalla\/\" target=\"_self\">Trouvez un point de vente pr\u00e8s de chez vous<\/a><\/div> <div class=\"clearboth\"><\/div><style>#thegem-divider-69fb3535d632f {margin-top: 80px !important;}<\/style><div id=\"thegem-divider-69fb3535d632f\" class=\"gem-divider  \" style=\"\" ><\/div>[\/vc_column][vc_column offset=\u00a0\u00bbvc_col-lg-4 vc_col-md-5&Prime;]<div class=\"centered-box gem-image-centered-box\" ><div class=\"gem-image gem-wrapbox gem-wrapbox-style-default gem-wrapbox-position-centered lazy-loading  thegem-custom-69fb3535d63899699\"  style=\"\" ><div class=\"gem-wrapbox-inner  lazy-loading-item\"  data-ll-effect=\"move-up\"><img class=\"gem-wrapbox-element img-responsive\" src=\"https:\/\/www.lifjalla.be\/wp-content\/uploads\/2022\/03\/274305869_7598785826862517_4119094162170205969_n.jpg\" alt=\"\"\/><\/div><style type=\"text\/css\">.thegem-custom-69fb3535d63899699.gem-image a:hover img {filter: brightness( 100% ) contrast( 100% ) saturate( 100% ) blur( 0px ) hue-rotate( 0deg );}<\/style><\/div><\/div>[\/vc_column][\/vc_row][vc_row full_width=\u00a0\u00bbstretch_row\u00a0\u00bb content_placement=\u00a0\u00bbmiddle\u00a0\u00bb disable_custom_paddings_tablet=\u00a0\u00bbtrue\u00a0\u00bb disable_custom_paddings_mobile=\u00a0\u00bbtrue\u00a0\u00bb css=\u00a0\u00bb.vc_custom_1646343541854{margin-bottom: 0px !important;background: #ffffff url(https:\/\/www.lifjalla.be\/wp-content\/uploads\/2022\/02\/33-scaled.jpg?id=3434) !important;background-position: center !important;background-repeat: no-repeat !important;background-size: cover !important;}\u00a0\u00bb custom_css_code=\u00a0\u00bbLmNhbGwtdG8tYWN0aW9uLTA5JTdCJTBBJTIwJTIwJTIwJTIwcG9zaXRpb24lM0ElMjByZWxhdGl2ZSUzQiUwQSUyMCUyMCUyMCUyMGRpc3BsYXklM0ElMjBmbGV4JTNCJTBBJTIwJTIwJTIwJTIwd2lkdGglM0ElMjAxMDAlMjUlM0IlMEElN0QlMEEuY2FsbC10by1hY3Rpb24tMDklMjBsYWJlbC55aWtlcy1tYWlsY2hpbXAtZmllbGQtcmVxdWlyZWQlN0IlMEElMjAlMjAlMjAlMjBwb3NpdGlvbiUzQSUyMHJlbGF0aXZlJTNCJTBBJTIwJTIwJTIwJTIwZGlzcGxheSUzQSUyMGZsZXglM0IlMEElMjAlMjAlMjAlMjBhbGlnbi1pdGVtcyUzQSUyMGNlbnRlciUzQiUwQSUyMCUyMCUyMCUyMHdpZHRoJTNBJTIwMTAwJTI1JTNCJTBBJTIwJTIwJTIwJTIwaGVpZ2h0JTNBJTIwNDBweCUzQiUwQSUyMCUyMCUyMCUyMHBhZGRpbmclM0ElMjAwJTNCJTBBJTIwJTIwJTIwJTIwbWFyZ2luJTNBJTIwMCUzQiUwQSUyMCUyMCUyMCUyMGZsb2F0JTNBJTIwbm9uZSUzQiUwQSU3RCUwQS5jYWxsLXRvLWFjdGlvbi0wOSUyMC55aWtlcy1lYXN5LW1jLWVtYWlsJTdCJTBBJTIwJTIwJTIwJTIwZGlzcGxheSUzQSUyMGJsb2NrJTNCJTBBJTIwJTIwJTIwJTIwd2lkdGglM0ElMjAxMDAlMjUlM0IlMEElMjAlMjAlMjAlMjBoZWlnaHQlM0ElMjAxMDAlMjUlM0IlMEElMjAlMjAlMjAlMjBwYWRkaW5nJTNBJTIwMCUyMDU1cHglMjAwJTIwMTVweCUzQiUwQSUyMCUyMCUyMCUyMG1hcmdpbiUzQSUyMDAlM0IlMEElMjAlMjAlMjAlMjBib3JkZXIlM0ElMjBub25lJTNCJTBBJTIwJTIwJTIwJTIwYmFja2dyb3VuZCUzQSUyMCUyM2ZmZmZmZiUzQiUwQSUyMCUyMCUyMCUyMGNvbG9yJTNBJTIwJTIzM2MzOTUwJTNCJTBBJTdEJTBBLmNhbGwtdG8tYWN0aW9uLTA5JTIwLmZvcm0tZmllbGQtZGVzY3JpcHRpb24lN0IlMEElMjAlMjAlMjAlMjBwb3NpdGlvbiUzQSUyMGFic29sdXRlJTNCJTBBJTIwJTIwJTIwJTIwbGVmdCUzQSUyMDAlM0IlMEElMjAlMjAlMjAlMjBib3R0b20lM0ElMjAtMzBweCUzQiUwQSUyMCUyMCUyMCUyMGNvbG9yJTNBJTIwJTIzZmZmZmZmJTNCJTBBJTIwJTIwJTIwJTIwZm9udC1zdHlsZSUzQSUyMG5vcm1hbCUzQiUwQSU3RCUwQS5jYWxsLXRvLWFjdGlvbi0wOSUyMGxhYmVsLnN1Ym1pdC1idXR0b24taW5saW5lLWxhYmVsJTdCJTBBJTIwJTIwJTIwJTIwcG9zaXRpb24lM0ElMjBhYnNvbHV0ZSUzQiUwQSUyMCUyMCUyMCUyMGRpc3BsYXklM0ElMjBmbGV4JTNCJTBBJTIwJTIwJTIwJTIwYWxpZ24taXRlbXMlM0ElMjBjZW50ZXIlM0IlMEElMjAlMjAlMjAlMjBqdXN0aWZ5LWNvbnRlbnQlM0ElMjBjZW50ZXIlM0IlMEElMjAlMjAlMjAlMjB0b3AlM0ElMjAwJTNCJTBBJTIwJTIwJTIwJTIwcmlnaHQlM0ElMjAwJTNCJTBBJTIwJTIwJTIwJTIwaGVpZ2h0JTNBJTIwNDBweCUzQiUwQSUyMCUyMCUyMCUyMG1pbi13aWR0aCUzQSUyMDQwcHglM0IlMEElMjAlMjAlMjAlMjB3aWR0aCUzQSUyMDQwcHglM0IlMEElMjAlMjAlMjAlMjBwYWRkaW5nJTNBJTIwMCUzQiUwQSUyMCUyMCUyMCUyMG1hcmdpbiUzQSUyMDAlM0IlMEElMjAlMjAlMjAlMjBmbG9hdCUzQSUyMG5vbmUlM0IlMEElN0QlMEEuY2FsbC10by1hY3Rpb24tMDklMjAueWlrZXMtZWFzeS1tYy1zdWJtaXQtYnV0dG9uJTdCJTBBJTIwJTIwJTIwJTIwcG9zaXRpb24lM0ElMjByZWxhdGl2ZSUzQiUwQSUyMCUyMCUyMCUyMGRpc3BsYXklM0ElMjBmbGV4JTNCJTBBJTIwJTIwJTIwJTIwYWxpZ24taXRlbXMlM0ElMjBjZW50ZXIlM0IlMEElMjAlMjAlMjAlMjBqdXN0aWZ5LWNvbnRlbnQlM0ElMjBjZW50ZXIlM0IlMEElMjAlMjAlMjAlMjB3aWR0aCUzQSUyMDEwMCUyNSUzQiUwQSUyMCUyMCUyMCUyMGhlaWdodCUzQSUyMDEwMCUyNSUzQiUwQSUyMCUyMCUyMCUyMG1hcmdpbiUzQSUyMDAlM0IlMEElMjAlMjAlMjAlMjBwYWRkaW5nJTNBJTIwMCUzQiUwQSUyMCUyMCUyMCUyMGJvcmRlci1yYWRpdXMlM0ElMjAwJTNCJTBBJTIwJTIwJTIwJTIwYmFja2dyb3VuZCUzQSUyMCUyM2RmZTVlOCUzQiUwQSUyMCUyMCUyMCUyMHRleHQtYWxpZ24lM0ElMjBjZW50ZXIlM0IlMEElMjAlMjAlMjAlMjB0ZXh0LXRyYW5zZm9ybSUzQSUyMHVwcGVyY2FzZSUzQiUwQSUyMCUyMCUyMCUyMGNvbG9yJTNBJTIwJTIzM2MzOTUwJTNCJTBBJTIwJTIwJTIwJTIwZm9udC1zaXplJTNBJTIwMCUzQiUwQSU3RCUwQS5jYWxsLXRvLWFjdGlvbi0wOSUyMC55aWtlcy1lYXN5LW1jLXN1Ym1pdC1idXR0b24lM0FiZWZvcmUlN0IlMEElMjAlMjAlMjAlMjBjb250ZW50JTNBJTIwJTI3JTVDZTYwMSUyNyUzQiUwQSUyMCUyMCUyMCUyMGZvbnQtZmFtaWx5JTNBJTIwdGhlZ2VtLWljb25zJTNCJTBBJTIwJTIwJTIwJTIwZm9udC1zaXplJTNBJTIwMjRweCUzQiUwQSU3RCUwQS5jYWxsLXRvLWFjdGlvbi0wOSUyMC55aWtlcy1lYXN5LW1jLXN1Ym1pdC1idXR0b24lM0Fob3ZlciU3QiUwQSUyMCUyMCUyMCUyMGJhY2tncm91bmQlM0ElMjAlMjMzYzM5NTAlM0IlMEElMjAlMjAlMjAlMjBjb2xvciUzQSUyMCUyM2ZmZmZmZiUzQiUwQSU3RA==\u00a0\u00bb][vc_column css=\u00a0\u00bb.vc_custom_1646329992902{padding-top: 60px !important;padding-bottom: 60px !important;}\u00a0\u00bb][vc_row_inner content_placement=\u00a0\u00bbmiddle\u00a0\u00bb disable_custom_paddings_tablet=\u00a0\u00bbtrue\u00a0\u00bb disable_custom_paddings_mobile=\u00a0\u00bbtrue\u00a0\u00bb css=\u00a0\u00bb.vc_custom_1646343618499{margin-top: 20px !important;margin-right: 0px !important;margin-bottom: 0px !important;margin-left: 0px !important;padding-top: 30px !important;padding-bottom: 50px !important;background-color: rgba(51,49,68,0.8) !important;*background-color: rgb(51,49,68) !important;}\u00a0\u00bb][vc_column_inner disable_custom_paddings_tablet=\u00a0\u00bbtrue\u00a0\u00bb disable_custom_paddings_mobile=\u00a0\u00bbtrue\u00a0\u00bb css=\u00a0\u00bb.vc_custom_1646343688425{padding-left: 50px !important;}\u00a0\u00bb][vc_column_text css_animation=\u00a0\u00bbbottom-to-top\u00a0\u00bb]<\/p>\n<div class=\"title-h2\" style=\"text-align: left;\"><span style=\"color: #ffffff;\">Le saviez-vous &#8230;<\/span><\/div>\n<p>[\/vc_column_text]<div class=\"gem-list gem-list-type-arrow gem-list-color-12\" ><ul>\n<li><span style=\"color: #ffffff;\">Ski, randonn\u00e9es sur les glaciers, visites de grottes de glace, baignade dans des sources d&rsquo;eau chaude naturelles&#8230; Le <strong><a style=\"color: #ffffff;\" href=\"https:\/\/guidetoiceland.is\/travel-iceland\/drive\/langjokull\" target=\"_blank\" rel=\"noopener\">glacier Langj\u00f6kull<\/a><\/strong> a beaucoup \u00e0 offrir d\u2019un point de vue touristique!<\/span><\/li>\n<li><span style=\"color: #ffffff;\">Bien qu\u2019elle ne compte qu\u2019\u00e0 peine 30 000 habitants, Hafnarfjordur est la troisi\u00e8me plus grande ville d\u2019Islande. Seules la capitale Reykjavik et K\u00f3pavogur sont plus peupl\u00e9es.<\/span><\/li>\n<li><span style=\"color: #ffffff;\">L&#8217;emballage bag-in-box astucieux prot\u00e8ge si bien votre eau Lifjalla que vous pouvez la conserver jusqu&rsquo;\u00e0 2 ans sans qu\u2019elle perde son go\u00fbt.<\/span><\/li>\n<\/ul>\n<\/div>[\/vc_column_inner][\/vc_row_inner][\/vc_column][\/vc_row][vc_row full_width=\u00a0\u00bbstretch_row\u00a0\u00bb content_placement=\u00a0\u00bbmiddle\u00a0\u00bb css=\u00a0\u00bb.vc_custom_1646118068111{margin-bottom: 0px !important;}\u00a0\u00bb custom_css_code=\u00a0\u00bbJTQwbWVkaWElMjAlMjhtYXgtd2lkdGglM0ElMjA0ODBweCUyOSU3QiUwQSUyMCUyMCUyMC5nZW0tYnV0dG9uLXNpemUtZ2lhbnQlN0IlMEElMjAlMjAlMjAlMjAlMjAlMjAlMjAlMjBmb250LXNpemUlM0ElMjAxNnB4JTNCJTBBJTIwJTIwJTIwJTIwJTIwJTIwJTIwJTIwYm9yZGVyLXdpZHRoJTNBJTIwNHB4JTNCJTBBJTIwJTIwJTIwJTIwJTIwJTIwJTIwJTIwbWFyZ2luJTNBMCUzQiUwQSUyMCUyMCUyMCUyMCUyMCUyMCUyMCUyMHBhZGRpbmclM0ElMjAwcHglMjAxMHB4JTNCJTBBJTIwJTIwJTIwJTdEJTBBJTdE\u00a0\u00bb][vc_column disable_custom_paddings_tablet=\u00a0\u00bbtrue\u00a0\u00bb disable_custom_paddings_mobile=\u00a0\u00bbtrue\u00a0\u00bb css=\u00a0\u00bb.vc_custom_1646343555732{padding-top: 0px !important;}\u00a0\u00bb]<div id=\"fullwidth-block-69fb3535d6892\" class=\"fullwidth-block clearfix\"  style=\"background-color: #ffffff;background: linear-gradient(to right, #008ee2, #00d1d8);\"><script type=\"text\/javascript\">if (typeof(gem_fix_fullwidth_position) == \"function\") { gem_fix_fullwidth_position(document.getElementById(\"fullwidth-block-69fb3535d6892\")); }<\/script><div class=\"fullwidth-block-inner\"><div class=\"container\"><div class=\"gem-textbox  centered-box\"  ><div class=\"gem-textbox-inner\" style=\"\"><div class=\"gem-textbox-content\" style=\"background-position: center center;\"><div class=\"clearboth\"><\/div><style>#thegem-divider-69fb3535d6aa4 {margin-top: 50px !important;}<\/style><div id=\"thegem-divider-69fb3535d6aa4\" class=\"gem-divider  \" style=\"\" ><\/div>[vc_column_text]<\/p>\n<div class=\"title-h2\"><span style=\"color: #ffffff;\">Et l&rsquo;environnement?<\/span><\/div>\n<p>[\/vc_column_text][vc_column_text]<\/p>\n<div class=\"styled-subtitle\" style=\"text-align: center;\"><span style=\"color: #ffffff;\">Chez Lifjalla, nous nous effor\u00e7ons de produire de la mani\u00e8re la plus \u00e9cologique possible. Vous vous demandez ce que nous faisons pour prot\u00e9ger notre plan\u00e8te?<\/span><\/div>\n<p>[\/vc_column_text]<style type=\"text\/css\">.thegem-button-69fb3535d6b525991.lazy-loading-before-start-animation .lazy-loading-item {opacity: 0;} body.thegem-effects-disabled .thegem-button-69fb3535d6b525991.lazy-loading-before-start-animation .lazy-loading-item {opacity: 1;}<\/style><style type=\"text\/css\">.thegem-button-69fb3535d6b525991 .gem-button svg {fill: #ffffff;}.thegem-button-69fb3535d6b525991 .gem-button:hover svg {fill: #333144;}<\/style><div class=\"gem-button-container gem-button-position-center thegem-button-69fb3535d6b525991     lazy-loading lazy-loading-before-start-animation\"  ><a title=\"Notre garantie \u00e9co\" class=\"gem-button gem-button-size-medium gem-button-style-flat gem-button-text-weight-normal lazy-loading-item\" data-ll-effect=\"drop-right-without-wrap\" style=\"border-radius: 6px;background-color: #333144;color: #ffffff;\" onmouseleave=\"this.style.backgroundColor='#333144';this.style.color='#ffffff';\" onmouseenter=\"this.style.backgroundColor='#ffffff';this.style.color='#333144';\" href=\"\/fr\/eau-islande-eco\/\" target=\"_self\">Notre garantie \u00e9co<\/a><\/div> <div class=\"clearboth\"><\/div><style>#thegem-divider-69fb3535d6baa {margin-top: 35px !important;}<\/style><div id=\"thegem-divider-69fb3535d6baa\" class=\"gem-divider  \" style=\"\" ><\/div><\/div><\/div><\/div><\/div><\/div><\/div>[\/vc_column][\/vc_row][vc_row gap=\u00a0\u00bb35&Prime; equal_height=\u00a0\u00bbyes\u00a0\u00bb content_placement=\u00a0\u00bbtop\u00a0\u00bb css=\u00a0\u00bb.vc_custom_1646241730971{padding-top: 80px !important;padding-bottom: 40px !important;}\u00a0\u00bb][vc_column width=\u00a0\u00bb1\/2&Prime;][vc_row_inner][vc_column_inner]<div class=\"clearboth\"><\/div><style>#thegem-divider-69fb3535d6c00 {margin-bottom: 2px !important;}<\/style><div id=\"thegem-divider-69fb3535d6c00\" class=\"gem-divider  \" style=\"\" ><\/div>[vc_column_text css=\u00a0\u00bb.vc_custom_1646084268216{padding-right: 30px !important;}\u00a0\u00bb]<span style=\"color: #2c2e3d;\">Si\u00e8ge principal de Lifjalla\u00ae<br \/>\nVeurnseweg 528<br \/>\n8906 Elverdinge (Belgi\u00eb)<br \/>\nT +32 498 10 17 42<br \/>\n<a href=\"mailto:info@lifjalla.be\">info@lifjalla.be<\/a><br \/>\n<\/span>[\/vc_column_text]<div class=\"socials socials-list socials-colored socials-default socials-alignment-left\"><a class=\"socials-item\" target=\"_blank\" href=\"https:\/\/www.facebook.com\/Lifjalla\" aria-label=\"facebook\"><i class=\"socials-item-icon facebook\" style=\"font-size: 24px\"><\/i><\/a><a class=\"socials-item\" target=\"_blank\" href=\"https:\/\/www.instagram.com\/lifjalla\/\" aria-label=\"instagram\"><i class=\"socials-item-icon instagram\" style=\"font-size: 24px\"><\/i><\/a><a class=\"socials-item\" target=\"_blank\" href=\"https:\/\/www.youtube.com\/channel\/UCxZb-QxFC8zoVyju8z8ugzQ\" aria-label=\"youtube\"><i class=\"socials-item-icon youtube\" style=\"font-size: 24px\"><\/i><\/a><\/div><div class=\"clearboth\"><\/div><style>#thegem-divider-69fb3535d6c90 {margin-bottom: 30px !important;}<\/style><div id=\"thegem-divider-69fb3535d6c90\" class=\"gem-divider  \" style=\"\" ><\/div>[vc_column_text]<\/p>\n<div class=\"small-body\"><span style=\"color: #5f727f;\">Lifjalla est une marque d&rsquo;Elementi nv (BE 0841.500.536)<\/span><\/div>\n<p>[\/vc_column_text]<div class=\"clearboth\"><\/div><style>#thegem-divider-69fb3535d6cc8 {margin-bottom: 30px !important;}<\/style><div id=\"thegem-divider-69fb3535d6cc8\" class=\"gem-divider  \" style=\"\" ><\/div>[vc_column_text css=\u00a0\u00bb.vc_custom_1646095528260{margin-bottom: 0px !important;border-bottom-width: 0px !important;padding-bottom: 0px !important;}\u00a0\u00bb]<\/p>\n<div class=\"small-body\">Developed with the support of<\/div>\n<p>[\/vc_column_text][vc_single_image image=\u00a0\u00bb3907&Prime; img_size=\u00a0\u00bb600&#215;49&Prime; style=\u00a0\u00bbvc_box_rounded\u00a0\u00bb][\/vc_column_inner][\/vc_row_inner][\/vc_column][vc_column width=\u00a0\u00bb1\/2&Prime;][vc_row_inner][vc_column_inner width=\u00a0\u00bb1\/2&Prime;][vc_column_text el_class=\u00a0\u00bbcustom-line-height\u00a0\u00bb css=\u00a0\u00bb.vc_custom_1646095277321{margin-bottom: 10px !important;}\u00a0\u00bb]<\/p>\n<div class=\"small-body\"><a href=\"\/fr\/\">Home<\/a><\/div>\n<p>[\/vc_column_text][vc_column_text el_class=\u00a0\u00bbcustom-line-height\u00a0\u00bb css=\u00a0\u00bb.vc_custom_1647697130953{margin-bottom: 10px !important;}\u00a0\u00bb]<\/p>\n<div class=\"small-body\"><a href=\"\/fr\/acheter-lifjalla\/\">Shop<\/a><\/div>\n<p>[\/vc_column_text][vc_column_text el_class=\u00a0\u00bbcustom-line-height\u00a0\u00bb css=\u00a0\u00bb.vc_custom_1647697158018{margin-bottom: 10px !important;}\u00a0\u00bb]<\/p>\n<div class=\"small-body\"><a href=\"\/fr\/lifjalla\/leau-lifjalla\/\">La composition et le go\u00fbt<\/a><\/div>\n<p>[\/vc_column_text][vc_column_text el_class=\u00a0\u00bbcustom-line-height\u00a0\u00bb css=\u00a0\u00bb.vc_custom_1647697168335{margin-bottom: 10px !important;}\u00a0\u00bb]<\/p>\n<div class=\"small-body\"><a href=\"\/fr\/eau-pure-islande\/\">Du glacier au verre<\/a><\/div>\n<p>[\/vc_column_text][vc_column_text el_class=\u00a0\u00bbcustom-line-height\u00a0\u00bb css=\u00a0\u00bb.vc_custom_1647697179653{margin-bottom: 10px !important;}\u00a0\u00bb]<\/p>\n<div class=\"small-body\"><a href=\"\/fr\/eau-islande-eco\/\">Emballage intelligent et garantie \u00e9cologique<\/a><\/div>\n<p>[\/vc_column_text][\/vc_column_inner][vc_column_inner width=\u00a0\u00bb1\/2&Prime;][vc_column_text el_class=\u00a0\u00bbcustom-line-height\u00a0\u00bb css=\u00a0\u00bb.vc_custom_1647697192121{margin-bottom: 10px !important;}\u00a0\u00bb]<\/p>\n<div class=\"small-body\"><a href=\"https:\/\/www.lifjalla.be\/fr\/blog-de-leau-de-boisson\/\">Blog<\/a><\/div>\n<p>[\/vc_column_text][vc_column_text el_class=\u00a0\u00bbcustom-line-height\u00a0\u00bb css=\u00a0\u00bb.vc_custom_1647697201905{margin-bottom: 10px !important;}\u00a0\u00bb]<\/p>\n<div class=\"small-body\"><a href=\"https:\/\/www.lifjalla.be\/fr\/tournee-minerale\/\">Tourn\u00e9e Min\u00e9rale<\/a><\/div>\n<p>[\/vc_column_text][vc_column_text el_class=\u00a0\u00bbcustom-line-height\u00a0\u00bb css=\u00a0\u00bb.vc_custom_1647697212635{margin-bottom: 10px !important;}\u00a0\u00bb]<\/p>\n<div class=\"small-body\"><a href=\"https:\/\/www.lifjalla.be\/fr\/dictionnaire-de-leau-de-boisson\/\">Dictionnaire de l&rsquo;eau de boisson<\/a><\/div>\n<p>[\/vc_column_text][vc_column_text el_class=\u00a0\u00bbcustom-line-height\u00a0\u00bb css=\u00a0\u00bb.vc_custom_1647697223202{margin-bottom: 10px !important;}\u00a0\u00bb]<\/p>\n<div class=\"small-body\"><a href=\"https:\/\/www.lifjalla.be\/fr\/la-vitrine-a-trophees-de-lifjalla\/\">La vitrine \u00e0 troph\u00e9es de Lifjalla<\/a><\/div>\n<p>[\/vc_column_text][vc_column_text el_class=\u00a0\u00bbcustom-line-height\u00a0\u00bb css=\u00a0\u00bb.vc_custom_1647697234158{margin-bottom: 10px !important;}\u00a0\u00bb]<\/p>\n<div class=\"small-body\"><a href=\"https:\/\/www.lifjalla.be\/fr\/contact\/\">Contact<\/a><\/div>\n<p>[\/vc_column_text][\/vc_column_inner][\/vc_row_inner]<div class=\"clearboth\"><\/div><style>#thegem-divider-69fb3535d6cfb {margin-bottom: 30px !important;}<\/style><div id=\"thegem-divider-69fb3535d6cfb\" class=\"gem-divider  \" style=\"\" ><\/div>[\/vc_column][\/vc_row]<\/p>\n<\/div>","protected":false},"excerpt":{"rendered":"<p>[vc_row full_width=\u00a0\u00bbstretch_row\u00a0\u00bb equal_height=\u00a0\u00bbyes\u00a0\u00bb css=\u00a0\u00bb.vc_custom_1514376367963{margin-bottom: 0px !important;}\u00a0\u00bb][vc_column offset=\u00a0\u00bbvc_col-lg-8 vc_col-md-7&Prime;][vc_column_text css_animation=\u00a0\u00bbbottom-to-top\u00a0\u00bb] De l&rsquo;eau pure de la source \u00e0 votre verre [\/vc_column_text][vc_column_text css_animation=\u00a0\u00bbbottom-to-top\u00a0\u00bb]&#8230;<\/p>\n","protected":false},"author":15,"featured_media":0,"parent":0,"menu_order":0,"comment_status":"closed","ping_status":"closed","template":"","meta":{"footnotes":""},"class_list":["post-5892","page","type-page","status-publish"],"_links":{"self":[{"href":"https:\/\/www.lifjalla.be\/fr\/wp-json\/wp\/v2\/pages\/5892","targetHints":{"allow":["GET"]}}],"collection":[{"href":"https:\/\/www.lifjalla.be\/fr\/wp-json\/wp\/v2\/pages"}],"about":[{"href":"https:\/\/www.lifjalla.be\/fr\/wp-json\/wp\/v2\/types\/page"}],"author":[{"embeddable":true,"href":"https:\/\/www.lifjalla.be\/fr\/wp-json\/wp\/v2\/users\/15"}],"replies":[{"embeddable":true,"href":"https:\/\/www.lifjalla.be\/fr\/wp-json\/wp\/v2\/comments?post=5892"}],"version-history":[{"count":5,"href":"https:\/\/www.lifjalla.be\/fr\/wp-json\/wp\/v2\/pages\/5892\/revisions"}],"predecessor-version":[{"id":5900,"href":"https:\/\/www.lifjalla.be\/fr\/wp-json\/wp\/v2\/pages\/5892\/revisions\/5900"}],"wp:attachment":[{"href":"https:\/\/www.lifjalla.be\/fr\/wp-json\/wp\/v2\/media?parent=5892"}],"curies":[{"name":"wp","href":"https:\/\/api.w.org\/{rel}","templated":true}]}}